{"id":527,"date":"2021-03-01T16:35:55","date_gmt":"2021-03-01T16:35:55","guid":{"rendered":"http:\/\/humanidades.uprrp.edu\/prei\/?page_id=527"},"modified":"2024-02-16T14:32:56","modified_gmt":"2024-02-16T14:32:56","slug":"conmemoracion-40-anos","status":"publish","type":"page","link":"https:\/\/humanidades.uprrp.edu\/prei\/?page_id=527","title":{"rendered":"Conmemoraci\u00f3n 40 a\u00f1os"},"content":{"rendered":"<p style=\"text-align: justify;\">La <a href=\"https:\/\/drive.google.com\/file\/d\/1Bf-h7H9hzTgEOJwlncLM9LxydvWD_sGy\/view?usp=sharing\">Celebraci\u00f3n del 40 aniversario del PREI<\/a> tuvo lugar el jueves, 23 de mayo de 2019 a las 5:30 de la tarde, en la oficina del PREI, tercer piso del edificio Antonio S. Pedreira en la Facultad de Humanidades. Era nuestra intenci\u00f3n no solo celebrar sus a\u00f1os de existencia sino tambi\u00e9n recuperar y reentablar comunicaci\u00f3n con nuestro distinguido grupo de egresadxs, que tanto nos enorgullece. En la celebraci\u00f3n hubo entremeses y cena por invitaci\u00f3n de su profesorado de plantilla, lxs doctores Dorian Lugo, Mareia Quintero y Pedro Reina. Adem\u00e1s, hubo m\u00fasica, proyecci\u00f3n en bucle de im\u00e1genes hist\u00f3ricas y decoraci\u00f3n tematizada.<\/p>\n<p style=\"text-align: justify;\">Para el agasajo, se ide\u00f3 una decoraci\u00f3n tem\u00e1tica, en torno a lo sideral\/estelar, pues son lxs egresadxs del PREI nuestras estrellas iluminadoras y destacadas. Agradecemos a las estudiantes graduadas Astrid Santiago Repollet y Patricia Vel\u00e1zquez Delgado<b> <\/b>quienes tuvieron a su cargo la decoraci\u00f3n y asumieron m\u00faltiples tareas de coordinaci\u00f3n.<\/p>\n<p style=\"text-align: justify;\">La actividad fue concurrida y la velada memorable y conmovedora, pues cont\u00f3 con la presencia de nuestro invitado de honor, el doctor Jos\u00e9 A. P\u00e9rez Ruiz, primer director del BEI desde 1978, encarnaci\u00f3n anterior del PREI. Sumado a ello, hubo oportunidad de cederle la palabra a lxs egresadas, para que relataran lo significativa que fue su formaci\u00f3n en nuestra disciplina.<\/p>\n<p style=\"text-align: justify;\">\u00a1Que viva muchos a\u00f1os m\u00e1s el PREI!<\/p>\n<p style=\"text-align: justify;\"><\/p>\n\n<div class=\"wp-block-image\">\n<figure class=\"aligncenter size-full\"><a href=\"https:\/\/humanidades.uprrp.edu\/prei\/wp-content\/uploads\/2024\/02\/Invitacion-40-Aniversario-PREI-Oficial.jpg\"><img loading=\"lazy\" decoding=\"async\" width=\"530\" height=\"530\" src=\"https:\/\/humanidades.uprrp.edu\/prei\/wp-content\/uploads\/2024\/02\/Invitacion-40-Aniversario-PREI-Oficial.jpg\" alt=\"\" class=\"wp-image-662\" srcset=\"https:\/\/humanidades.uprrp.edu\/prei\/wp-content\/uploads\/2024\/02\/Invitacion-40-Aniversario-PREI-Oficial.jpg 530w, https:\/\/humanidades.uprrp.edu\/prei\/wp-content\/uploads\/2024\/02\/Invitacion-40-Aniversario-PREI-Oficial-300x300.jpg 300w, https:\/\/humanidades.uprrp.edu\/prei\/wp-content\/uploads\/2024\/02\/Invitacion-40-Aniversario-PREI-Oficial-150x150.jpg 150w, https:\/\/humanidades.uprrp.edu\/prei\/wp-content\/uploads\/2024\/02\/Invitacion-40-Aniversario-PREI-Oficial-332x332.jpg 332w, https:\/\/humanidades.uprrp.edu\/prei\/wp-content\/uploads\/2024\/02\/Invitacion-40-Aniversario-PREI-Oficial-432x432.jpg 432w, https:\/\/humanidades.uprrp.edu\/prei\/wp-content\/uploads\/2024\/02\/Invitacion-40-Aniversario-PREI-Oficial-268x268.jpg 268w\" sizes=\"auto, (max-width: 530px) 100vw, 530px\" \/><\/a><\/figure>\n<\/div>\n\n\n<figure class=\"wp-block-gallery has-nested-images columns-default is-cropped wp-block-gallery-1 is-layout-flex wp-block-gallery-is-layout-flex\">\n<figure class=\"wp-block-image size-large\"><a href=\"https:\/\/humanidades.uprrp.edu\/prei\/wp-content\/uploads\/2024\/02\/81cf73de-42fc-4f45-bef8-b4265a01cafa.jpg\"><img loading=\"lazy\" decoding=\"async\" width=\"1024\" height=\"768\" data-id=\"660\" src=\"https:\/\/humanidades.uprrp.edu\/prei\/wp-content\/uploads\/2024\/02\/81cf73de-42fc-4f45-bef8-b4265a01cafa-1024x768.jpg\" alt=\"\" class=\"wp-image-660\" srcset=\"https:\/\/humanidades.uprrp.edu\/prei\/wp-content\/uploads\/2024\/02\/81cf73de-42fc-4f45-bef8-b4265a01cafa-1024x768.jpg 1024w, https:\/\/humanidades.uprrp.edu\/prei\/wp-content\/uploads\/2024\/02\/81cf73de-42fc-4f45-bef8-b4265a01cafa-300x225.jpg 300w, https:\/\/humanidades.uprrp.edu\/prei\/wp-content\/uploads\/2024\/02\/81cf73de-42fc-4f45-bef8-b4265a01cafa-768x576.jpg 768w, https:\/\/humanidades.uprrp.edu\/prei\/wp-content\/uploads\/2024\/02\/81cf73de-42fc-4f45-bef8-b4265a01cafa-1536x1152.jpg 1536w, https:\/\/humanidades.uprrp.edu\/prei\/wp-content\/uploads\/2024\/02\/81cf73de-42fc-4f45-bef8-b4265a01cafa-700x525.jpg 700w, https:\/\/humanidades.uprrp.edu\/prei\/wp-content\/uploads\/2024\/02\/81cf73de-42fc-4f45-bef8-b4265a01cafa-332x249.jpg 332w, https:\/\/humanidades.uprrp.edu\/prei\/wp-content\/uploads\/2024\/02\/81cf73de-42fc-4f45-bef8-b4265a01cafa.jpg 1600w\" sizes=\"auto, (max-width: 1024px) 100vw, 1024px\" \/><\/a><\/figure>\n\n\n\n<figure class=\"wp-block-image size-large\"><a href=\"https:\/\/humanidades.uprrp.edu\/prei\/wp-content\/uploads\/2024\/02\/11f877ac-a5f6-42cb-925d-96696a1b7417.jpg\"><img loading=\"lazy\" decoding=\"async\" width=\"1024\" height=\"768\" data-id=\"659\" src=\"https:\/\/humanidades.uprrp.edu\/prei\/wp-content\/uploads\/2024\/02\/11f877ac-a5f6-42cb-925d-96696a1b7417-1024x768.jpg\" alt=\"\" class=\"wp-image-659\" srcset=\"https:\/\/humanidades.uprrp.edu\/prei\/wp-content\/uploads\/2024\/02\/11f877ac-a5f6-42cb-925d-96696a1b7417-1024x768.jpg 1024w, https:\/\/humanidades.uprrp.edu\/prei\/wp-content\/uploads\/2024\/02\/11f877ac-a5f6-42cb-925d-96696a1b7417-300x225.jpg 300w, https:\/\/humanidades.uprrp.edu\/prei\/wp-content\/uploads\/2024\/02\/11f877ac-a5f6-42cb-925d-96696a1b7417-768x576.jpg 768w, https:\/\/humanidades.uprrp.edu\/prei\/wp-content\/uploads\/2024\/02\/11f877ac-a5f6-42cb-925d-96696a1b7417-1536x1152.jpg 1536w, https:\/\/humanidades.uprrp.edu\/prei\/wp-content\/uploads\/2024\/02\/11f877ac-a5f6-42cb-925d-96696a1b7417-700x525.jpg 700w, https:\/\/humanidades.uprrp.edu\/prei\/wp-content\/uploads\/2024\/02\/11f877ac-a5f6-42cb-925d-96696a1b7417-332x249.jpg 332w, https:\/\/humanidades.uprrp.edu\/prei\/wp-content\/uploads\/2024\/02\/11f877ac-a5f6-42cb-925d-96696a1b7417.jpg 1600w\" sizes=\"auto, (max-width: 1024px) 100vw, 1024px\" \/><\/a><\/figure>\n\n\n\n<figure class=\"wp-block-image size-large\"><a href=\"https:\/\/humanidades.uprrp.edu\/prei\/wp-content\/uploads\/2024\/02\/4c4d31ec-366e-4303-a196-4fc44e581934.jpg\"><img loading=\"lazy\" decoding=\"async\" width=\"1024\" height=\"768\" data-id=\"658\" src=\"https:\/\/humanidades.uprrp.edu\/prei\/wp-content\/uploads\/2024\/02\/4c4d31ec-366e-4303-a196-4fc44e581934-1024x768.jpg\" alt=\"\" class=\"wp-image-658\" srcset=\"https:\/\/humanidades.uprrp.edu\/prei\/wp-content\/uploads\/2024\/02\/4c4d31ec-366e-4303-a196-4fc44e581934-1024x768.jpg 1024w, https:\/\/humanidades.uprrp.edu\/prei\/wp-content\/uploads\/2024\/02\/4c4d31ec-366e-4303-a196-4fc44e581934-300x225.jpg 300w, https:\/\/humanidades.uprrp.edu\/prei\/wp-content\/uploads\/2024\/02\/4c4d31ec-366e-4303-a196-4fc44e581934-768x576.jpg 768w, https:\/\/humanidades.uprrp.edu\/prei\/wp-content\/uploads\/2024\/02\/4c4d31ec-366e-4303-a196-4fc44e581934-1536x1152.jpg 1536w, https:\/\/humanidades.uprrp.edu\/prei\/wp-content\/uploads\/2024\/02\/4c4d31ec-366e-4303-a196-4fc44e581934-700x525.jpg 700w, https:\/\/humanidades.uprrp.edu\/prei\/wp-content\/uploads\/2024\/02\/4c4d31ec-366e-4303-a196-4fc44e581934-332x249.jpg 332w, https:\/\/humanidades.uprrp.edu\/prei\/wp-content\/uploads\/2024\/02\/4c4d31ec-366e-4303-a196-4fc44e581934.jpg 1600w\" sizes=\"auto, (max-width: 1024px) 100vw, 1024px\" \/><\/a><\/figure>\n\n\n\n<figure class=\"wp-block-image size-large\"><a href=\"https:\/\/humanidades.uprrp.edu\/prei\/wp-content\/uploads\/2024\/02\/3ccc4c10-ad85-41e1-834b-1de85a0c496a.jpg\"><img loading=\"lazy\" decoding=\"async\" width=\"1024\" height=\"768\" data-id=\"657\" src=\"https:\/\/humanidades.uprrp.edu\/prei\/wp-content\/uploads\/2024\/02\/3ccc4c10-ad85-41e1-834b-1de85a0c496a-1024x768.jpg\" alt=\"\" class=\"wp-image-657\" srcset=\"https:\/\/humanidades.uprrp.edu\/prei\/wp-content\/uploads\/2024\/02\/3ccc4c10-ad85-41e1-834b-1de85a0c496a-1024x768.jpg 1024w, https:\/\/humanidades.uprrp.edu\/prei\/wp-content\/uploads\/2024\/02\/3ccc4c10-ad85-41e1-834b-1de85a0c496a-300x225.jpg 300w, https:\/\/humanidades.uprrp.edu\/prei\/wp-content\/uploads\/2024\/02\/3ccc4c10-ad85-41e1-834b-1de85a0c496a-768x576.jpg 768w, https:\/\/humanidades.uprrp.edu\/prei\/wp-content\/uploads\/2024\/02\/3ccc4c10-ad85-41e1-834b-1de85a0c496a-1536x1152.jpg 1536w, https:\/\/humanidades.uprrp.edu\/prei\/wp-content\/uploads\/2024\/02\/3ccc4c10-ad85-41e1-834b-1de85a0c496a-700x525.jpg 700w, https:\/\/humanidades.uprrp.edu\/prei\/wp-content\/uploads\/2024\/02\/3ccc4c10-ad85-41e1-834b-1de85a0c496a-332x249.jpg 332w, https:\/\/humanidades.uprrp.edu\/prei\/wp-content\/uploads\/2024\/02\/3ccc4c10-ad85-41e1-834b-1de85a0c496a.jpg 1600w\" sizes=\"auto, (max-width: 1024px) 100vw, 1024px\" \/><\/a><\/figure>\n\n\n\n<figure class=\"wp-block-image size-large\"><a href=\"https:\/\/humanidades.uprrp.edu\/prei\/wp-content\/uploads\/2024\/02\/98590530-4ead-496f-bb04-10c16aff0b7c.jpg\"><img loading=\"lazy\" decoding=\"async\" width=\"1024\" height=\"768\" data-id=\"656\" src=\"https:\/\/humanidades.uprrp.edu\/prei\/wp-content\/uploads\/2024\/02\/98590530-4ead-496f-bb04-10c16aff0b7c-1024x768.jpg\" alt=\"\" class=\"wp-image-656\" srcset=\"https:\/\/humanidades.uprrp.edu\/prei\/wp-content\/uploads\/2024\/02\/98590530-4ead-496f-bb04-10c16aff0b7c-1024x768.jpg 1024w, https:\/\/humanidades.uprrp.edu\/prei\/wp-content\/uploads\/2024\/02\/98590530-4ead-496f-bb04-10c16aff0b7c-300x225.jpg 300w, https:\/\/humanidades.uprrp.edu\/prei\/wp-content\/uploads\/2024\/02\/98590530-4ead-496f-bb04-10c16aff0b7c-768x576.jpg 768w, https:\/\/humanidades.uprrp.edu\/prei\/wp-content\/uploads\/2024\/02\/98590530-4ead-496f-bb04-10c16aff0b7c-1536x1152.jpg 1536w, https:\/\/humanidades.uprrp.edu\/prei\/wp-content\/uploads\/2024\/02\/98590530-4ead-496f-bb04-10c16aff0b7c-700x525.jpg 700w, https:\/\/humanidades.uprrp.edu\/prei\/wp-content\/uploads\/2024\/02\/98590530-4ead-496f-bb04-10c16aff0b7c-332x249.jpg 332w, https:\/\/humanidades.uprrp.edu\/prei\/wp-content\/uploads\/2024\/02\/98590530-4ead-496f-bb04-10c16aff0b7c.jpg 1600w\" sizes=\"auto, (max-width: 1024px) 100vw, 1024px\" \/><\/a><\/figure>\n\n\n\n<figure class=\"wp-block-image size-large\"><a href=\"https:\/\/humanidades.uprrp.edu\/prei\/wp-content\/uploads\/2024\/02\/fe2819f3-eceb-4b7e-8f6c-f69aed49e04c.jpg\"><img loading=\"lazy\" decoding=\"async\" width=\"1024\" height=\"768\" data-id=\"655\" src=\"https:\/\/humanidades.uprrp.edu\/prei\/wp-content\/uploads\/2024\/02\/fe2819f3-eceb-4b7e-8f6c-f69aed49e04c-1024x768.jpg\" alt=\"\" class=\"wp-image-655\" srcset=\"https:\/\/humanidades.uprrp.edu\/prei\/wp-content\/uploads\/2024\/02\/fe2819f3-eceb-4b7e-8f6c-f69aed49e04c-1024x768.jpg 1024w, https:\/\/humanidades.uprrp.edu\/prei\/wp-content\/uploads\/2024\/02\/fe2819f3-eceb-4b7e-8f6c-f69aed49e04c-300x225.jpg 300w, https:\/\/humanidades.uprrp.edu\/prei\/wp-content\/uploads\/2024\/02\/fe2819f3-eceb-4b7e-8f6c-f69aed49e04c-768x576.jpg 768w, https:\/\/humanidades.uprrp.edu\/prei\/wp-content\/uploads\/2024\/02\/fe2819f3-eceb-4b7e-8f6c-f69aed49e04c-1536x1152.jpg 1536w, https:\/\/humanidades.uprrp.edu\/prei\/wp-content\/uploads\/2024\/02\/fe2819f3-eceb-4b7e-8f6c-f69aed49e04c-700x525.jpg 700w, https:\/\/humanidades.uprrp.edu\/prei\/wp-content\/uploads\/2024\/02\/fe2819f3-eceb-4b7e-8f6c-f69aed49e04c-332x249.jpg 332w, https:\/\/humanidades.uprrp.edu\/prei\/wp-content\/uploads\/2024\/02\/fe2819f3-eceb-4b7e-8f6c-f69aed49e04c.jpg 1600w\" sizes=\"auto, (max-width: 1024px) 100vw, 1024px\" \/><\/a><\/figure>\n<\/figure>\n\n\n\n<figure class=\"wp-block-embed is-type-video is-provider-youtube wp-block-embed-youtube wp-embed-aspect-16-9 wp-has-aspect-ratio\"><div class=\"wp-block-embed__wrapper\">\n<iframe loading=\"lazy\" title=\"Celebraci\u00f3n 40 Aniversario Programa de Estudios Interdisciplinarios -  3\" width=\"660\" height=\"371\" src=\"https:\/\/www.youtube.com\/embed\/j_LhOofxlPI?feature=oembed\" frameborder=\"0\" allow=\"accelerometer; autoplay; clipboard-write; encrypted-media; gyroscope; picture-in-picture; web-share\" referrerpolicy=\"strict-origin-when-cross-origin\" allowfullscreen><\/iframe>\n<\/div><\/figure>\n\n\n\n<figure class=\"wp-block-embed is-type-video is-provider-youtube wp-block-embed-youtube wp-embed-aspect-16-9 wp-has-aspect-ratio\"><div class=\"wp-block-embed__wrapper\">\n<iframe loading=\"lazy\" title=\"Celebracion 40 Aniversario Programa de Estudios Interdisciplinarios - 1\" width=\"660\" height=\"371\" src=\"https:\/\/www.youtube.com\/embed\/9JVxS8Ou7xc?feature=oembed\" frameborder=\"0\" allow=\"accelerometer; autoplay; clipboard-write; encrypted-media; gyroscope; picture-in-picture; web-share\" referrerpolicy=\"strict-origin-when-cross-origin\" allowfullscreen><\/iframe>\n<\/div><\/figure>\n\n\n\n<figure class=\"wp-block-embed is-type-video is-provider-youtube wp-block-embed-youtube wp-embed-aspect-16-9 wp-has-aspect-ratio\"><div class=\"wp-block-embed__wrapper\">\n<iframe loading=\"lazy\" title=\"Celebraci\u00f3n 40 Aniversario Programa de Estudios Interdisciplinarios - 2\" width=\"660\" height=\"371\" src=\"https:\/\/www.youtube.com\/embed\/I8rcCGWSep8?feature=oembed\" frameborder=\"0\" allow=\"accelerometer; autoplay; clipboard-write; encrypted-media; gyroscope; picture-in-picture; web-share\" referrerpolicy=\"strict-origin-when-cross-origin\" allowfullscreen><\/iframe>\n<\/div><\/figure>\n\n\n\n<figure class=\"wp-block-embed is-type-video is-provider-youtube wp-block-embed-youtube wp-embed-aspect-16-9 wp-has-aspect-ratio\"><div class=\"wp-block-embed__wrapper\">\n<iframe loading=\"lazy\" title=\"Celebraci\u00f3n 40 Aniversario Programa de Estudios Interdisciplinarios -  4\" width=\"660\" height=\"371\" src=\"https:\/\/www.youtube.com\/embed\/KWFn_tkJ7aM?feature=oembed\" frameborder=\"0\" allow=\"accelerometer; autoplay; clipboard-write; encrypted-media; gyroscope; picture-in-picture; web-share\" referrerpolicy=\"strict-origin-when-cross-origin\" allowfullscreen><\/iframe>\n<\/div><\/figure>\n","protected":false},"excerpt":{"rendered":"<p>La Celebraci\u00f3n del 40 aniversario del PREI tuvo lugar el jueves, 23 de mayo de 2019 a las 5:30 de la tarde, en la oficina del PREI, tercer piso del edificio Antonio S. Pedreira en la Facultad de Humanidades. Era nuestra intenci\u00f3n no solo celebrar sus a\u00f1os de existencia sino &#8230;<\/p>\n","protected":false},"author":3,"featured_media":0,"parent":0,"menu_order":0,"comment_status":"closed","ping_status":"closed","template":"","meta":{"footnotes":""},"class_list":["post-527","page","type-page","status-publish","hentry","column","twocol"],"_links":{"self":[{"href":"https:\/\/humanidades.uprrp.edu\/prei\/index.php?rest_route=\/wp\/v2\/pages\/527","targetHints":{"allow":["GET"]}}],"collection":[{"href":"https:\/\/humanidades.uprrp.edu\/prei\/index.php?rest_route=\/wp\/v2\/pages"}],"about":[{"href":"https:\/\/humanidades.uprrp.edu\/prei\/index.php?rest_route=\/wp\/v2\/types\/page"}],"author":[{"embeddable":true,"href":"https:\/\/humanidades.uprrp.edu\/prei\/index.php?rest_route=\/wp\/v2\/users\/3"}],"replies":[{"embeddable":true,"href":"https:\/\/humanidades.uprrp.edu\/prei\/index.php?rest_route=%2Fwp%2Fv2%2Fcomments&post=527"}],"version-history":[{"count":9,"href":"https:\/\/humanidades.uprrp.edu\/prei\/index.php?rest_route=\/wp\/v2\/pages\/527\/revisions"}],"predecessor-version":[{"id":692,"href":"https:\/\/humanidades.uprrp.edu\/prei\/index.php?rest_route=\/wp\/v2\/pages\/527\/revisions\/692"}],"wp:attachment":[{"href":"https:\/\/humanidades.uprrp.edu\/prei\/index.php?rest_route=%2Fwp%2Fv2%2Fmedia&parent=527"}],"curies":[{"name":"wp","href":"https:\/\/api.w.org\/{rel}","templated":true}]}}