{"id":525,"date":"2021-03-01T16:35:35","date_gmt":"2021-03-01T16:35:35","guid":{"rendered":"http:\/\/humanidades.uprrp.edu\/prei\/?page_id=525"},"modified":"2024-02-16T13:11:22","modified_gmt":"2024-02-16T13:11:22","slug":"proyectos-de-los-cursos","status":"publish","type":"page","link":"https:\/\/humanidades.uprrp.edu\/prei\/?page_id=525","title":{"rendered":"Proyectos de los cursos"},"content":{"rendered":"\n<p class=\"has-medium-font-size\"><em>Entre otros:<\/em><\/p>\n\n\n<p><a href=\"https:\/\/www.facebook.com\/Survivalkit2020\"><b>Survival Kit 2020: Cr\u00f3nicas para no perder la cordura <\/b><\/a><br \/>Este proyecto colectivo desarrollado en el curso Gesti\u00f3n de Proyectos Culturales tuvo como objetivo el compartir experiencias pand\u00e9micas y explorar nuevos modos de v\u00ednculo y acompa\u00f1amiento ante el contexto de confinamiento. Incluy\u00f3 una programaci\u00f3n virtual de una semana, con talleres de escritura, conversatorios, proyecci\u00f3n de un cortometraje y open-mic, as\u00ed como una publicaci\u00f3n digital titulada entre otros: &#8220;<i>Lo que el 2020 no te dijo&#8221;. <\/i><\/p>","protected":false},"excerpt":{"rendered":"<p>Entre otros: Survival Kit 2020: Cr\u00f3nicas para no perder la cordura Este proyecto colectivo desarrollado en el curso Gesti\u00f3n de Proyectos Culturales tuvo como objetivo el compartir experiencias pand\u00e9micas y explorar nuevos modos de v\u00ednculo y acompa\u00f1amiento ante el contexto de confinamiento. Incluy\u00f3 una programaci\u00f3n virtual de una semana, con &#8230;<\/p>\n","protected":false},"author":3,"featured_media":0,"parent":0,"menu_order":0,"comment_status":"closed","ping_status":"closed","template":"","meta":{"footnotes":""},"class_list":["post-525","page","type-page","status-publish","hentry","column","twocol"],"_links":{"self":[{"href":"https:\/\/humanidades.uprrp.edu\/prei\/index.php?rest_route=\/wp\/v2\/pages\/525","targetHints":{"allow":["GET"]}}],"collection":[{"href":"https:\/\/humanidades.uprrp.edu\/prei\/index.php?rest_route=\/wp\/v2\/pages"}],"about":[{"href":"https:\/\/humanidades.uprrp.edu\/prei\/index.php?rest_route=\/wp\/v2\/types\/page"}],"author":[{"embeddable":true,"href":"https:\/\/humanidades.uprrp.edu\/prei\/index.php?rest_route=\/wp\/v2\/users\/3"}],"replies":[{"embeddable":true,"href":"https:\/\/humanidades.uprrp.edu\/prei\/index.php?rest_route=%2Fwp%2Fv2%2Fcomments&post=525"}],"version-history":[{"count":6,"href":"https:\/\/humanidades.uprrp.edu\/prei\/index.php?rest_route=\/wp\/v2\/pages\/525\/revisions"}],"predecessor-version":[{"id":652,"href":"https:\/\/humanidades.uprrp.edu\/prei\/index.php?rest_route=\/wp\/v2\/pages\/525\/revisions\/652"}],"wp:attachment":[{"href":"https:\/\/humanidades.uprrp.edu\/prei\/index.php?rest_route=%2Fwp%2Fv2%2Fmedia&parent=525"}],"curies":[{"name":"wp","href":"https:\/\/api.w.org\/{rel}","templated":true}]}}