{"id":519,"date":"2021-03-01T16:32:26","date_gmt":"2021-03-01T16:32:26","guid":{"rendered":"http:\/\/humanidades.uprrp.edu\/prei\/?page_id=519"},"modified":"2024-02-16T12:56:39","modified_gmt":"2024-02-16T12:56:39","slug":"grado-conjunto-con-escuela-de-derecho","status":"publish","type":"page","link":"https:\/\/humanidades.uprrp.edu\/prei\/?page_id=519","title":{"rendered":"Grado conjunto con Escuela de Derecho"},"content":{"rendered":"<p style=\"text-align: justify;\">Esta modalidad acelerada (3+3) para el \u00e1rea de \u00e9nfasis en Estudios Prejur\u00eddicos permite a estudiantes previamente cualificados solicitar admisi\u00f3n a la Escuela de Derecho en su 6to semestre y completar su 7mo semestre de bachillerato con cursos de primer a\u00f1o en Derecho. De esta manera, posibilita que lxs estudiantes completen ambos grados (BA y Juris Doctor) en seis a\u00f1os, siempre y cuando cumplan una estricta secuencia curricular al nivel de bachillerato.<\/p>\n\n\n<p>Si interesa dicha modalidad, favor consultar con la direcci\u00f3n del PREI\u00a0<\/p>\n","protected":false},"excerpt":{"rendered":"<p>Esta modalidad acelerada (3+3) para el \u00e1rea de \u00e9nfasis en Estudios Prejur\u00eddicos permite a estudiantes previamente cualificados solicitar admisi\u00f3n a la Escuela de Derecho en su 6to semestre y completar su 7mo semestre de bachillerato con cursos de primer a\u00f1o en Derecho. De esta manera, posibilita que lxs estudiantes completen &#8230;<\/p>\n","protected":false},"author":3,"featured_media":0,"parent":0,"menu_order":0,"comment_status":"closed","ping_status":"closed","template":"","meta":{"footnotes":""},"class_list":["post-519","page","type-page","status-publish","hentry","column","twocol"],"_links":{"self":[{"href":"https:\/\/humanidades.uprrp.edu\/prei\/index.php?rest_route=\/wp\/v2\/pages\/519","targetHints":{"allow":["GET"]}}],"collection":[{"href":"https:\/\/humanidades.uprrp.edu\/prei\/index.php?rest_route=\/wp\/v2\/pages"}],"about":[{"href":"https:\/\/humanidades.uprrp.edu\/prei\/index.php?rest_route=\/wp\/v2\/types\/page"}],"author":[{"embeddable":true,"href":"https:\/\/humanidades.uprrp.edu\/prei\/index.php?rest_route=\/wp\/v2\/users\/3"}],"replies":[{"embeddable":true,"href":"https:\/\/humanidades.uprrp.edu\/prei\/index.php?rest_route=%2Fwp%2Fv2%2Fcomments&post=519"}],"version-history":[{"count":3,"href":"https:\/\/humanidades.uprrp.edu\/prei\/index.php?rest_route=\/wp\/v2\/pages\/519\/revisions"}],"predecessor-version":[{"id":645,"href":"https:\/\/humanidades.uprrp.edu\/prei\/index.php?rest_route=\/wp\/v2\/pages\/519\/revisions\/645"}],"wp:attachment":[{"href":"https:\/\/humanidades.uprrp.edu\/prei\/index.php?rest_route=%2Fwp%2Fv2%2Fmedia&parent=519"}],"curies":[{"name":"wp","href":"https:\/\/api.w.org\/{rel}","templated":true}]}}