{"id":508,"date":"2022-10-28T15:19:53","date_gmt":"2022-10-28T15:19:53","guid":{"rendered":"http:\/\/humanidades.uprrp.edu\/prei\/?page_id=508"},"modified":"2025-10-24T18:16:26","modified_gmt":"2025-10-24T18:16:26","slug":"internados","status":"publish","type":"page","link":"https:\/\/humanidades.uprrp.edu\/prei\/?page_id=508","title":{"rendered":"Internados"},"content":{"rendered":"<p><strong>Banco de Instituciones para Internados PREI (2025)<\/strong><\/p>\n<ol>\n<li>Revista Caribbean Studies<\/li>\n<li>Di\u00e1logo Digital<\/li>\n<li>Semanario Claridad<\/li>\n<li>Festival de la Palabra<\/li>\n<li>Agrochic<\/li>\n<li>80grados<\/li>\n<li>Libros AC<\/li>\n<li>Fundaci\u00f3n Puertorrique\u00f1a de las Humanidades<\/li>\n<li>Academia Puertorrique\u00f1a de la Lengua Espa\u00f1ola<\/li>\n<li>Ediciones Callej\u00f3n<\/li>\n<li>La Calle Lo\u00edza<\/li>\n<li>La Impresora<\/li>\n<li>El Post Antillano<\/li>\n<li>Centro de Periodismo Investigativo<\/li>\n<li>Her Campus Media<\/li>\n<li>Librer\u00eda La Esquina R\u00edo Piedras<\/li>\n<li>Librer\u00eda y proyecto editorial Casa Norberto<\/li>\n<li>Centro de Documentaci\u00f3n de las Humanidades Jos\u00e9 Emilio Gonz\u00e1lez<\/li>\n<li>Editorial de la Universidad de Puerto Rico<\/li>\n<li>Librer\u00eda Bajo de un \u00e1rbol de Carambola<\/li>\n<li>Coop-libri Editorial<\/li>\n<li>Museo de Arte de Puerto Rico<\/li>\n<li>Museo de Historia, Antropolog\u00eda y Arte UPRRP<\/li>\n<li>Museo de Arte Contempor\u00e1neo de Puerto Rico<\/li>\n<li>Programa de Bachillerato en Estudios Interdisciplinarios<\/li>\n<li>Asuntos Ef\u00edmeros<\/li>\n<li>Departamento de Drama UPR<\/li>\n<li>Teatro Breve Inc.<\/li>\n<li>Y no hab\u00eda luz<\/li>\n<li>Alianza Francesa<\/li>\n<li>Escena Boricua<\/li>\n<li>Universia Puerto Rico<\/li>\n<li>Tranki Inc.<\/li>\n<li>Y entonces tango<\/li>\n<li>Casa de Cultura Ruth Hern\u00e1ndez Torres en R\u00edo Piedras<\/li>\n<li>Piso Proyecto<\/li>\n<li>Asociaci\u00f3n ACirc (Circofest)<\/li>\n<li>Buena Vibra<\/li>\n<li>Beta-Local<\/li>\n<li>Casa Cruz de la Luna<\/li>\n<li>Fundaci\u00f3n Flamboy\u00e1n<\/li>\n<li>Andanza<\/li>\n<li>RadioUniversidad<\/li>\n<li>Teatro UPR<\/li>\n<li>Para la Naturaleza<\/li>\n<li>Barrio El\u00e9ctrico<\/li>\n<li>Fundaci\u00f3n Luis Mu\u00f1oz Mar\u00edn<\/li>\n<li>Zapaterofilms<\/li>\n<li>Casa de Producci\u00f3n Luci\u00e9rnaga Morada<\/li>\n<li>Cl\u00ednica de Asistencia Legal, Escuela de Derecho UPR-RP<\/li>\n<li>Sindicato Puertorrique\u00f1o de Trabajadores y Trabajadoras<\/li>\n<li>Microjuris<\/li>\n<li>Asociaci\u00f3n Puertorrique\u00f1a de Profesores Universitarios<\/li>\n<li>Barrio El\u00e9ctrico<\/li>\n<\/ol>\n<p>Lxs estudiantes del PREI tambi\u00e9n pueden proponerle a su profesor\/a de curso una organizaci\u00f3n de su inter\u00e9s para auscultar si es posible llegar a un acuerdo con la misma para ofrecimiento de pasant\u00eda o pueden considerar alguna de las organizaciones que tienen acuerdo con la Maestr\u00eda en Gesti\u00f3n y Administraci\u00f3n Cultural.<\/p>\n<p>Para conocer las opciones acceda a:\u00a0<a href=\"http:\/\/humanidades.uprrp.edu\/magac\/?page_id=289\">http:\/\/humanidades.uprrp.edu\/magac\/?page_id=289<\/a>.<\/p>\n<p>Lxs estudiantes de Estudios Prejur\u00eddicos que deseen sustituir el curso\u00a0<strong>ESIN 4395\u00a0 Internado Interdisciplinario\u00a0<\/strong>por\u00a0<strong>ESIN 4012\u00a0 Internado en cl\u00ednica de asistencia legal\u00a0<\/strong>y su segunda parte optativa<strong>\u00a0ESIN 4013\u00a0 Internado en cl\u00ednica de asistencia legal<\/strong>, deber\u00e1n rellenar el formulario incluido en el enlace abajo una semana antes del comienzo de clases y hac\u00e9rselo llegar a la asistente administrativa, la Sra. Magdaly Pastrana.<\/p>\n<p><strong>ESIN 4395\u00a0 Internado Interdisciplinario\u00a0<\/strong>es para internados en bufetes, ONG, etc., de su inter\u00e9s;\u00a0<strong>ESIN 4395\u00a0 Internado Interdisciplinario\u00a0<\/strong>por\u00a0<strong>ESIN 4012\u00a0 Internado en cl\u00ednica de asistencia legal\u00a0<\/strong>y su segunda parte optativa<strong>\u00a0ESIN 4013\u00a0 Internado en cl\u00ednica de asistencia legal<\/strong>\u00a0es para internados en las cl\u00ednicas que ofrece la Escuela de Derecho de la UPR-RP.<\/p>\n","protected":false},"excerpt":{"rendered":"<p>Banco de Instituciones para Internados PREI (2025) Revista Caribbean Studies Di\u00e1logo Digital Semanario Claridad Festival de la Palabra Agrochic 80grados Libros AC Fundaci\u00f3n Puertorrique\u00f1a de las Humanidades Academia Puertorrique\u00f1a de la Lengua Espa\u00f1ola Ediciones Callej\u00f3n La Calle Lo\u00edza La Impresora El Post Antillano Centro de Periodismo Investigativo Her Campus Media &#8230;<\/p>\n","protected":false},"author":3,"featured_media":0,"parent":0,"menu_order":0,"comment_status":"closed","ping_status":"closed","template":"","meta":{"footnotes":""},"class_list":["post-508","page","type-page","status-publish","hentry","column","twocol"],"_links":{"self":[{"href":"https:\/\/humanidades.uprrp.edu\/prei\/index.php?rest_route=\/wp\/v2\/pages\/508","targetHints":{"allow":["GET"]}}],"collection":[{"href":"https:\/\/humanidades.uprrp.edu\/prei\/index.php?rest_route=\/wp\/v2\/pages"}],"about":[{"href":"https:\/\/humanidades.uprrp.edu\/prei\/index.php?rest_route=\/wp\/v2\/types\/page"}],"author":[{"embeddable":true,"href":"https:\/\/humanidades.uprrp.edu\/prei\/index.php?rest_route=\/wp\/v2\/users\/3"}],"replies":[{"embeddable":true,"href":"https:\/\/humanidades.uprrp.edu\/prei\/index.php?rest_route=%2Fwp%2Fv2%2Fcomments&post=508"}],"version-history":[{"count":3,"href":"https:\/\/humanidades.uprrp.edu\/prei\/index.php?rest_route=\/wp\/v2\/pages\/508\/revisions"}],"predecessor-version":[{"id":723,"href":"https:\/\/humanidades.uprrp.edu\/prei\/index.php?rest_route=\/wp\/v2\/pages\/508\/revisions\/723"}],"wp:attachment":[{"href":"https:\/\/humanidades.uprrp.edu\/prei\/index.php?rest_route=%2Fwp%2Fv2%2Fmedia&parent=508"}],"curies":[{"name":"wp","href":"https:\/\/api.w.org\/{rel}","templated":true}]}}