{"id":495,"date":"2019-06-24T14:45:04","date_gmt":"2019-06-24T14:45:04","guid":{"rendered":"http:\/\/humanidades.uprrp.edu\/prei\/?page_id=495"},"modified":"2022-10-28T14:58:53","modified_gmt":"2022-10-28T14:58:53","slug":"egresadxs","status":"publish","type":"page","link":"https:\/\/humanidades.uprrp.edu\/prei\/?page_id=495","title":{"rendered":"Egresadxs"},"content":{"rendered":"<p style=\"text-align: justify;\">A todx egresadx del PREI, e incluso BEI [Bachillerato en Estudios Interdisciplinarios], la encarnaci\u00f3n anterior del PREI, favor de hacerle llegar su direcci\u00f3n de correo electr\u00f3nico a la direcci\u00f3n del Programa, para conservar contacto con usted para actividades y dem\u00e1s. Recuerde que la alta gerencia inactiva su correo institucional,\u00a0<a href=\"http:\/\/upr.edu\/\" target=\"_blank\">upr.edu<\/a>, sobre el curso del tiempo, y que el PREI no tiene forma de conservar contacto con usted si no dispone de otro correo suyo que no sea el institucional. Quedaremos muy agradecidxs de conservar contacto con usted, pues ha sido y seguir\u00e1 siendo muy importante para el PREI. Esta fue y seguir\u00e1 siendo su casa.<\/p>\n<p style=\"text-align: center;\" align=\"center\"><b>Correo electr\u00f3nico<\/b>:\u00a0<a href=\"https:\/\/humanidades.uprrp.edu\/prei\/mail%20to:%20prei.rrp@upr.edu\">prei.rrp@upr.edu<\/a><\/p>\n<p style=\"text-align: justify;\">\n","protected":false},"excerpt":{"rendered":"<p>A todx egresadx del PREI, e incluso BEI [Bachillerato en Estudios Interdisciplinarios], la encarnaci\u00f3n anterior del PREI, favor de hacerle llegar su direcci\u00f3n de correo electr\u00f3nico a la direcci\u00f3n del Programa, para conservar contacto con usted para actividades y dem\u00e1s. Recuerde que la alta gerencia inactiva su correo institucional,\u00a0upr.edu, sobre &#8230;<\/p>\n","protected":false},"author":3,"featured_media":0,"parent":0,"menu_order":0,"comment_status":"closed","ping_status":"closed","template":"","meta":{"footnotes":""},"class_list":["post-495","page","type-page","status-publish","hentry","column","twocol"],"_links":{"self":[{"href":"https:\/\/humanidades.uprrp.edu\/prei\/index.php?rest_route=\/wp\/v2\/pages\/495","targetHints":{"allow":["GET"]}}],"collection":[{"href":"https:\/\/humanidades.uprrp.edu\/prei\/index.php?rest_route=\/wp\/v2\/pages"}],"about":[{"href":"https:\/\/humanidades.uprrp.edu\/prei\/index.php?rest_route=\/wp\/v2\/types\/page"}],"author":[{"embeddable":true,"href":"https:\/\/humanidades.uprrp.edu\/prei\/index.php?rest_route=\/wp\/v2\/users\/3"}],"replies":[{"embeddable":true,"href":"https:\/\/humanidades.uprrp.edu\/prei\/index.php?rest_route=%2Fwp%2Fv2%2Fcomments&post=495"}],"version-history":[{"count":2,"href":"https:\/\/humanidades.uprrp.edu\/prei\/index.php?rest_route=\/wp\/v2\/pages\/495\/revisions"}],"predecessor-version":[{"id":551,"href":"https:\/\/humanidades.uprrp.edu\/prei\/index.php?rest_route=\/wp\/v2\/pages\/495\/revisions\/551"}],"wp:attachment":[{"href":"https:\/\/humanidades.uprrp.edu\/prei\/index.php?rest_route=%2Fwp%2Fv2%2Fmedia&parent=495"}],"curies":[{"name":"wp","href":"https:\/\/api.w.org\/{rel}","templated":true}]}}