{"id":466,"date":"2019-02-06T18:02:31","date_gmt":"2019-02-06T18:02:31","guid":{"rendered":"http:\/\/humanidades.uprrp.edu\/prei\/?page_id=466"},"modified":"2022-10-28T15:22:54","modified_gmt":"2022-10-28T15:22:54","slug":"candidatoa-a-grado","status":"publish","type":"page","link":"https:\/\/humanidades.uprrp.edu\/prei\/?page_id=466","title":{"rendered":"Candidatx a grado"},"content":{"rendered":"<div>\n<p style=\"text-align: justify;\">Si usted es candidatx a grado, recuerde que debe en primer lugar concertar cita de asesor\u00eda el semestre previo a su culminaci\u00f3n de estudios en el Decanato Auxiliar de Asuntos Estudiantiles de la Facultad de Humanidades, para que le efect\u00faen una evaluaci\u00f3n acad\u00e9mica, y que con la misma se determine si en efecto ha cumplido con los requisitos para ello. En el PREI atendemos asesor\u00eda de carrera, y no necesariamente la que se ocupa de su evaluaci\u00f3n acad\u00e9mica.<\/p>\n<p style=\"text-align: justify;\">Luego, a comienzos del \u00faltimo semestre de su bachillerato, deber\u00e1 pasar por la Oficina del Registrador a rellenar el formulario de solicitud de graduaci\u00f3n. Ello deber\u00e1 llevarse a cabo conforme con un plazo del calendario acad\u00e9mico, el cual se encuentra en el enlace\u00a0<a href=\"http:\/\/www.uprrp.edu\/?page_id=851\" target=\"_blank\">http:\/\/www.uprrp.edu\/?page_id=851<\/a>. Se frasea por lo general de la siguiente forma en el calendario acad\u00e9mico: \u2018Termina per\u00edodo para radicar\u00a0<b><i>Solicitud de<\/i><\/b>\u00a0<b><i>Graduaci\u00f3n<\/i><\/b>\u00a0los candidatos a grado en esta sesi\u00f3n acad\u00e9mica\u2019.<\/p>\n<p style=\"text-align: justify;\">Lxs estudiantes que integren el \u00e1rea de \u00e9nfasis de Estudios Individualizados, recuerden que antes de que se efect\u00fae su evaluaci\u00f3n acad\u00e9mica deber\u00e1n haber entregado su propuesta de \u00e1rea de \u00e9nfasis de Estudios Individualizados a la direcci\u00f3n del PREI, conforme con gu\u00eda disponible en el apartado de dicha \u00e1rea de \u00e9nfasis en nuestra p\u00e1gina web y en di\u00e1logo con el Director\/a del mismo programa, quien hace las veces de su asesor\/a de propuesta. La propuesta deber\u00e1 haber sido aprobada por el Director\/a y por el Decanato Auxiliar de Asuntos Estudiantiles de la Facultad de Humanidades antes de que pueda solicitar la evaluaci\u00f3n acad\u00e9mica.<\/p>\n<\/div>\n","protected":false},"excerpt":{"rendered":"<p>Si usted es candidatx a grado, recuerde que debe en primer lugar concertar cita de asesor\u00eda el semestre previo a su culminaci\u00f3n de estudios en el Decanato Auxiliar de Asuntos Estudiantiles de la Facultad de Humanidades, para que le efect\u00faen una evaluaci\u00f3n acad\u00e9mica, y que con la misma se determine &#8230;<\/p>\n","protected":false},"author":5,"featured_media":0,"parent":0,"menu_order":0,"comment_status":"closed","ping_status":"closed","template":"","meta":{"footnotes":""},"class_list":["post-466","page","type-page","status-publish","hentry","column","twocol"],"_links":{"self":[{"href":"https:\/\/humanidades.uprrp.edu\/prei\/index.php?rest_route=\/wp\/v2\/pages\/466","targetHints":{"allow":["GET"]}}],"collection":[{"href":"https:\/\/humanidades.uprrp.edu\/prei\/index.php?rest_route=\/wp\/v2\/pages"}],"about":[{"href":"https:\/\/humanidades.uprrp.edu\/prei\/index.php?rest_route=\/wp\/v2\/types\/page"}],"author":[{"embeddable":true,"href":"https:\/\/humanidades.uprrp.edu\/prei\/index.php?rest_route=\/wp\/v2\/users\/5"}],"replies":[{"embeddable":true,"href":"https:\/\/humanidades.uprrp.edu\/prei\/index.php?rest_route=%2Fwp%2Fv2%2Fcomments&post=466"}],"version-history":[{"count":9,"href":"https:\/\/humanidades.uprrp.edu\/prei\/index.php?rest_route=\/wp\/v2\/pages\/466\/revisions"}],"predecessor-version":[{"id":565,"href":"https:\/\/humanidades.uprrp.edu\/prei\/index.php?rest_route=\/wp\/v2\/pages\/466\/revisions\/565"}],"wp:attachment":[{"href":"https:\/\/humanidades.uprrp.edu\/prei\/index.php?rest_route=%2Fwp%2Fv2%2Fmedia&parent=466"}],"curies":[{"name":"wp","href":"https:\/\/api.w.org\/{rel}","templated":true}]}}