{"id":43,"date":"2013-11-18T14:34:33","date_gmt":"2013-11-18T14:34:33","guid":{"rendered":"http:\/\/humanidades.uprrp.edu\/prei\/?page_id=43"},"modified":"2022-10-28T14:55:54","modified_gmt":"2022-10-28T14:55:54","slug":"historia-2","status":"publish","type":"page","link":"https:\/\/humanidades.uprrp.edu\/prei\/?page_id=43","title":{"rendered":"Historia"},"content":{"rendered":"<p style=\"text-align: justify;\">La Facultad de Humanidades, fundada en 1943, se ha dedicado a cumplir una doble misi\u00f3n: formar especialistas mediante los curr\u00edculos de concentraci\u00f3n y ofrecer a lxs estudiantes de tanto otras facultades como la nuestra una preparaci\u00f3n humanista general a trav\u00e9s de los cursos de servicio. A tal efecto, se estima que se form\u00f3 el programa de Bachillerato General en Humanidades, primera encarnaci\u00f3n del PREI, a partir de 1958, cuando se instituyen los Estudios Generales en nuestra Universidad. Con el motivo de brindar mayor especificidad a lo que era de suyo ya interdisciplinario, se transforma el Bachillerato General en Humanidades en el Bachillerato en Humanidades en Estudios Interdisciplinarios (BEI) en 1978, con la direcci\u00f3n del doctor Jos\u00e9 P\u00e9rez Ruiz. Con el correr del tiempo, para el 2006, pasa a denominarse el Programa en Estudios Interdisciplinarios (PREI), con la direcci\u00f3n de la doctora Rosa Luisa M\u00e1rquez, el cual brinda opciones adicionales a las existentes a trav\u00e9s de varias \u00e1reas de \u00e9nfasis.<\/p>\n<p style=\"text-align: justify;\">Inicialmente se implantaron en el BEI \u00e1reas de \u00e9nfasis en Estudios Prejur\u00eddicos y Estudios preparatorios para la Traducci\u00f3n. Con gestiones que se desarrollan bajo la administraci\u00f3n del doctor Pedro Sand\u00edn Fremaint, el \u00e1rea de \u00e9nfasis en Estudios Individualizados se cre\u00f3 aproximadamente en 1991 para abrir la gama de posibilidades del Programa y acentuar su perfil de lugar para el di\u00e1logo creativo entre saberes actuales y por venir. El curso \u201cHumanidades en Acci\u00f3n\u201d, inscrito en 2004 bajo la administraci\u00f3n de la doctora M\u00e1rquez, abri\u00f3 nuevas posibilidades de intercambio entre humanistas y artistas de diversas ramas.<\/p>\n<p style=\"text-align: justify;\">En el a\u00f1o acad\u00e9mico 2007-08 se inaugur\u00f3 el \u00e1rea de \u00e9nfasis en Escritura Creativa, creada por las doctoras Mayra Santos Febres y Melanie Ortiz, bajo la administraci\u00f3n de la doctora M\u00e1rquez. El \u00e1rea de \u00e9nfasis en Estudios de Cine y Audiovisual la crea el Dr. Dorian Lugo Bertr\u00e1n (2016-17). Adem\u00e1s, el PREI comparte cursos de doble codificaci\u00f3n con el Departamento de Literatura Comparada, la Escuela de Comunicaci\u00f3n, Estudios Hisp\u00e1nicos y el Programa Interdisciplinario en Ciencias Naturales, sin dejar de lado que forma parte de este la Concentraci\u00f3n Menor de Humanidades M\u00e9dicas y de Salud que administra el Departamento de Ingl\u00e9s desde el 2014.<\/p>\n<p style=\"text-align: justify;\">En el 2009 naci\u00f3 la Maestr\u00eda en Gesti\u00f3n y Administraci\u00f3n Cultural, adscrita al PREI, con la direcci\u00f3n de la doctora Mareia Quintero, y con ello nuestro programa dispone de su posgrado, con gran \u00e9xito. Mientras, bajo la administraci\u00f3n del doctor Dorian Lugo una novedosa revisi\u00f3n curricular, que incluye grado adelantado de Juris Doctor en Derecho (tres a\u00f1os de bachillerato sumado a tres a\u00f1os de posgrado) y cursos de fundamento compartidos por todas las \u00e1reas de \u00e9nfasis y espec\u00edficos de las mismas, brind\u00e1ndole mayor coherencia a la concentraci\u00f3n. Adem\u00e1s, se diligencia la creaci\u00f3n de la sala Esteban Tollinchi, catedr\u00e1tico precursor de los estudios interdisciplinarios en Puerto Rico y con obra de gesti\u00f3n cultural de relieve. Para el 2022, se lleva a t\u00e9rmino la implantaci\u00f3n de la novedosa revisi\u00f3n curricular, bajo la administraci\u00f3n del Dr. Pedro A. Reina P\u00e9rez.<\/p>\n<p style=\"text-align: justify;\">\n<p style=\"text-align: justify;\"><a href=\"https:\/\/humanidades.uprrp.edu\/prei\/wp-content\/uploads\/2013\/11\/Screen-Shot-2016-03-10-at-11.39.32-AM.png\"><img loading=\"lazy\" decoding=\"async\" class=\"size-medium wp-image-164 aligncenter\" alt=\"Screen Shot 2016-03-10 at 11.39.32 AM\" src=\"https:\/\/humanidades.uprrp.edu\/prei\/wp-content\/uploads\/2013\/11\/Screen-Shot-2016-03-10-at-11.39.32-AM-300x128.png\" width=\"445\" height=\"189\" \/><\/a><\/p>\n","protected":false},"excerpt":{"rendered":"<p>La Facultad de Humanidades, fundada en 1943, se ha dedicado a cumplir una doble misi\u00f3n: formar especialistas mediante los curr\u00edculos de concentraci\u00f3n y ofrecer a lxs estudiantes de tanto otras facultades como la nuestra una preparaci\u00f3n humanista general a trav\u00e9s de los cursos de servicio. A tal efecto, se estima &#8230;<\/p>\n","protected":false},"author":3,"featured_media":0,"parent":0,"menu_order":0,"comment_status":"closed","ping_status":"closed","template":"","meta":{"footnotes":""},"class_list":["post-43","page","type-page","status-publish","hentry","column","twocol"],"_links":{"self":[{"href":"https:\/\/humanidades.uprrp.edu\/prei\/index.php?rest_route=\/wp\/v2\/pages\/43","targetHints":{"allow":["GET"]}}],"collection":[{"href":"https:\/\/humanidades.uprrp.edu\/prei\/index.php?rest_route=\/wp\/v2\/pages"}],"about":[{"href":"https:\/\/humanidades.uprrp.edu\/prei\/index.php?rest_route=\/wp\/v2\/types\/page"}],"author":[{"embeddable":true,"href":"https:\/\/humanidades.uprrp.edu\/prei\/index.php?rest_route=\/wp\/v2\/users\/3"}],"replies":[{"embeddable":true,"href":"https:\/\/humanidades.uprrp.edu\/prei\/index.php?rest_route=%2Fwp%2Fv2%2Fcomments&post=43"}],"version-history":[{"count":15,"href":"https:\/\/humanidades.uprrp.edu\/prei\/index.php?rest_route=\/wp\/v2\/pages\/43\/revisions"}],"predecessor-version":[{"id":548,"href":"https:\/\/humanidades.uprrp.edu\/prei\/index.php?rest_route=\/wp\/v2\/pages\/43\/revisions\/548"}],"wp:attachment":[{"href":"https:\/\/humanidades.uprrp.edu\/prei\/index.php?rest_route=%2Fwp%2Fv2%2Fmedia&parent=43"}],"curies":[{"name":"wp","href":"https:\/\/api.w.org\/{rel}","templated":true}]}}