{"id":416,"date":"2019-01-10T15:07:02","date_gmt":"2019-01-10T15:07:02","guid":{"rendered":"http:\/\/humanidades.uprrp.edu\/prei\/?page_id=416"},"modified":"2022-10-28T14:58:07","modified_gmt":"2022-10-28T14:58:07","slug":"perfil-della-egresadoa-de-la-concentracion","status":"publish","type":"page","link":"https:\/\/humanidades.uprrp.edu\/prei\/?page_id=416","title":{"rendered":"Perfil de lxs egresadxs de la concentraci\u00f3n"},"content":{"rendered":"<p style=\"text-align: justify;\">Todxs lxs egresadxs del programa tendr\u00e1n, al completar sus estudios:<\/p>\n<ol>\n<li style=\"text-align: justify;\">Una visi\u00f3n tanto interdisciplinaria como human\u00edstica de su disciplina;<\/li>\n<li style=\"text-align: justify;\">Dominio de un tercer idioma;<\/li>\n<li style=\"text-align: justify;\">La\u00a0 capacidad de expresarse, oralmente y por escrito, con claridad, precisi\u00f3n y correcci\u00f3n;<\/li>\n<li style=\"text-align: justify;\">La capacidad de pensar con correcci\u00f3n l\u00f3gica y rigor anal\u00edtico, apoy\u00e1ndose en los conocimientos adquiridos;<\/li>\n<li style=\"text-align: justify;\">Preparaci\u00f3n para desempe\u00f1ar estudios graduados en m\u00e1s de un campo, por la naturaleza interdisciplinaria\u00a0 del bachillerato;<\/li>\n<li style=\"text-align: justify;\">Un sentido \u00e9tico de la vida y de su relaci\u00f3n con el medio ambiente y los dem\u00e1s seres humanos;<\/li>\n<li style=\"text-align: justify;\">Un sentido de responsabilidad hacia sus comunidades m\u00e1s inmediatas y con la humanidad en general.<\/li>\n<\/ol>\n","protected":false},"excerpt":{"rendered":"<p>Todxs lxs egresadxs del programa tendr\u00e1n, al completar sus estudios: Una visi\u00f3n tanto interdisciplinaria como human\u00edstica de su disciplina; Dominio de un tercer idioma; La\u00a0 capacidad de expresarse, oralmente y por escrito, con claridad, precisi\u00f3n y correcci\u00f3n; La capacidad de pensar con correcci\u00f3n l\u00f3gica y rigor anal\u00edtico, apoy\u00e1ndose en los &#8230;<\/p>\n","protected":false},"author":5,"featured_media":0,"parent":0,"menu_order":0,"comment_status":"closed","ping_status":"closed","template":"","meta":{"footnotes":""},"class_list":["post-416","page","type-page","status-publish","hentry","column","twocol"],"_links":{"self":[{"href":"https:\/\/humanidades.uprrp.edu\/prei\/index.php?rest_route=\/wp\/v2\/pages\/416","targetHints":{"allow":["GET"]}}],"collection":[{"href":"https:\/\/humanidades.uprrp.edu\/prei\/index.php?rest_route=\/wp\/v2\/pages"}],"about":[{"href":"https:\/\/humanidades.uprrp.edu\/prei\/index.php?rest_route=\/wp\/v2\/types\/page"}],"author":[{"embeddable":true,"href":"https:\/\/humanidades.uprrp.edu\/prei\/index.php?rest_route=\/wp\/v2\/users\/5"}],"replies":[{"embeddable":true,"href":"https:\/\/humanidades.uprrp.edu\/prei\/index.php?rest_route=%2Fwp%2Fv2%2Fcomments&post=416"}],"version-history":[{"count":3,"href":"https:\/\/humanidades.uprrp.edu\/prei\/index.php?rest_route=\/wp\/v2\/pages\/416\/revisions"}],"predecessor-version":[{"id":550,"href":"https:\/\/humanidades.uprrp.edu\/prei\/index.php?rest_route=\/wp\/v2\/pages\/416\/revisions\/550"}],"wp:attachment":[{"href":"https:\/\/humanidades.uprrp.edu\/prei\/index.php?rest_route=%2Fwp%2Fv2%2Fmedia&parent=416"}],"curies":[{"name":"wp","href":"https:\/\/api.w.org\/{rel}","templated":true}]}}