{"id":412,"date":"2019-01-10T14:56:56","date_gmt":"2019-01-10T14:56:56","guid":{"rendered":"http:\/\/humanidades.uprrp.edu\/prei\/?page_id=412"},"modified":"2019-01-28T19:26:50","modified_gmt":"2019-01-28T19:26:50","slug":"vision","status":"publish","type":"page","link":"https:\/\/humanidades.uprrp.edu\/prei\/?page_id=412","title":{"rendered":"Visi\u00f3n de la concentraci\u00f3n"},"content":{"rendered":"<p>El Programa de Estudios Interdisciplinarios est\u00e1 comprometido con la integraci\u00f3n de conocimientos en la Facultad de Humanidades. Ofrece una manera de organizar los estudios universitarios en sinton\u00eda con la complejidad e interdependencia requeridas para la adquisici\u00f3n, el an\u00e1lisis y la puesta en pr\u00e1ctica del saber contempor\u00e1neo.<\/p>\n","protected":false},"excerpt":{"rendered":"<p>El Programa de Estudios Interdisciplinarios est\u00e1 comprometido con la integraci\u00f3n de conocimientos en la Facultad de Humanidades. Ofrece una manera de organizar los estudios universitarios en sinton\u00eda con la complejidad e interdependencia requeridas para la adquisici\u00f3n, el an\u00e1lisis y la puesta en pr\u00e1ctica del saber contempor\u00e1neo.<\/p>\n","protected":false},"author":5,"featured_media":0,"parent":0,"menu_order":0,"comment_status":"closed","ping_status":"closed","template":"","meta":{"footnotes":""},"class_list":["post-412","page","type-page","status-publish","hentry","column","twocol"],"_links":{"self":[{"href":"https:\/\/humanidades.uprrp.edu\/prei\/index.php?rest_route=\/wp\/v2\/pages\/412","targetHints":{"allow":["GET"]}}],"collection":[{"href":"https:\/\/humanidades.uprrp.edu\/prei\/index.php?rest_route=\/wp\/v2\/pages"}],"about":[{"href":"https:\/\/humanidades.uprrp.edu\/prei\/index.php?rest_route=\/wp\/v2\/types\/page"}],"author":[{"embeddable":true,"href":"https:\/\/humanidades.uprrp.edu\/prei\/index.php?rest_route=\/wp\/v2\/users\/5"}],"replies":[{"embeddable":true,"href":"https:\/\/humanidades.uprrp.edu\/prei\/index.php?rest_route=%2Fwp%2Fv2%2Fcomments&post=412"}],"version-history":[{"count":2,"href":"https:\/\/humanidades.uprrp.edu\/prei\/index.php?rest_route=\/wp\/v2\/pages\/412\/revisions"}],"predecessor-version":[{"id":448,"href":"https:\/\/humanidades.uprrp.edu\/prei\/index.php?rest_route=\/wp\/v2\/pages\/412\/revisions\/448"}],"wp:attachment":[{"href":"https:\/\/humanidades.uprrp.edu\/prei\/index.php?rest_route=%2Fwp%2Fv2%2Fmedia&parent=412"}],"curies":[{"name":"wp","href":"https:\/\/api.w.org\/{rel}","templated":true}]}}