{"id":396,"date":"2018-11-30T16:44:31","date_gmt":"2018-11-30T16:44:31","guid":{"rendered":"http:\/\/humanidades.uprrp.edu\/prei\/?page_id=396"},"modified":"2018-11-30T16:44:31","modified_gmt":"2018-11-30T16:44:31","slug":"dra-mareia-quintero-rivera","status":"publish","type":"page","link":"https:\/\/humanidades.uprrp.edu\/prei\/?page_id=396","title":{"rendered":"Dra. Mareia Quintero Rivera"},"content":{"rendered":"<p>Doctora en Historia Social por la Universidad de S\u00e3o Pulo (2002), cuenta con una formaci\u00f3n y trayectoria acad\u00e9mica interdisciplinaria en el campo de los estudios culturales, iniciada en la Facultad de Humanidades del Recinto de R\u00edo Piedras donde realiz\u00f3 un bachillerato en m\u00fasica (1992) y continuada en la Universidad de S\u00e3o Paulo donde, adem\u00e1s del doctorado, complet\u00f3 una Maestr\u00eda en Integraci\u00f3n de Am\u00e9rica Latina (1996). Sus investigaciones y publicaciones abordan temas como la cr\u00edtica cultural en el Caribe y el Brasil y los debates en torno a \u201craza\u201d y naci\u00f3n; los entrecruces entre arte y pol\u00edtica en la creaci\u00f3n art\u00edstica contempor\u00e1nea; las pol\u00edticas culturales y los v\u00ednculos entre gesti\u00f3n cultural y educaci\u00f3n popular.\u00a0Es autora del libro\u00a0<i>A cor e o som da na\u00e7\u00e3o: A id\u00e9ia de mesti\u00e7agem na cr\u00edtica musical do Caribe Hisp\u00e2nico Insular e o Brasil (1928-1948)\u00a0<\/i>(2000), entre otras publicaciones.\u00a0Ha sido profesora y conferenciante invitada en universidades de Brasil, Argentina, Chile, Colombia y Estados Unidos, entre otros. Presidi\u00f3 la Comisi\u00f3n para el Desarrollo Cultural (2014-2015) e integr\u00f3 las juntas de directores del Instituto de Cultura Puertorrique\u00f1a y de la Escuela de Artes Pl\u00e1sticas.\u00a0Desde el 2002 se desempe\u00f1a como profesora de la Facultad de Humanidades\u00a0de la Universidad de Puerto Rico, Recinto de R\u00edo Piedras, donde ocup\u00f3 el cargo de directora del Programa en Estudios Interdisciplinarios (2011-2014) y coordinadora de la Maestr\u00eda en Gesti\u00f3n y Administraci\u00f3n Cultural (2008-2014).<\/p>\n","protected":false},"excerpt":{"rendered":"<p>Doctora en Historia Social por la Universidad de S\u00e3o Pulo (2002), cuenta con una formaci\u00f3n y trayectoria acad\u00e9mica interdisciplinaria en el campo de los estudios culturales, iniciada en la Facultad de Humanidades del Recinto de R\u00edo Piedras donde realiz\u00f3 un bachillerato en m\u00fasica (1992) y continuada en la Universidad de &#8230;<\/p>\n","protected":false},"author":5,"featured_media":0,"parent":0,"menu_order":0,"comment_status":"closed","ping_status":"closed","template":"","meta":{"footnotes":""},"class_list":["post-396","page","type-page","status-publish","hentry","column","twocol"],"_links":{"self":[{"href":"https:\/\/humanidades.uprrp.edu\/prei\/index.php?rest_route=\/wp\/v2\/pages\/396","targetHints":{"allow":["GET"]}}],"collection":[{"href":"https:\/\/humanidades.uprrp.edu\/prei\/index.php?rest_route=\/wp\/v2\/pages"}],"about":[{"href":"https:\/\/humanidades.uprrp.edu\/prei\/index.php?rest_route=\/wp\/v2\/types\/page"}],"author":[{"embeddable":true,"href":"https:\/\/humanidades.uprrp.edu\/prei\/index.php?rest_route=\/wp\/v2\/users\/5"}],"replies":[{"embeddable":true,"href":"https:\/\/humanidades.uprrp.edu\/prei\/index.php?rest_route=%2Fwp%2Fv2%2Fcomments&post=396"}],"version-history":[{"count":1,"href":"https:\/\/humanidades.uprrp.edu\/prei\/index.php?rest_route=\/wp\/v2\/pages\/396\/revisions"}],"predecessor-version":[{"id":397,"href":"https:\/\/humanidades.uprrp.edu\/prei\/index.php?rest_route=\/wp\/v2\/pages\/396\/revisions\/397"}],"wp:attachment":[{"href":"https:\/\/humanidades.uprrp.edu\/prei\/index.php?rest_route=%2Fwp%2Fv2%2Fmedia&parent=396"}],"curies":[{"name":"wp","href":"https:\/\/api.w.org\/{rel}","templated":true}]}}