{"id":389,"date":"2018-11-29T19:10:56","date_gmt":"2018-11-29T19:10:56","guid":{"rendered":"http:\/\/humanidades.uprrp.edu\/prei\/?page_id=389"},"modified":"2018-11-29T19:10:56","modified_gmt":"2018-11-29T19:10:56","slug":"dr-dorian-lugo-bertran","status":"publish","type":"page","link":"https:\/\/humanidades.uprrp.edu\/prei\/?page_id=389","title":{"rendered":"Dr. Dorian Lugo Bertr\u00e1n"},"content":{"rendered":"<p>Es\u00a0Catedr\u00e1tico y Director interino del Programa de Estudios Interdisciplinarios (PREI) de la Facultad de Humanidades de la Universidad de Puerto Rico, Recinto de R\u00edo Piedras (UPR-RP). Fue tambi\u00e9n Coordinador del programa de Maestr\u00eda en Gesti\u00f3n y Administraci\u00f3n Cultural, posgrado que integra el PREI (2014-16) y profesor de la plantilla de la Escuela de Comunicaci\u00f3n, UPR-RP (1997-2012). De la UPR-RP es adem\u00e1s su doctorado en Filosof\u00eda y Letras. La especialidad de Lugo Bertr\u00e1n se centra en teor\u00edas culturales en general y en estudios queer y de roles de g\u00e9nero en particular. Sus objetos de estudio son el audiovisual de Latinoam\u00e9rica y la literatura tempranomoderna europea. Adem\u00e1s de cine, por audiovisual se entiende tambi\u00e9n videoarte y el audiovisual art\u00edstico o creativo en general. Gestiona, edita y cura la antolog\u00eda de producci\u00f3n cultural y libro de artista, <i>Saqueos<\/i> (2002) (concepto de proyecto compartido con Gretchen Rivera Lebr\u00f3n), la cual le gana premio de \u201cMejor ensayo\u201d que otorga Pen (Poets, Essayists, Novelists) International, cap\u00edtulo de Puerto Rico. En tanto que libro de artista, parte de la obra integra la colecci\u00f3n permanente del Museo de Arte de Puerto Rico. Lugo Bertr\u00e1n ha publicado numerosos art\u00edculos en revistas especializadas, libros antol\u00f3gicos o memorias arbitradas, entre ellos, en la antolog\u00eda <i>Latin American Studies: Critiques of Contemporary Cinema, Literatures, Politics and Revolution <\/i>de David Gallagher (ed.), editorial Academica Press (2012); en las revistas <i>deSignis <\/i>[Barcelona, Espa\u00f1a], <i>e-misf\u00e9rica <\/i>[Estados Unidos], <i>Situarte<\/i> [Venezuela], <i>Revista Estudos Feministas <\/i>[Brasil], <i>Imagofagia<\/i> [Argentina], <i>L\u2019Atalante <\/i>[Valencia, Espa\u00f1a], entre otras. Para <i>Imagofagia, <\/i>funge de editor de dossier y redactor de pr\u00f3logo en torno del tema queer en el cine de Latinoam\u00e9rica y estudios de masculinidad y de lo masculino en el cine de la misma regi\u00f3n para sendas publicaciones de la revista \u00a0(2012 y 2015, respectivamente). Su desempe\u00f1o incluye ocupar puesto de profesor afiliado del Programa de Mujer y G\u00e9nero (2012-15) y del Departamento de Bellas Artes (2014 al d\u00eda de hoy) de la UPR-RP. Integra por invitaci\u00f3n el consejo editorial de la Latin American Gender and Sexuality series, Lexington Books (Inglaterra, desde junio del 2014). Se desenvolvi\u00f3 como Co-Director (\u201cCo-Chair\u201d) de la Secci\u00f3n de Estudios de Cine de LASA [Latin American Studies Association] (t\u00e9rminos 2009-2011 y 2011-2012). Ha sido evaluador de procedimientos arbitrado y a ciegas de las revistas <i>Sage<\/i> (Inglaterra), entre otras, y conferenciante invitado en las instituciones Amherst College en MA y State University of New York en Plattsburgh, as\u00ed como conferenciante e integrante de jurado en el Festival de Cortometraje Manuel Trujillo Dur\u00e1n<i> <\/i>en Maracaibo, Venezuela. Finalmente, gana becas de investigaci\u00f3n por concurso: a) iINAS de la UPR-RP (2014) y b) \u201cEtta Becker-Donner\u201d del Instituto Austriaco para Am\u00e9rica Latina de Viena, Austria (junio 2017).<\/p>\n","protected":false},"excerpt":{"rendered":"<p>Es\u00a0Catedr\u00e1tico y Director interino del Programa de Estudios Interdisciplinarios (PREI) de la Facultad de Humanidades de la Universidad de Puerto Rico, Recinto de R\u00edo Piedras (UPR-RP). Fue tambi\u00e9n Coordinador del programa de Maestr\u00eda en Gesti\u00f3n y Administraci\u00f3n Cultural, posgrado que integra el PREI (2014-16) y profesor de la plantilla de &#8230;<\/p>\n","protected":false},"author":5,"featured_media":0,"parent":0,"menu_order":0,"comment_status":"closed","ping_status":"closed","template":"","meta":{"footnotes":""},"class_list":["post-389","page","type-page","status-publish","hentry","column","twocol"],"_links":{"self":[{"href":"https:\/\/humanidades.uprrp.edu\/prei\/index.php?rest_route=\/wp\/v2\/pages\/389","targetHints":{"allow":["GET"]}}],"collection":[{"href":"https:\/\/humanidades.uprrp.edu\/prei\/index.php?rest_route=\/wp\/v2\/pages"}],"about":[{"href":"https:\/\/humanidades.uprrp.edu\/prei\/index.php?rest_route=\/wp\/v2\/types\/page"}],"author":[{"embeddable":true,"href":"https:\/\/humanidades.uprrp.edu\/prei\/index.php?rest_route=\/wp\/v2\/users\/5"}],"replies":[{"embeddable":true,"href":"https:\/\/humanidades.uprrp.edu\/prei\/index.php?rest_route=%2Fwp%2Fv2%2Fcomments&post=389"}],"version-history":[{"count":1,"href":"https:\/\/humanidades.uprrp.edu\/prei\/index.php?rest_route=\/wp\/v2\/pages\/389\/revisions"}],"predecessor-version":[{"id":390,"href":"https:\/\/humanidades.uprrp.edu\/prei\/index.php?rest_route=\/wp\/v2\/pages\/389\/revisions\/390"}],"wp:attachment":[{"href":"https:\/\/humanidades.uprrp.edu\/prei\/index.php?rest_route=%2Fwp%2Fv2%2Fmedia&parent=389"}],"curies":[{"name":"wp","href":"https:\/\/api.w.org\/{rel}","templated":true}]}}