{"id":35,"date":"2013-11-18T14:32:35","date_gmt":"2013-11-18T14:32:35","guid":{"rendered":"http:\/\/humanidades.uprrp.edu\/prei\/?page_id=35"},"modified":"2024-02-15T19:29:44","modified_gmt":"2024-02-15T19:29:44","slug":"estudios-individualizados-2","status":"publish","type":"page","link":"https:\/\/humanidades.uprrp.edu\/prei\/?page_id=35","title":{"rendered":"Estudios Individualizados"},"content":{"rendered":"<p style=\"text-align: justify;\">Esta \u00e1rea de \u00e9nfasis ofrece a lxs estudiantes la oportunidad de crear su propio curr\u00edculo en un campo interdisciplinario de su inter\u00e9s, combinando cursos de la oferta disponible en el Sistema Universitario de la UPR o en universidades locales y\/o extranjeras. Con el apoyo de lxs Asesorxs Acad\u00e9micxs, lxs estudiantes redactan una propuesta donde describen y justifican su programa de estudios.<\/p>\n<p>Estudios Individualizados ofrece una oportunidad para explorar de forma creativa y rigurosa las relaciones entre diversas disciplinas y perspectivas. Algunas disciplinas en las que lxs estudiantes pueden realizar su \u00e1rea de \u00e9nfasis lo son:<\/p>\n<ul>\n<li>Estudios Culturales,<\/li>\n<li>Gesti\u00f3n Cultural,<\/li>\n<li>Danza y Performance \/ Artes Vivas,<\/li>\n<li>Estudios de Juegos y Simulaciones,<\/li>\n<li>Estudios de Comics y Novela Gr\u00e1fica,<\/li>\n<li>Estudios Queer,<\/li>\n<li>Relaciones Internacionales,<\/li>\n<li>Periodismo Cultural o Deportivo,<\/li>\n<li>Estudios Culinarios,<\/li>\n<li>Estudios Caribe\u00f1os y Archipel\u00e1gicos,<\/li>\n<li>Dise\u00f1o (gr\u00e1fico, digital, de modas, textil, de productos, industrial\u2026),<\/li>\n<li>Antropolog\u00eda Visual\/Cultural\/de las Artes,<\/li>\n<li>Estudios Africanos,<\/li>\n<li>Humanidades Digitales,<\/li>\n<li>Estudios Asi\u00e1ticos,<\/li>\n<li>Estudios Poscoloniales,<\/li>\n<li>Estudios Medievales o Premodernos,<\/li>\n<li>Estudios de Primeras Naciones,<\/li>\n<li>Estudios Religiosos o de lo Sagrado,<\/li>\n<li>Pol\u00edticas Culturales,<\/li>\n<li>Urbanismo Cultural\/Ecolog\u00eda Urbana,<\/li>\n<li>Traducci\u00f3n,<\/li>\n<li>Educaci\u00f3n Cultural y Art\u00edstica \/ Intercultural, entre otras.<\/li>\n<\/ul>\n<p align=\"center\"><a href=\"https:\/\/drive.google.com\/file\/d\/1ewgY2yoTdSs6lO9i4iJN2QIBG10R8ru-\/view?usp=sharing\">Gu\u00eda de redacci\u00f3n de propuesta de Estudios Individualizados<\/a><br \/>\n(para estudiantes de ingreso anterior a agosto de 2021)<\/p>\n<p style=\"text-align: center;\"><a href=\"https:\/\/drive.google.com\/file\/d\/1ytH1K1_1DG0dpPRtNK0FG42rkl-ReKZR\/view?usp=sharing\">Gu\u00eda de redacci\u00f3n de propuesta de Estudios Individualizados<\/a><br \/>\n(para estudiantes de ingreso a partir de agosto de 2021)<\/p>\n<p align=\"center\"><a href=\"https:\/\/drive.google.com\/file\/d\/1czPe9SjdIfd_No0k_mT78JPbvva7W805\/view?usp=drive_link\">Hoja de evaluaci\u00f3n acad\u00e9mica de Estudios Individualizados <\/a><br \/>\n(para estudiantes de ingreso anterior a agosto de 2021)<\/p>\n<p align=\"center\"><a href=\"https:\/\/drive.google.com\/file\/d\/1q9BSJf__jEh9jprssqwHRbZlocTNzbuf\/view?usp=drive_link\">Hoja de evaluaci\u00f3n acad\u00e9mica de Estudios Individualizados<\/a><br \/>\n<a href=\"https:\/\/drive.google.com\/file\/d\/1zdNHCi7Ucbt3S1j7DftWgVjjkWc7-i3Q\/view\">(<\/a>Para estudiantes admitidos a partir de agosto 2021)<\/p>\n","protected":false},"excerpt":{"rendered":"<p>Esta \u00e1rea de \u00e9nfasis ofrece a lxs estudiantes la oportunidad de crear su propio curr\u00edculo en un campo interdisciplinario de su inter\u00e9s, combinando cursos de la oferta disponible en el Sistema Universitario de la UPR o en universidades locales y\/o extranjeras. Con el apoyo de lxs Asesorxs Acad\u00e9micxs, lxs estudiantes &#8230;<\/p>\n","protected":false},"author":3,"featured_media":0,"parent":0,"menu_order":0,"comment_status":"closed","ping_status":"closed","template":"","meta":{"footnotes":""},"class_list":["post-35","page","type-page","status-publish","hentry","column","twocol"],"_links":{"self":[{"href":"https:\/\/humanidades.uprrp.edu\/prei\/index.php?rest_route=\/wp\/v2\/pages\/35","targetHints":{"allow":["GET"]}}],"collection":[{"href":"https:\/\/humanidades.uprrp.edu\/prei\/index.php?rest_route=\/wp\/v2\/pages"}],"about":[{"href":"https:\/\/humanidades.uprrp.edu\/prei\/index.php?rest_route=\/wp\/v2\/types\/page"}],"author":[{"embeddable":true,"href":"https:\/\/humanidades.uprrp.edu\/prei\/index.php?rest_route=\/wp\/v2\/users\/3"}],"replies":[{"embeddable":true,"href":"https:\/\/humanidades.uprrp.edu\/prei\/index.php?rest_route=%2Fwp%2Fv2%2Fcomments&post=35"}],"version-history":[{"count":25,"href":"https:\/\/humanidades.uprrp.edu\/prei\/index.php?rest_route=\/wp\/v2\/pages\/35\/revisions"}],"predecessor-version":[{"id":638,"href":"https:\/\/humanidades.uprrp.edu\/prei\/index.php?rest_route=\/wp\/v2\/pages\/35\/revisions\/638"}],"wp:attachment":[{"href":"https:\/\/humanidades.uprrp.edu\/prei\/index.php?rest_route=%2Fwp%2Fv2%2Fmedia&parent=35"}],"curies":[{"name":"wp","href":"https:\/\/api.w.org\/{rel}","templated":true}]}}