{"id":33,"date":"2013-11-18T14:32:01","date_gmt":"2013-11-18T14:32:01","guid":{"rendered":"http:\/\/humanidades.uprrp.edu\/prei\/?page_id=33"},"modified":"2024-02-16T20:22:59","modified_gmt":"2024-02-16T20:22:59","slug":"escritura-creativa-2","status":"publish","type":"page","link":"https:\/\/humanidades.uprrp.edu\/prei\/?page_id=33","title":{"rendered":"Escritura Creativa"},"content":{"rendered":"\n<p>Escritura Creativa como \u00e1rea de \u00e9nfasis pretende despertar o mejor desarrollar la creatividad del estudiantado, mediante un criterio amplio de la disciplina: cursos de creatividad que se vuelcan en la poes\u00eda, la narrativa, la dramaturgia, la edici\u00f3n literaria o period\u00edstica, traducci\u00f3n, y el gui\u00f3n de radio, cine, televisi\u00f3n y serie web, entre otras posibilidades.<\/p>\n\n\n\n<p class=\"has-text-align-center\"><a href=\"https:\/\/drive.google.com\/file\/d\/1uLW5mNJoGQdx1Ufjnr4PuC8h0NOoKBd3\/view?usp=drive_link\">Hoja de evaluaci\u00f3n acad\u00e9mica<\/a><br><span style=\"font-size: revert; color: initial; font-family: -apple-system, BlinkMacSystemFont, 'Segoe UI', Roboto, Oxygen-Sans, Ubuntu, Cantarell, 'Helvetica Neue', sans-serif;\">(para estudiantes de ingreso anterior a agosto de 2021)<br><\/span><a href=\"https:\/\/drive.google.com\/file\/d\/1BvFtwVsPGAuxc93pdP3lkhl9i-wr1i7i\/view\"><br><\/a><a href=\"https:\/\/drive.google.com\/file\/d\/1DfGipG6NS1SR5peXznretRE_rc2BaL7f\/view?usp=drive_link\">Hoja de evaluaci\u00f3n acad\u00e9mica<\/a><br>(Para estudiantes admitidos a partir de agosto 2021)<\/p>\n\n\n\n<p class=\"has-text-align-center\"><a href=\"https:\/\/drive.google.com\/file\/d\/1aG0xnokNPe_wpDSnOc07QdTNT0VD9zCZ\/view\">Cursos de selecci\u00f3n dirigida<\/a><br>(Para estudiantes de ingreso anterior a agosto de 2021, deben atenerse al n\u00famero de cr\u00e9ditos indicados en la hoja para Cursos de selecci\u00f3n dirigida en Escritura y Cursos de selecci\u00f3n dirigida en general ; para estudiantes de ingreso posterior a agosto de 2021, pueden escoger cursos de selecci\u00f3n dirigida de cualesquiera de los dos apartados, sin observar n\u00famero de cr\u00e9ditos en cada cual. Si hay un curso que re\u00fana los requisitos de selecci\u00f3n dirigida y que no aparezca en la lista, puede solicitarle a la direcci\u00f3n del PREI antes de matricular el mismo que se le convalide como selecci\u00f3n dirigida.)<\/p>\n","protected":false},"excerpt":{"rendered":"<p>Escritura Creativa como \u00e1rea de \u00e9nfasis pretende despertar o mejor desarrollar la creatividad del estudiantado, mediante un criterio amplio de la disciplina: cursos de creatividad que se vuelcan en la poes\u00eda, la narrativa, la dramaturgia, la edici\u00f3n literaria o period\u00edstica, traducci\u00f3n, y el gui\u00f3n de radio, cine, televisi\u00f3n y serie &#8230;<\/p>\n","protected":false},"author":3,"featured_media":0,"parent":0,"menu_order":0,"comment_status":"closed","ping_status":"closed","template":"","meta":{"footnotes":""},"class_list":["post-33","page","type-page","status-publish","hentry","column","twocol"],"_links":{"self":[{"href":"https:\/\/humanidades.uprrp.edu\/prei\/index.php?rest_route=\/wp\/v2\/pages\/33","targetHints":{"allow":["GET"]}}],"collection":[{"href":"https:\/\/humanidades.uprrp.edu\/prei\/index.php?rest_route=\/wp\/v2\/pages"}],"about":[{"href":"https:\/\/humanidades.uprrp.edu\/prei\/index.php?rest_route=\/wp\/v2\/types\/page"}],"author":[{"embeddable":true,"href":"https:\/\/humanidades.uprrp.edu\/prei\/index.php?rest_route=\/wp\/v2\/users\/3"}],"replies":[{"embeddable":true,"href":"https:\/\/humanidades.uprrp.edu\/prei\/index.php?rest_route=%2Fwp%2Fv2%2Fcomments&post=33"}],"version-history":[{"count":27,"href":"https:\/\/humanidades.uprrp.edu\/prei\/index.php?rest_route=\/wp\/v2\/pages\/33\/revisions"}],"predecessor-version":[{"id":694,"href":"https:\/\/humanidades.uprrp.edu\/prei\/index.php?rest_route=\/wp\/v2\/pages\/33\/revisions\/694"}],"wp:attachment":[{"href":"https:\/\/humanidades.uprrp.edu\/prei\/index.php?rest_route=%2Fwp%2Fv2%2Fmedia&parent=33"}],"curies":[{"name":"wp","href":"https:\/\/api.w.org\/{rel}","templated":true}]}}