{"id":27,"date":"2013-11-18T14:29:39","date_gmt":"2013-11-18T14:29:39","guid":{"rendered":"http:\/\/humanidades.uprrp.edu\/prei\/?page_id=27"},"modified":"2018-01-23T15:09:48","modified_gmt":"2018-01-23T15:09:48","slug":"programa-de-estudio","status":"publish","type":"page","link":"https:\/\/humanidades.uprrp.edu\/prei\/?page_id=27","title":{"rendered":"Programa de estudio"},"content":{"rendered":"<p><b>\u00a0<\/b><\/p>\n<p><b>\u00a0<\/b>El programa de estudios consta de <b>129 cr\u00e9ditos<\/b>:<\/p>\n<ul>\n<li><b>42 cr\u00e9ditos<\/b> de la Facultad de Estudios Generales<\/li>\n<li><b>39 cr\u00e9ditos<\/b> de la Facultad de Humanidades<\/li>\n<li><b>21 cr\u00e9ditos<\/b> del \u00e1rea de \u00e9nfasis y <b>9 cr\u00e9ditos<\/b> de selecci\u00f3n dirigida (relacionados al \u00e1rea de \u00e9nfasis)<\/li>\n<li><b>18 cr\u00e9ditos <\/b>(electivas libres)<\/li>\n<\/ul>\n","protected":false},"excerpt":{"rendered":"<p>\u00a0 \u00a0El programa de estudios consta de 129 cr\u00e9ditos: 42 cr\u00e9ditos de la Facultad de Estudios Generales 39 cr\u00e9ditos de la Facultad de Humanidades 21 cr\u00e9ditos del \u00e1rea de \u00e9nfasis y 9 cr\u00e9ditos de selecci\u00f3n dirigida (relacionados al \u00e1rea de \u00e9nfasis) 18 cr\u00e9ditos (electivas libres)<\/p>\n","protected":false},"author":3,"featured_media":0,"parent":0,"menu_order":0,"comment_status":"closed","ping_status":"closed","template":"","meta":{"footnotes":""},"class_list":["post-27","page","type-page","status-publish","hentry","column","twocol"],"_links":{"self":[{"href":"https:\/\/humanidades.uprrp.edu\/prei\/index.php?rest_route=\/wp\/v2\/pages\/27","targetHints":{"allow":["GET"]}}],"collection":[{"href":"https:\/\/humanidades.uprrp.edu\/prei\/index.php?rest_route=\/wp\/v2\/pages"}],"about":[{"href":"https:\/\/humanidades.uprrp.edu\/prei\/index.php?rest_route=\/wp\/v2\/types\/page"}],"author":[{"embeddable":true,"href":"https:\/\/humanidades.uprrp.edu\/prei\/index.php?rest_route=\/wp\/v2\/users\/3"}],"replies":[{"embeddable":true,"href":"https:\/\/humanidades.uprrp.edu\/prei\/index.php?rest_route=%2Fwp%2Fv2%2Fcomments&post=27"}],"version-history":[{"count":2,"href":"https:\/\/humanidades.uprrp.edu\/prei\/index.php?rest_route=\/wp\/v2\/pages\/27\/revisions"}],"predecessor-version":[{"id":139,"href":"https:\/\/humanidades.uprrp.edu\/prei\/index.php?rest_route=\/wp\/v2\/pages\/27\/revisions\/139"}],"wp:attachment":[{"href":"https:\/\/humanidades.uprrp.edu\/prei\/index.php?rest_route=%2Fwp%2Fv2%2Fmedia&parent=27"}],"curies":[{"name":"wp","href":"https:\/\/api.w.org\/{rel}","templated":true}]}}