{"id":238,"date":"2017-09-12T19:21:38","date_gmt":"2017-09-12T19:21:38","guid":{"rendered":"http:\/\/humanidades.uprrp.edu\/prei\/?page_id=238"},"modified":"2025-10-24T17:49:43","modified_gmt":"2025-10-24T17:49:43","slug":"profesores","status":"publish","type":"page","link":"https:\/\/humanidades.uprrp.edu\/prei\/?page_id=238","title":{"rendered":"Profesorxs"},"content":{"rendered":"\n<p class=\"has-vivid-red-color has-text-color has-link-color wp-elements-82070548d7eab1ae6dfbe14f1ab7cfb6\"><a href=\"https:\/\/humanidades.uprrp.edu\/prei\/?page_id=389\" target=\"_blank\" rel=\"noreferrer noopener\"><strong>Dr. Dorian Lugo Bertr\u00e1n<br><\/strong><\/a>Catedr\u00e1tico<br><a href=\"mailto:%20dorian.lugo1@upr.edu\">dorian.lugo1@upr.edu<\/a><\/p>\n\n\n\n<p>Es Catedr\u00e1tico del Programa de Estudios Interdisciplinarios (PREI) de la Facultad de Humanidades de la Universidad de Puerto Rico, Recinto de R\u00edo Piedras (UPR-RP. Fue tambi\u00e9n Director interino del PREI (2017-2019) y Coordinador del programa de Maestr\u00eda en Gesti\u00f3n y Administraci\u00f3n Cultural (2014-16), posgrado que integra el PREI. Adem\u00e1s, se desempe\u00f1\u00f3 como profesor de plantilla de la Escuela de Comunicaci\u00f3n, UPR-RP (1997-2012). En colaboraci\u00f3n con la Dra. Mareia Quintero y estudiantado del posgrado, bajo su administraci\u00f3n se generan dos revisiones curriculares sustantivas para sendos programas del PREI, tanto del pregrado como de su posgrado, sumado a la reingenier\u00eda de sus p\u00e1ginas web respectivas, gesti\u00f3n de lista de egresadxs del PREI, celebraci\u00f3n de su cuadrig\u00e9simo aniversario de existencia, y la creaci\u00f3n de la sala Estebana Tollinchi en las instalaciones propias, profesor precursor de los Estudios Interdisciplinarios en el pa\u00eds. Crea tambi\u00e9n el \u00e1rea de \u00e9nfasis de la concentraci\u00f3n del PREI, Estudios de Cine y Audiovisual. Para la Vicepresidencia de Asuntos Acad\u00e9micos de Administraci\u00f3n Central, fungi\u00f3 en un pasado de Coordinador de Comit\u00e9 Sist\u00e9mico de Acreditaci\u00f3n y Mejoramiento Continuo de Programas de Comunicaci\u00f3n de la Universidad de Puerto Rico. Su desempe\u00f1o docente general incluye ocupar puesto de profesor afiliado del Programa de Mujer y G\u00e9nero (2012-15) y del Departamento de Bellas Artes (\u201ccolaborador permanente\u201d: 2014 al d\u00eda de hoy) de la UPR-RP. De la UPR-RP es adem\u00e1s su doctorado en Filosof\u00eda y Letras.<\/p>\n\n\n\n<p>La especialidad de Lugo Bertr\u00e1n se centra en teor\u00edas culturales en general y en estudios de roles de g\u00e9nero y cuir en particular. Sus objetos de estudio son el audiovisual de Latinoam\u00e9rica y la literatura tempranomoderna europea. Adem\u00e1s de cine, por audiovisual se entiende tambi\u00e9n videoarte y el audiovisual art\u00edstico o creativo en general. Gestiona, edita y cura la antolog\u00eda de producci\u00f3n cultural y libro de artista\/libro \u00e1lbum, Saqueos (2002) (concepto de dise\u00f1o de libro compartido con Gretchen Rivera Lebr\u00f3n), la cual le gana premio de \u201cMejor ensayo\u201d que otorga Pen (Poets, Essayists, Novelists) International, cap\u00edtulo de Puerto Rico. En tanto que libro de artista\/libro \u00e1lbum, se le selecciona para exposici\u00f3n en la Trienal Poligr\u00e1fica de San Juan (2005) y en la Universidad del Sagrado Coraz\u00f3n (2004: con curadur\u00eda de las conocidas artistas Myrna B\u00e1ez y Marilyn Torrech)<strong>.<\/strong>&nbsp;Una parte de la obra forma parte de la colecci\u00f3n permanente del Museo de Arte de Puerto Rico.<\/p>\n\n\n\n<p>Lugo Bertr\u00e1n ha publicado numerosos art\u00edculos en revistas especializadas, libros antol\u00f3gicos o actas arbitradas, entre ellos, en la antolog\u00eda&nbsp;<em>Latin American Studies: Critiques of Contemporary Cinema, Literatures, Politics and Revolution<\/em>&nbsp;de David Gallagher (ed.), editorial Academica Press (Washington, DC, EEUU, 2012),&nbsp;<em>Los escenarios postnacionales en el Nuevo Cine Latinoamericano<\/em>&nbsp;de M\u00f3nica Satarain y Christian Wehr (eds.), editorial AVM (M\u00fanich, Alemania, 2020) y&nbsp;<em>Poets, Philosophers, Lovers: On the Writings of Giannina Braschi<\/em>, de Frederick Luis Aldama y Tess O\u2019Dwyer (eds.), editorial University of Pittsburgh Press (2020); en las revistas&nbsp;<em>deSignis<\/em>&nbsp;[Barcelona, Espa\u00f1a],&nbsp;<em>e-misf\u00e9rica<\/em>&nbsp;[Estados Unidos],&nbsp;<em>Situarte<\/em>&nbsp;[Venezuela],&nbsp;<em>Revista Estudos Feministas<\/em>&nbsp;[Brasil],&nbsp;<em>Imagofagia<\/em>&nbsp;[Argentina],&nbsp;<em>L\u2019Atalante<\/em>&nbsp;[Espa\u00f1a],&nbsp;<em>Perspectivas<\/em>&nbsp;[Colombia], entre otras. Para&nbsp;<em>Imagofagia,<\/em>&nbsp;funge de editor de dossier y redactor de pr\u00f3logo en torno del tema cuir en el cine de Latinoam\u00e9rica y estudios de masculinidad y de lo masculino en el cine de la misma regi\u00f3n para sendas publicaciones de la revista&nbsp; (2012 y 2015, respectivamente).<\/p>\n\n\n\n<p>Entre otros consejos editoriales, forma parte del consejo editorial de la Latin American Gender and Sexuality series, Lexington Books (Inglaterra, desde junio del 2014) de la revista en papel&nbsp;<em>N\u00f3mada,<\/em>&nbsp;la revista digital&nbsp;<em>El Cuarto del Quenep\u00f3n<\/em>&nbsp;y fue editor asociado de la&nbsp;<em>Revista Ingenios<\/em>&nbsp;(UPR-RP, Puerto Rico). Ha publicado art\u00edculos period\u00edsticos en<em>&nbsp;Di\u00e1logo, Paliques, The San Juan Star, El Nuevo D\u00eda<\/em>&nbsp;y&nbsp;<em>Claridad,<\/em>&nbsp;entre otros. En la radio, ha sido invitado como entrevistado en varias ocasiones tanto en Puerto Rico como en Venezuela, am\u00e9n de que fue co-locutor de programa de entrevistas culturales titulado Radio Alicia en Puerto Rico. Ha contribuido en sobremanera con op\u00fasculos de cat\u00e1logo de exposici\u00f3n de diferentes artistas del patio, entre ellos en homenaje al artista Julio Rosado del Valle (P\u00fablica, julio de 2022). Ha sido entrevistado para programas de televisi\u00f3n como&nbsp;<em>Cultura Viva<\/em>&nbsp;y documental televisivo sobre el grafiti de Caridad Sorondo y la organizaci\u00f3n cultural Agua Sol y Sereno de Pedro Adorno, entre otros. Es el moderador del foro de \u201cSemana de Puerto Rico\u201d en Casa de Am\u00e9rica (2021, Espa\u00f1a).<\/p>\n\n\n\n<p>Se desenvolvi\u00f3 como Co-Director (\u201cCo-Chair\u201d) de la Secci\u00f3n de Estudios de Cine de LASA [Latin American Studies Association] (t\u00e9rminos 2009-2011 y 2011-2012) e integr\u00f3 el mismo consejo en otros puestos en a\u00f1os sucesivos (2012-2015). En un pasado, ocup\u00f3 puesto de Secretario ejecutivo en la Asociaci\u00f3n Puertorrique\u00f1a de Programas Acad\u00e9micos de Comunicaci\u00f3n (APPAC). Fue profesor invitado para ofrecer el m\u00f3dulo cuir en curso a distancia creado por la doctora Mareia Quintero,<em>Estudios culturales: perspectivas caribe\u00f1as y latinoamericanas,&nbsp;<\/em>CLACSO, 2015 yel m\u00f3dulo dedicado a la escritora Giannina Braschi en la Universidad de Udine (2021, Italia)<strong>.<\/strong>&nbsp; Ha sido evaluador de procedimientos arbitrados y a ciegas de las revistas&nbsp;<em>Sage<\/em>&nbsp;(Inglaterra), la&nbsp;<em>Revista Secuencias&nbsp;<\/em>(M\u00e9xico),&nbsp;<em>Latin American Research Review<\/em>&nbsp;(EEUU)<strong>,<\/strong>&nbsp;entre otras, y conferenciante invitado en las instituciones Amherst College en MA y State University of New York en Plattsburgh.<\/p>\n\n\n\n<p>Adem\u00e1s de dirigir numerosas tesinas y tesis de maestr\u00eda, funge de co-director por invitaci\u00f3n de dos tesis doctorales en la Universidad Polit\u00e9cnica de Valencia (Espa\u00f1a). Ha formado parte a su vez de consejos de asesor\u00eda para el Museo de Arte Contempor\u00e1neo en un pasado y al momento para el Museo de Arte de Ponce, adem\u00e1s de&nbsp; jurados de periodismo, artes pl\u00e1sticas, arquitectura (de fin de curso) y cine, entre ellos, para el Overseas Press Club, Universidad Polit\u00e9cnica de Puerto Rico, premio UBS del Museo de Arte de Puerto Rico, la Fundaci\u00f3n Comunitaria de Puerto Rico, Cinefiesta y el San Juan Cinemafest, as\u00ed como tambi\u00e9n conferenciante e integrante de jurado en el Festival de Cortometraje Manuel Trujillo Dur\u00e1n en Maracaibo (Venezuela). En un pasado, form\u00f3 parte por a\u00f1adidura de la Junta de Directores de la Escuela de Arte Pl\u00e1sticas y Dise\u00f1o de Puerto Rico. Para concluir, gana becas de investigaci\u00f3n por concurso de: a) iINAS de la UPR-RP (2014) y b) \u201cEtta Becker-Donner\u201d del Instituto Austriaco para Am\u00e9rica Latina de Viena, Austria (junio 2017).<\/p>\n\n\n\n<p class=\"has-vivid-red-color has-text-color has-link-color wp-elements-2bf8ed8f4bbdefa44918e9871b99610a\"><a href=\"https:\/\/humanidades.uprrp.edu\/prei\/?page_id=396\" target=\"_blank\" rel=\"noreferrer noopener\"><strong>Dra. Mareia Quintero Rivera<\/strong><\/a><br>Catedr\u00e1tica<br><a href=\"mailto:%20mareia.quintero2@upr.edu\">mareia.quintero2@upr.edu<\/a><\/p>\n\n\n\n<p>Doctora en Historia Social por la Universidad de S\u00e3o Pulo (2002), cuenta con una formaci\u00f3n y trayectoria acad\u00e9mica interdisciplinaria en el campo de los estudios culturales, iniciada en la Facultad de Humanidades del Recinto de R\u00edo Piedras donde realiz\u00f3 un bachillerato en m\u00fasica (1992) y continuada en la Universidad de S\u00e3o Paulo donde, adem\u00e1s del doctorado, complet\u00f3 una Maestr\u00eda en Integraci\u00f3n de Am\u00e9rica Latina (1996). Sus investigaciones y publicaciones abordan temas como la cr\u00edtica cultural en el Caribe y el Brasil y los debates en torno a \u201craza\u201d y naci\u00f3n; los entrecruces entre arte y pol\u00edtica en la creaci\u00f3n art\u00edstica contempor\u00e1nea y la gesti\u00f3n de pol\u00edticas culturales.&nbsp;Es autora del libro&nbsp;<em>A cor e o som da na\u00e7\u00e3o: A id\u00e9ia de mesti\u00e7agem na cr\u00edtica musical do Caribe Hisp\u00e2nico Insular e o Brasil (1928-1948)&nbsp;<\/em>(Annablume, 2000) y co-editora junto a Anayra Santory de la&nbsp;<em>Antolog\u00eda del pensamiento cr\u00edtico puertorrique\u00f1o contempor\u00e1neo<\/em>&nbsp;(CLACSO, 2018), entre otras publicaciones.<\/p>\n\n\n\n<p>Ha sido profesora y conferenciante invitada en universidades de Brasil, Argentina, Chile, Colombia, Canad\u00e1 y Estados Unidos. Participa de diversas organizaciones de intercambio acad\u00e9mico y cultural como el International Council for Traditional Music (ICTM) y la red internacional&nbsp;<em>Otra hoja de ruta para la educaci\u00f3n art\u00edstica.&nbsp;<\/em>Entre los a\u00f1os 2013 al 2015 presidi\u00f3 la Comisi\u00f3n para el Desarrollo Cultural e integr\u00f3 la Junta de Directores del Instituto de Cultura Puertorrique\u00f1a y de la Escuela de Artes Pl\u00e1sticas.<\/p>\n\n\n\n<p>Desde el 2002 se desempe\u00f1a como profesora de la Facultad de Humanidades&nbsp;de la Universidad de Puerto Rico, Recinto de R\u00edo Piedras, donde ocupa el cargo de coodinadora de la Maestr\u00eda en Gesti\u00f3n y Administraci\u00f3n Cultural. Tambi\u00e9n ha fungido como directora del Programa en Estudios Interdisciplinarios (2011-2014).<\/p>\n\n\n\n<p class=\"has-vivid-red-color has-text-color has-link-color wp-elements-b689e4e0c10a18a21fc4a990a8d38398\"><strong>Dr. Pedro A. Reina P\u00e9rez<br><\/strong>Catedr\u00e1tico<br><a href=\"mailto:%20pedro.reina1@upr.edu\">pedro.reina1@upr.edu<\/a><\/p>\n\n\n\n<p>Es&nbsp;director del Programa de Estudios Interdisciplinarios (PREI) y profesor de la Maestr\u00eda en gesti\u00f3n y administraci\u00f3n cultural (MAGAC) de la Facultad de Humanidades, con rango de Catedr\u00e1tico. Es tambi\u00e9n director del&nbsp;<em>Harvard Puerto Rico Winter Institute&nbsp;<\/em>(2017-2022), programa colaborativo con el&nbsp;<em>David Rockefeller Center for Latin American Studies<\/em>&nbsp;de la Universidad de Harvard. Como historiador Reina se especializa en la historia contempor\u00e1nea del Caribe hispano, con particular \u00e9nfasis en el estudio de las instituciones p\u00fablicas de cultura. Sus l\u00edneas de investigaci\u00f3n incluyen el estudio del empresarismo, el an\u00e1lisis de pol\u00edticas p\u00fablicas y la innovaci\u00f3n social con artes y humanidades.<\/p>\n\n\n\n<p>Ha sido autor y\/o editor de doce libros, entre los que se destacan&nbsp;<strong>La semilla que sembramos: Autobiografia del proyecto nacional<\/strong>&nbsp;(2003);&nbsp;<strong>Cavilando el fin del mundo: Luis Mu\u00f1oz Mar\u00edn y las Conferencias Godkin 1959<\/strong>&nbsp;(2005);&nbsp;<strong>Cr\u00f3nica en tres tiempos: La Orquesta Sinf\u00f3nica de Puerto Rico, 1958-2008<\/strong>&nbsp;(2008);&nbsp;<strong>Gabriel B\u00e9rriz: Poeta del paisaje&nbsp;<\/strong>(2014); y Ciencia con Humanidad: Entrevistas a la comunidad cient\u00edfica durante la pandemia (2022).<\/p>\n\n\n\n<p>Como gestor cultural y consultor Reina posee amplia experiencia en el desarrollo de programas y en la evaluaci\u00f3n de proyectos. Trabaj\u00f3 para la Fundaci\u00f3n Puertorrique\u00f1a de las Humanidades (1993-1997), el&nbsp;<em>National Endowment for the Humanities&nbsp;<\/em>(1995) y la Fundaci\u00f3n del Banco Popular (1998-2013), entre otros. Form\u00f3 parte del Consejo General de la Editorial de la UPR (2003-2010), de la Junta de Revistas del Instituto de Cultura Puertorrique\u00f1a (2002-2008), de la Junta de S\u00edndicos del Museo de las Am\u00e9ricas (2008-2016) y del comit\u00e9 editorial de la Revista Secuencia: Revista de Historia y Ciencias Sociales, del Instituto de Investigaciones Dr. Jos\u00e9 Mar\u00eda Luis Mora (Ciudad de M\u00e9xico). &nbsp;Para televisi\u00f3n fue investigador y coguionista de los documentales&nbsp;<strong>Si me da el tiempo<\/strong>&nbsp;(WIPR-TV, 2005), y&nbsp;<strong>Pal\u00e9s y la rumba de esquina<\/strong>&nbsp;(Banco Popular, 2009). Adem\u00e1s, fue asesor hist\u00f3rico del documental&nbsp;<strong>Pau Casals: La m\u00fasica por la paz<\/strong>&nbsp;(Televisi\u00f3n Espa\u00f1ola, 2012).<\/p>\n\n\n\n<p>Como periodista ha sido columnista desde 2003 del diario El Nuevo D\u00eda y ha publicado con regularidad en El Pa\u00eds (Espa\u00f1a),&nbsp;<em>The New York Times en espa\u00f1ol, The Boston Globe&nbsp;<\/em>y<em>&nbsp;ReVista: Harvard Review of Latin America.&nbsp;<\/em>Ha sido reconocido dos veces con el Premio Nacional de Periodismo Bol\u00edvar Pag\u00e1n (Instituto de Literatura Puertorrique\u00f1a) en 2006 y 2015.<\/p>\n\n\n\n<p>Posee un doctorado en historia del Centro de Estudios Avanzados de Puerto Rico y el Caribe, y un bachillerato en Estudios Latinoamericanos de&nbsp;<em>New York University<\/em>. Para muestra de su trabajo y proyectos puede acceder al sitio web&nbsp;<a href=\"http:\/\/www.pedroreinaperez.com\/\">www.pedroreinaperez.com<\/a><\/p>\n\n\n\n<p class=\"has-vivid-red-color has-text-color has-link-color wp-elements-bb567f61cc10eb42f908605b24a2ccc9\"><strong>Dra. Natasha Sagard\u00eda Beltr\u00e1n<\/strong><br><strong>Catedr\u00e1tica Auxiliar<\/strong><br><a href=\"mailto:natasha.sagardia@upr.edu\"><strong>natasha.sagardia@upr.edu<\/strong><\/a><\/p>\n\n\n\n<p>Doctora en Sociolog\u00eda por la Universidad de Lisboa en Portugal, cuenta tambi\u00e9n con una Maestr\u00eda en Gesti\u00f3n y Administraci\u00f3n Cultural de la UPR, Recinto de R\u00edo Piedras y un Bachillerato en Estudios Iberoamericanos de la UPR, Recinto de Arecibo. Argentina de nacimiento y puertorrique\u00f1a de crianza, Natasha Sagard\u00eda fue campeona mundial del deporte del Bodyboarding representando a la isla y su gesta atl\u00e9tica es parte de una exhibici\u00f3n fija en el Museo del Deporte de Guaynabo. Se ha desempe\u00f1ado como profesora por nueve a\u00f1os para el sistema de la Universidad de Puerto Rico entre los recintos de Arecibo, Utuado y R\u00edo Piedras. Actualmente funge como Catedr\u00e1tica Auxiliar en el Programa de Estudios Interdisciplinarios de la Universidad de Puerto Rico en R\u00edo Piedras. Es co-fundadora de la Fundaci\u00f3n Luci\u00e9rnagas, entidad sin fines de lucro en la que dise\u00f1a y gestiona programas educativos, culturales y de emprendimiento tur\u00edstico para comunidades costeras desventajadas en la isla.<\/p>\n\n\n\n<p>Entre sus intereses de investigaci\u00f3n e inspiraci\u00f3n para sus escritos cabe mencionar la cotidianidad, el individuo reflexivo de la contemporaneidad, la interacci\u00f3n social y la agencia c\u00edvica. En el 2019 public\u00f3 su primera colecci\u00f3n de cuentos titulada Bellas Brujas. Ha publicado art\u00edculos de car\u00e1cter cient\u00edfico en revistas acad\u00e9micas como El Amauta y Forum y fue creadora de la columna semanal titulada Del Taco a la Chancleta en el peri\u00f3dico Metro. Recientemente fue galardonada con el reconocimiento de la Catedra por la Paz, por su trabajo pedag\u00f3gico ligado a la estimulaci\u00f3n de la capacidad cr\u00edtica en asuntos de ciudadan\u00eda, iniciativa de la UNESCO, cap\u00edtulo de Puerto Rico del recinto de R\u00edo Piedras.<\/p>\n\n\n\n<p class=\"has-vivid-red-color has-text-color has-link-color wp-elements-3fb5c4795e655e3315fe547da5117fa3\"><strong>Colaboradorxs:<\/strong><\/p>\n\n\n\n<p>B\u00e1rbara Abad\u00eda<\/p>\n\n\n\n<p>Freddy Acevedo<\/p>\n\n\n\n<p>Aravind Adyanthaya<\/p>\n\n\n\n<p>Ramaris Albert Trinidad<\/p>\n\n\n\n<p>Mila Aponte-Gonz\u00e1lez<\/p>\n\n\n\n<p>Mayra Cristina Artiles<\/p>\n\n\n\n<p>Marc Jean Bernard<\/p>\n\n\n\n<p>Amexis Bonilla<\/p>\n\n\n\n<p>Kisha Burgos<\/p>\n\n\n\n<p>Osvaldo Burgos<\/p>\n\n\n\n<p>Cezanne Cardona<\/p>\n\n\n\n<p>Sof\u00eda Cardona<\/p>\n\n\n\n<p>Zaira Rivera Casellas<\/p>\n\n\n\n<p>Mayra Ch\u00e1rriez<\/p>\n\n\n\n<p>Lynette Cintr\u00f3n<\/p>\n\n\n\n<p>Mar\u00eda Collazo<\/p>\n\n\n\n<p>Loretta Collins<\/p>\n\n\n\n<p>Dialitza Col\u00f3n<\/p>\n\n\n\n<p>Windy Cosme<\/p>\n\n\n\n<p>Jeanne D\u2019Arc Casas<\/p>\n\n\n\n<p>Gabriel de la Luz<\/p>\n\n\n\n<p>Juan Delgado<\/p>\n\n\n\n<p>\u00c9rika Font\u00e1nez<\/p>\n\n\n\n<p>Sonia Fritz<\/p>\n\n\n\n<p>Teresa Hern\u00e1ndez<\/p>\n\n\n\n<p>Carola Garc\u00eda<\/p>\n\n\n\n<p>Iliana Garc\u00eda<\/p>\n\n\n\n<p>C\u00e1ndida Gonz\u00e1lez<\/p>\n\n\n\n<p>Jorge Gonz\u00e1lez<\/p>\n\n\n\n<p>Libia Gonz\u00e1lez<\/p>\n\n\n\n<p>V\u00edctor Gonz\u00e1lez<\/p>\n\n\n\n<p>Ana M. Hern\u00e1ndez<\/p>\n\n\n\n<p>Eduardo Lalo<\/p>\n\n\n\n<p>Elidio Latorre Lagares<\/p>\n\n\n\n<p>Mariela Maestre<\/p>\n\n\n\n<p>Janet McCleannan<\/p>\n\n\n\n<p>Carlos Miranda<\/p>\n\n\n\n<p>Katherine Miranda<\/p>\n\n\n\n<p>Gabriel Moreno<\/p>\n\n\n\n<p>Nalini Natarajan<\/p>\n\n\n\n<p>Manolo Nu\u00f1ez Negr\u00f3n<\/p>\n\n\n\n<p>Mari Mater O\u2019Neill<\/p>\n\n\n\n<p>Cruz Miguel Ortiz<\/p>\n\n\n\n<p>Alexandra Pag\u00e1n<\/p>\n\n\n\n<p>Margarita Parrilla<\/p>\n\n\n\n<p>Mark Pedreira<\/p>\n\n\n\n<p>Alicia Petru Gerena<\/p>\n\n\n\n<p>Alejandra Ramos<\/p>\n\n\n\n<p>Alfredo Rivas<\/p>\n\n\n\n<p>Celiani Rivera Vel\u00e1zquez<\/p>\n\n\n\n<p>Jos\u00e9 Robledo<\/p>\n\n\n\n<p>Mario Roche Morales<\/p>\n\n\n\n<p>Eduardo Rodr\u00edguez<\/p>\n\n\n\n<p>Isel Rodr\u00edguez<\/p>\n\n\n\n<p>Celina Romany<\/p>\n\n\n\n<p>Roque Salas Rivera<\/p>\n\n\n\n<p>Yamil Samalot Rivera<\/p>\n\n\n\n<p>Jorge Santiago<\/p>\n\n\n\n<p>Mayra Santos Febres<\/p>\n\n\n\n<p>Noem\u00ed Segarra<\/p>\n\n\n\n<p>Haydee Seijo<\/p>\n\n\n\n<p>H\u00e9ctor Sep\u00falveda<\/p>\n\n\n\n<p>Diana Soto<\/p>\n\n\n\n<p>Ana Teresa Toro<\/p>\n\n\n\n<p>Jorge L. Torres<\/p>\n\n\n\n<p>Maximiano V\u00e1ldes<\/p>\n\n\n\n<p>Jorge V\u00e9lez<\/p>\n\n\n\n<p>Juan Ward<\/p>\n\n\n\n<p>Mailye Matos<\/p>\n\n\n\n<p>Gabriel Mart\u00ednez<\/p>\n\n\n\n<p>Carla Godreau Irizarry<\/p>\n\n\n\n<p>Limary Rivera R\u00edos<\/p>\n\n\n\n<p>Velia Rodr\u00edguez<\/p>\n\n\n\n<p>Eliani Parrilla<\/p>\n\n\n\n<p>Irene Alberty<\/p>\n\n\n\n<p>Jos\u00e9 Javier L\u00f3pez<\/p>\n","protected":false},"excerpt":{"rendered":"<p>Dr. Dorian Lugo Bertr\u00e1nCatedr\u00e1ticodorian.lugo1@upr.edu Es Catedr\u00e1tico del Programa de Estudios Interdisciplinarios (PREI) de la Facultad de Humanidades de la Universidad de Puerto Rico, Recinto de R\u00edo Piedras (UPR-RP. Fue tambi\u00e9n Director interino del PREI (2017-2019) y Coordinador del programa de Maestr\u00eda en Gesti\u00f3n y Administraci\u00f3n Cultural (2014-16), posgrado que integra &#8230;<\/p>\n","protected":false},"author":3,"featured_media":0,"parent":0,"menu_order":0,"comment_status":"closed","ping_status":"closed","template":"","meta":{"footnotes":""},"class_list":["post-238","page","type-page","status-publish","hentry","column","twocol"],"_links":{"self":[{"href":"https:\/\/humanidades.uprrp.edu\/prei\/index.php?rest_route=\/wp\/v2\/pages\/238","targetHints":{"allow":["GET"]}}],"collection":[{"href":"https:\/\/humanidades.uprrp.edu\/prei\/index.php?rest_route=\/wp\/v2\/pages"}],"about":[{"href":"https:\/\/humanidades.uprrp.edu\/prei\/index.php?rest_route=\/wp\/v2\/types\/page"}],"author":[{"embeddable":true,"href":"https:\/\/humanidades.uprrp.edu\/prei\/index.php?rest_route=\/wp\/v2\/users\/3"}],"replies":[{"embeddable":true,"href":"https:\/\/humanidades.uprrp.edu\/prei\/index.php?rest_route=%2Fwp%2Fv2%2Fcomments&post=238"}],"version-history":[{"count":32,"href":"https:\/\/humanidades.uprrp.edu\/prei\/index.php?rest_route=\/wp\/v2\/pages\/238\/revisions"}],"predecessor-version":[{"id":710,"href":"https:\/\/humanidades.uprrp.edu\/prei\/index.php?rest_route=\/wp\/v2\/pages\/238\/revisions\/710"}],"wp:attachment":[{"href":"https:\/\/humanidades.uprrp.edu\/prei\/index.php?rest_route=%2Fwp%2Fv2%2Fmedia&parent=238"}],"curies":[{"name":"wp","href":"https:\/\/api.w.org\/{rel}","templated":true}]}}