{"id":23,"date":"2013-11-18T14:28:48","date_gmt":"2013-11-18T14:28:48","guid":{"rendered":"http:\/\/humanidades.uprrp.edu\/prei\/?page_id=23"},"modified":"2025-10-24T18:17:40","modified_gmt":"2025-10-24T18:17:40","slug":"requisitos-de-admision","status":"publish","type":"page","link":"https:\/\/humanidades.uprrp.edu\/prei\/?page_id=23","title":{"rendered":"Requisitos de Admisi\u00f3n"},"content":{"rendered":"<p style=\"text-align: justify;\"><a href=\"https:\/\/humanidades.uprrp.edu\/prei\/wp-content\/uploads\/2013\/11\/Screen-Shot-2016-02-17-at-3.52.50-PM1.png\"><img loading=\"lazy\" decoding=\"async\" class=\"size-medium wp-image-173 alignleft\" src=\"https:\/\/humanidades.uprrp.edu\/prei\/wp-content\/uploads\/2013\/11\/Screen-Shot-2016-02-17-at-3.52.50-PM1-300x212.png\" alt=\"Screen Shot 2016-02-17 at 3.52.50 PM\" width=\"300\" height=\"212\" srcset=\"https:\/\/humanidades.uprrp.edu\/prei\/wp-content\/uploads\/2013\/11\/Screen-Shot-2016-02-17-at-3.52.50-PM1-300x212.png 300w, https:\/\/humanidades.uprrp.edu\/prei\/wp-content\/uploads\/2013\/11\/Screen-Shot-2016-02-17-at-3.52.50-PM1.png 506w\" sizes=\"auto, (max-width: 300px) 100vw, 300px\" \/><\/a><\/p>\n<p>Para ingresar al PREI lxs estudiantes deben cumplir con los requisitos de admisi\u00f3n del Recinto de R\u00edo Piedras y los criterios espec\u00edficos de la Facultad de Humanidades. Cada caso se eval\u00faa seg\u00fan sus m\u00e9ritos y seg\u00fan el cupo del Programa.\u00a0La Oficina de Admisiones del Recinto le puede brindar informaci\u00f3n al respecto.\u00a0Por otra parte, para obtener detalles sobre los requisitos de ingreso a la Facultad de Humanidades llame al Decanato Auxiliar de Asuntos Estudiantiles de la misma (787-764-0000, ext. 89795). Para estudiantes de traslado, transferencia o reclasificaci\u00f3n,\u00a0el \u00edndice de ingreso m\u00ednimo para todas \u00e1reas de \u00e9nfasis es de 2.50. Cabe agregar que el Programa en Estudios Interdisciplinarios se definir\u00e1 como primera concentraci\u00f3n en el caso de que lxs estudiantes decidan hacer una doble concentraci\u00f3n.<\/p>\n","protected":false},"excerpt":{"rendered":"<p>Para ingresar al PREI lxs estudiantes deben cumplir con los requisitos de admisi\u00f3n del Recinto de R\u00edo Piedras y los criterios espec\u00edficos de la Facultad de Humanidades. Cada caso se eval\u00faa seg\u00fan sus m\u00e9ritos y seg\u00fan el cupo del Programa.\u00a0La Oficina de Admisiones del Recinto le puede brindar informaci\u00f3n al &#8230;<\/p>\n","protected":false},"author":3,"featured_media":0,"parent":0,"menu_order":0,"comment_status":"closed","ping_status":"closed","template":"","meta":{"footnotes":""},"class_list":["post-23","page","type-page","status-publish","hentry","column","twocol"],"_links":{"self":[{"href":"https:\/\/humanidades.uprrp.edu\/prei\/index.php?rest_route=\/wp\/v2\/pages\/23","targetHints":{"allow":["GET"]}}],"collection":[{"href":"https:\/\/humanidades.uprrp.edu\/prei\/index.php?rest_route=\/wp\/v2\/pages"}],"about":[{"href":"https:\/\/humanidades.uprrp.edu\/prei\/index.php?rest_route=\/wp\/v2\/types\/page"}],"author":[{"embeddable":true,"href":"https:\/\/humanidades.uprrp.edu\/prei\/index.php?rest_route=\/wp\/v2\/users\/3"}],"replies":[{"embeddable":true,"href":"https:\/\/humanidades.uprrp.edu\/prei\/index.php?rest_route=%2Fwp%2Fv2%2Fcomments&post=23"}],"version-history":[{"count":13,"href":"https:\/\/humanidades.uprrp.edu\/prei\/index.php?rest_route=\/wp\/v2\/pages\/23\/revisions"}],"predecessor-version":[{"id":724,"href":"https:\/\/humanidades.uprrp.edu\/prei\/index.php?rest_route=\/wp\/v2\/pages\/23\/revisions\/724"}],"wp:attachment":[{"href":"https:\/\/humanidades.uprrp.edu\/prei\/index.php?rest_route=%2Fwp%2Fv2%2Fmedia&parent=23"}],"curies":[{"name":"wp","href":"https:\/\/api.w.org\/{rel}","templated":true}]}}