{"id":222,"date":"2017-09-12T15:15:13","date_gmt":"2017-09-12T15:15:13","guid":{"rendered":"http:\/\/humanidades.uprrp.edu\/prei\/?page_id=222"},"modified":"2024-02-15T19:31:50","modified_gmt":"2024-02-15T19:31:50","slug":"estudios-de-cine-y-audiovisual","status":"publish","type":"page","link":"https:\/\/humanidades.uprrp.edu\/prei\/?page_id=222","title":{"rendered":"Estudios de Cine y Audiovisual"},"content":{"rendered":"<div>\n<p style=\"text-align: justify;\">El \u00e1rea de \u00e9nfasis Estudios de Cine y Audiovisual pretende el acercamiento al medio desde un punto de vista anal\u00edtico, lo cual incluye historia y teor\u00eda. Se har\u00e1 hincapi\u00e9 en el estudio del cine; sin embargo, dependiendo de la disponibilidad de recursos, se pueden ofrecer cursos tambi\u00e9n sobre lo audiovisual en general, sea radio, televisi\u00f3n, series web, videoarte, videojuegos, vjing, etc.. Como parte de los cursos de selecci\u00f3n dirigida, se pueden agregar\u00a0 un m\u00ednimo de cursos de tipo pr\u00e1ctico en cine y audiovisual, siempre y cuando cuenten con el visto bueno de la direcci\u00f3n del PREI previo a la matr\u00edcula en dicho curso. No obstante, el eje de la formaci\u00f3n de Estudios de Cine y Audiovisual debe ser\u00a0 anal\u00edtico.<\/p>\n<p style=\"text-align: center;\"><a href=\"https:\/\/drive.google.com\/file\/d\/1-8OqNviK0T6JIEbcodxW3BSb41M7VzUH\/view?usp=drive_link\">\u00a0Hoja de evaluaci\u00f3n acad\u00e9mica y cursos de selecci\u00f3n dirigida de Estudios de Cine y Audiovisual<\/a><br \/>\n<span style=\"font-size: revert; color: initial; font-family: -apple-system, BlinkMacSystemFont, 'Segoe UI', Roboto, Oxygen-Sans, Ubuntu, Cantarell, 'Helvetica Neue', sans-serif;\">(para estudiantes de ingreso anterior a agosto de 2021)<\/span><\/p>\n<p style=\"text-align: center;\"><a href=\"https:\/\/drive.google.com\/file\/d\/1I5PxkANW7N6URpPEmoviATfvm-rl3XbH\/view\">\u00a0<\/a><\/p>\n<p style=\"text-align: center;\"><a href=\"https:\/\/drive.google.com\/file\/d\/1ci9ViUjh50AQqiR6-gflpSyIndhkX38b\/view?usp=drive_link\">Hoja de evaluaci\u00f3n acad\u00e9mica y cursos de selecci\u00f3n dirigida de Estudios de Cine y Audiovisual <\/a><br \/>\n(Para estudiantes admitidos a partir de agosto 2021)<\/p>\n<\/div>\n<div style=\"text-align: center;\"><\/div>\n","protected":false},"excerpt":{"rendered":"<p>El \u00e1rea de \u00e9nfasis Estudios de Cine y Audiovisual pretende el acercamiento al medio desde un punto de vista anal\u00edtico, lo cual incluye historia y teor\u00eda. Se har\u00e1 hincapi\u00e9 en el estudio del cine; sin embargo, dependiendo de la disponibilidad de recursos, se pueden ofrecer cursos tambi\u00e9n sobre lo audiovisual &#8230;<\/p>\n","protected":false},"author":3,"featured_media":0,"parent":0,"menu_order":0,"comment_status":"closed","ping_status":"closed","template":"","meta":{"footnotes":""},"class_list":["post-222","page","type-page","status-publish","hentry","column","twocol"],"_links":{"self":[{"href":"https:\/\/humanidades.uprrp.edu\/prei\/index.php?rest_route=\/wp\/v2\/pages\/222","targetHints":{"allow":["GET"]}}],"collection":[{"href":"https:\/\/humanidades.uprrp.edu\/prei\/index.php?rest_route=\/wp\/v2\/pages"}],"about":[{"href":"https:\/\/humanidades.uprrp.edu\/prei\/index.php?rest_route=\/wp\/v2\/types\/page"}],"author":[{"embeddable":true,"href":"https:\/\/humanidades.uprrp.edu\/prei\/index.php?rest_route=\/wp\/v2\/users\/3"}],"replies":[{"embeddable":true,"href":"https:\/\/humanidades.uprrp.edu\/prei\/index.php?rest_route=%2Fwp%2Fv2%2Fcomments&post=222"}],"version-history":[{"count":19,"href":"https:\/\/humanidades.uprrp.edu\/prei\/index.php?rest_route=\/wp\/v2\/pages\/222\/revisions"}],"predecessor-version":[{"id":640,"href":"https:\/\/humanidades.uprrp.edu\/prei\/index.php?rest_route=\/wp\/v2\/pages\/222\/revisions\/640"}],"wp:attachment":[{"href":"https:\/\/humanidades.uprrp.edu\/prei\/index.php?rest_route=%2Fwp%2Fv2%2Fmedia&parent=222"}],"curies":[{"name":"wp","href":"https:\/\/api.w.org\/{rel}","templated":true}]}}