{"id":96,"date":"2016-11-02T15:47:27","date_gmt":"2016-11-02T19:47:27","guid":{"rendered":"https:\/\/humanidades.uprrp.edu\/musica\/?page_id=96"},"modified":"2016-11-02T15:48:15","modified_gmt":"2016-11-02T19:48:15","slug":"dr-jose-r-iguina-monrozeau-catedratico","status":"publish","type":"page","link":"https:\/\/humanidades.uprrp.edu\/musica\/index.php\/dr-jose-r-iguina-monrozeau-catedratico\/","title":{"rendered":"Dr. Jos\u00e9 R. Iguina Monrozeau, Catedr\u00e1tico"},"content":{"rendered":"<p>Ed.D. Concentraci\u00f3n en Ense\u00f1anza, Curr\u00edculo y Ambientes de Aprendizaje<br \/>\nEscuela Graduada de Educaci\u00f3n<br \/>\nUniversidad de Harvard, Cambridge, Massachusetts, 1993<\/p>\n<p>M.M. Concentraci\u00f3n en Educaci\u00f3n Musical<br \/>\nEscuela para las Artes<br \/>\nUniversidad de Boston, Massachusetts, 1982<\/p>\n<p>B.A. Concentraci\u00f3n en M\u00fasica<br \/>\nFacultad de Humanidades<br \/>\nUniversidad de Puerto Rico, 1977<\/p>\n","protected":false},"excerpt":{"rendered":"<p>Ed.D. Concentraci\u00f3n en Ense\u00f1anza, Curr\u00edculo y Ambientes de Aprendizaje Escuela Graduada de Educaci\u00f3n Universidad de Harvard, Cambridge, Massachusetts, 1993 M.M. Concentraci\u00f3n en Educaci\u00f3n Musical Escuela para las Artes Universidad de Boston, Massachusetts, 1982 B.A. Concentraci\u00f3n en M\u00fasica Facultad de Humanidades Universidad de Puerto Rico, 1977<\/p>\n","protected":false},"author":3,"featured_media":0,"parent":0,"menu_order":0,"comment_status":"closed","ping_status":"closed","template":"","meta":{"footnotes":""},"class_list":["post-96","page","type-page","status-publish","hentry","column","twocol"],"_links":{"self":[{"href":"https:\/\/humanidades.uprrp.edu\/musica\/index.php\/wp-json\/wp\/v2\/pages\/96","targetHints":{"allow":["GET"]}}],"collection":[{"href":"https:\/\/humanidades.uprrp.edu\/musica\/index.php\/wp-json\/wp\/v2\/pages"}],"about":[{"href":"https:\/\/humanidades.uprrp.edu\/musica\/index.php\/wp-json\/wp\/v2\/types\/page"}],"author":[{"embeddable":true,"href":"https:\/\/humanidades.uprrp.edu\/musica\/index.php\/wp-json\/wp\/v2\/users\/3"}],"replies":[{"embeddable":true,"href":"https:\/\/humanidades.uprrp.edu\/musica\/index.php\/wp-json\/wp\/v2\/comments?post=96"}],"version-history":[{"count":2,"href":"https:\/\/humanidades.uprrp.edu\/musica\/index.php\/wp-json\/wp\/v2\/pages\/96\/revisions"}],"predecessor-version":[{"id":99,"href":"https:\/\/humanidades.uprrp.edu\/musica\/index.php\/wp-json\/wp\/v2\/pages\/96\/revisions\/99"}],"wp:attachment":[{"href":"https:\/\/humanidades.uprrp.edu\/musica\/index.php\/wp-json\/wp\/v2\/media?parent=96"}],"curies":[{"name":"wp","href":"https:\/\/api.w.org\/{rel}","templated":true}]}}