{"id":93,"date":"2016-11-02T15:45:14","date_gmt":"2016-11-02T19:45:14","guid":{"rendered":"https:\/\/humanidades.uprrp.edu\/musica\/?page_id=93"},"modified":"2016-11-02T15:45:14","modified_gmt":"2016-11-02T19:45:14","slug":"profa-margarita-castro-alberty-catedratica-auxiliar","status":"publish","type":"page","link":"https:\/\/humanidades.uprrp.edu\/musica\/index.php\/profa-margarita-castro-alberty-catedratica-auxiliar\/","title":{"rendered":"Profa. Margarita Castro Alberty, Catedr\u00e1tica Auxiliar"},"content":{"rendered":"<p>Doctorado Honoris Causa<br \/>\nUniversidad de Puerto Rico<br \/>\nRecinto de Carolina, 2008<\/p>\n<p>B.A. Concentraci\u00f3n en Artes Pl\u00e1sticas y M\u00fasica<br \/>\nFacultad de Humanidades<br \/>\nUniversidad de Puerto Rico, 1968<\/p>\n<p>Estudios, Conservatorio de M\u00fasica de Puerto Rico, 1970<\/p>\n<p>Estudios, Conservatorio de Santa Cecilia, Roma, 1973<\/p>\n","protected":false},"excerpt":{"rendered":"<p>Doctorado Honoris Causa Universidad de Puerto Rico Recinto de Carolina, 2008 B.A. Concentraci\u00f3n en Artes Pl\u00e1sticas y M\u00fasica Facultad de Humanidades Universidad de Puerto Rico, 1968 Estudios, Conservatorio de M\u00fasica de Puerto Rico, 1970 Estudios, Conservatorio de Santa Cecilia, Roma, 1973<\/p>\n","protected":false},"author":3,"featured_media":0,"parent":0,"menu_order":0,"comment_status":"closed","ping_status":"closed","template":"","meta":{"footnotes":""},"class_list":["post-93","page","type-page","status-publish","hentry","column","twocol"],"_links":{"self":[{"href":"https:\/\/humanidades.uprrp.edu\/musica\/index.php\/wp-json\/wp\/v2\/pages\/93","targetHints":{"allow":["GET"]}}],"collection":[{"href":"https:\/\/humanidades.uprrp.edu\/musica\/index.php\/wp-json\/wp\/v2\/pages"}],"about":[{"href":"https:\/\/humanidades.uprrp.edu\/musica\/index.php\/wp-json\/wp\/v2\/types\/page"}],"author":[{"embeddable":true,"href":"https:\/\/humanidades.uprrp.edu\/musica\/index.php\/wp-json\/wp\/v2\/users\/3"}],"replies":[{"embeddable":true,"href":"https:\/\/humanidades.uprrp.edu\/musica\/index.php\/wp-json\/wp\/v2\/comments?post=93"}],"version-history":[{"count":1,"href":"https:\/\/humanidades.uprrp.edu\/musica\/index.php\/wp-json\/wp\/v2\/pages\/93\/revisions"}],"predecessor-version":[{"id":94,"href":"https:\/\/humanidades.uprrp.edu\/musica\/index.php\/wp-json\/wp\/v2\/pages\/93\/revisions\/94"}],"wp:attachment":[{"href":"https:\/\/humanidades.uprrp.edu\/musica\/index.php\/wp-json\/wp\/v2\/media?parent=93"}],"curies":[{"name":"wp","href":"https:\/\/api.w.org\/{rel}","templated":true}]}}