{"id":87,"date":"2016-11-02T15:43:25","date_gmt":"2016-11-02T19:43:25","guid":{"rendered":"https:\/\/humanidades.uprrp.edu\/musica\/?page_id=87"},"modified":"2016-11-02T15:43:25","modified_gmt":"2016-11-02T19:43:25","slug":"prof-luis-m-alvarez-santana-catedratico","status":"publish","type":"page","link":"https:\/\/humanidades.uprrp.edu\/musica\/index.php\/prof-luis-m-alvarez-santana-catedratico\/","title":{"rendered":"Prof. Luis M. \u00c1lvarez Santana, Catedr\u00e1tico"},"content":{"rendered":"<p>M.A. Etnomusicolog\u00eda<br \/>\nConcentraci\u00f3n Menor en Composici\u00f3n<br \/>\nIndiana University, 1971<\/p>\n<p>B.M. Bachillerato en M\u00fasica<br \/>\nConservatorio de M\u00fasica,1967<br \/>\nB.A. Concentraci\u00f3n en M\u00fasica<br \/>\nFacultad de Humanidades<br \/>\nUniversidad de Puerto Rico, 1962<\/p>\n","protected":false},"excerpt":{"rendered":"<p>M.A. Etnomusicolog\u00eda Concentraci\u00f3n Menor en Composici\u00f3n Indiana University, 1971 B.M. Bachillerato en M\u00fasica Conservatorio de M\u00fasica,1967 B.A. Concentraci\u00f3n en M\u00fasica Facultad de Humanidades Universidad de Puerto Rico, 1962<\/p>\n","protected":false},"author":3,"featured_media":0,"parent":0,"menu_order":0,"comment_status":"closed","ping_status":"closed","template":"","meta":{"footnotes":""},"class_list":["post-87","page","type-page","status-publish","hentry","column","twocol"],"_links":{"self":[{"href":"https:\/\/humanidades.uprrp.edu\/musica\/index.php\/wp-json\/wp\/v2\/pages\/87","targetHints":{"allow":["GET"]}}],"collection":[{"href":"https:\/\/humanidades.uprrp.edu\/musica\/index.php\/wp-json\/wp\/v2\/pages"}],"about":[{"href":"https:\/\/humanidades.uprrp.edu\/musica\/index.php\/wp-json\/wp\/v2\/types\/page"}],"author":[{"embeddable":true,"href":"https:\/\/humanidades.uprrp.edu\/musica\/index.php\/wp-json\/wp\/v2\/users\/3"}],"replies":[{"embeddable":true,"href":"https:\/\/humanidades.uprrp.edu\/musica\/index.php\/wp-json\/wp\/v2\/comments?post=87"}],"version-history":[{"count":1,"href":"https:\/\/humanidades.uprrp.edu\/musica\/index.php\/wp-json\/wp\/v2\/pages\/87\/revisions"}],"predecessor-version":[{"id":89,"href":"https:\/\/humanidades.uprrp.edu\/musica\/index.php\/wp-json\/wp\/v2\/pages\/87\/revisions\/89"}],"wp:attachment":[{"href":"https:\/\/humanidades.uprrp.edu\/musica\/index.php\/wp-json\/wp\/v2\/media?parent=87"}],"curies":[{"name":"wp","href":"https:\/\/api.w.org\/{rel}","templated":true}]}}