{"id":85,"date":"2016-11-02T15:41:18","date_gmt":"2016-11-02T19:41:18","guid":{"rendered":"https:\/\/humanidades.uprrp.edu\/musica\/?page_id=85"},"modified":"2016-11-02T15:41:18","modified_gmt":"2016-11-02T19:41:18","slug":"dr-ernesto-alonso-rivera-catedratico","status":"publish","type":"page","link":"https:\/\/humanidades.uprrp.edu\/musica\/index.php\/dr-ernesto-alonso-rivera-catedratico\/","title":{"rendered":"Dr. Ernesto Alonso Rivera, Catedr\u00e1tico"},"content":{"rendered":"<p>Ph.D. Musicolog\u00eda Hist\u00f3rica<br \/>\nConcentraci\u00f3n Menor en Direcci\u00f3n Orquestal<br \/>\nCatholic University of America, 2002<\/p>\n<p>M.A. Musicolog\u00eda Hist\u00f3rica<br \/>\nCatholic University of America, 1988<\/p>\n<p>M.A. Educaci\u00f3n Musical<br \/>\nCambridge College, 2003<\/p>\n<p>B.M. Viol\u00edn<br \/>\nConservatorio de M\u00fasica de Puerto Rico, 1984<br \/>\nConcentraci\u00f3n Menor en Direcci\u00f3n Orquestal<br \/>\nCMPR, 1985<\/p>\n<p>B.A. Filosof\u00eda<br \/>\nUniversidad de Puerto Rico<br \/>\nMayag\u00fcez, P.R. 1983<\/p>\n","protected":false},"excerpt":{"rendered":"<p>Ph.D. Musicolog\u00eda Hist\u00f3rica Concentraci\u00f3n Menor en Direcci\u00f3n Orquestal Catholic University of America, 2002 M.A. Musicolog\u00eda Hist\u00f3rica Catholic University of America, 1988 M.A. Educaci\u00f3n Musical Cambridge College, 2003 B.M. Viol\u00edn Conservatorio de M\u00fasica de Puerto Rico, 1984 Concentraci\u00f3n Menor en Direcci\u00f3n Orquestal CMPR, 1985 B.A. Filosof\u00eda Universidad de Puerto Rico Mayag\u00fcez, &#8230;<\/p>\n","protected":false},"author":3,"featured_media":0,"parent":0,"menu_order":0,"comment_status":"closed","ping_status":"closed","template":"","meta":{"footnotes":""},"class_list":["post-85","page","type-page","status-publish","hentry","column","twocol"],"_links":{"self":[{"href":"https:\/\/humanidades.uprrp.edu\/musica\/index.php\/wp-json\/wp\/v2\/pages\/85","targetHints":{"allow":["GET"]}}],"collection":[{"href":"https:\/\/humanidades.uprrp.edu\/musica\/index.php\/wp-json\/wp\/v2\/pages"}],"about":[{"href":"https:\/\/humanidades.uprrp.edu\/musica\/index.php\/wp-json\/wp\/v2\/types\/page"}],"author":[{"embeddable":true,"href":"https:\/\/humanidades.uprrp.edu\/musica\/index.php\/wp-json\/wp\/v2\/users\/3"}],"replies":[{"embeddable":true,"href":"https:\/\/humanidades.uprrp.edu\/musica\/index.php\/wp-json\/wp\/v2\/comments?post=85"}],"version-history":[{"count":1,"href":"https:\/\/humanidades.uprrp.edu\/musica\/index.php\/wp-json\/wp\/v2\/pages\/85\/revisions"}],"predecessor-version":[{"id":86,"href":"https:\/\/humanidades.uprrp.edu\/musica\/index.php\/wp-json\/wp\/v2\/pages\/85\/revisions\/86"}],"wp:attachment":[{"href":"https:\/\/humanidades.uprrp.edu\/musica\/index.php\/wp-json\/wp\/v2\/media?parent=85"}],"curies":[{"name":"wp","href":"https:\/\/api.w.org\/{rel}","templated":true}]}}