{"id":76,"date":"2016-11-02T15:34:41","date_gmt":"2016-11-02T19:34:41","guid":{"rendered":"https:\/\/humanidades.uprrp.edu\/musica\/?page_id=76"},"modified":"2020-11-18T14:02:07","modified_gmt":"2020-11-18T18:02:07","slug":"taller-de-jazz-y-musica-popular","status":"publish","type":"page","link":"https:\/\/humanidades.uprrp.edu\/musica\/index.php\/taller-de-jazz-y-musica-popular\/","title":{"rendered":"Taller de Jazz y M\u00fasica Popular"},"content":{"rendered":"<p>Esta agrupaci\u00f3n acad\u00e9mica es auspiciada por el Decanato de Estudiantes y el Departa-mento de M\u00fasica, como una secci\u00f3n del curso Agrupaciones instrumentales menores.\u00a0 El grupo estudia diversos g\u00e9neros de la m\u00fasica popular con \u00e9nfasis en el jazz y sus fusiones.\u00a0 Su actual director es el Prof. Samuel Morales Correa.<\/p>\n<p><img loading=\"lazy\" decoding=\"async\" class=\"alignnone wp-image-284 size-full\" src=\"https:\/\/humanidades.uprrp.edu\/musica\/wp-content\/uploads\/2020\/11\/jazz-e1605722518722.png\" alt=\"\" width=\"975\" height=\"651\" srcset=\"https:\/\/humanidades.uprrp.edu\/musica\/wp-content\/uploads\/2020\/11\/jazz-e1605722518722.png 975w, https:\/\/humanidades.uprrp.edu\/musica\/wp-content\/uploads\/2020\/11\/jazz-e1605722518722-300x200.png 300w, https:\/\/humanidades.uprrp.edu\/musica\/wp-content\/uploads\/2020\/11\/jazz-e1605722518722-768x513.png 768w, https:\/\/humanidades.uprrp.edu\/musica\/wp-content\/uploads\/2020\/11\/jazz-e1605722518722-700x467.png 700w, https:\/\/humanidades.uprrp.edu\/musica\/wp-content\/uploads\/2020\/11\/jazz-e1605722518722-332x222.png 332w\" sizes=\"auto, (max-width: 975px) 100vw, 975px\" \/><\/p>\n<p>&nbsp;<\/p>\n","protected":false},"excerpt":{"rendered":"<p>Esta agrupaci\u00f3n acad\u00e9mica es auspiciada por el Decanato de Estudiantes y el Departa-mento de M\u00fasica, como una secci\u00f3n del curso Agrupaciones instrumentales menores.\u00a0 El grupo estudia diversos g\u00e9neros de la m\u00fasica popular con \u00e9nfasis en el jazz y sus fusiones.\u00a0 Su actual director es el Prof. Samuel Morales Correa. &nbsp;<\/p>\n","protected":false},"author":3,"featured_media":0,"parent":0,"menu_order":0,"comment_status":"closed","ping_status":"closed","template":"","meta":{"footnotes":""},"class_list":["post-76","page","type-page","status-publish","hentry","column","twocol"],"_links":{"self":[{"href":"https:\/\/humanidades.uprrp.edu\/musica\/index.php\/wp-json\/wp\/v2\/pages\/76","targetHints":{"allow":["GET"]}}],"collection":[{"href":"https:\/\/humanidades.uprrp.edu\/musica\/index.php\/wp-json\/wp\/v2\/pages"}],"about":[{"href":"https:\/\/humanidades.uprrp.edu\/musica\/index.php\/wp-json\/wp\/v2\/types\/page"}],"author":[{"embeddable":true,"href":"https:\/\/humanidades.uprrp.edu\/musica\/index.php\/wp-json\/wp\/v2\/users\/3"}],"replies":[{"embeddable":true,"href":"https:\/\/humanidades.uprrp.edu\/musica\/index.php\/wp-json\/wp\/v2\/comments?post=76"}],"version-history":[{"count":2,"href":"https:\/\/humanidades.uprrp.edu\/musica\/index.php\/wp-json\/wp\/v2\/pages\/76\/revisions"}],"predecessor-version":[{"id":285,"href":"https:\/\/humanidades.uprrp.edu\/musica\/index.php\/wp-json\/wp\/v2\/pages\/76\/revisions\/285"}],"wp:attachment":[{"href":"https:\/\/humanidades.uprrp.edu\/musica\/index.php\/wp-json\/wp\/v2\/media?parent=76"}],"curies":[{"name":"wp","href":"https:\/\/api.w.org\/{rel}","templated":true}]}}