{"id":72,"date":"2016-11-02T15:32:16","date_gmt":"2016-11-02T19:32:16","guid":{"rendered":"https:\/\/humanidades.uprrp.edu\/musica\/?page_id=72"},"modified":"2020-11-18T14:00:55","modified_gmt":"2020-11-18T18:00:55","slug":"conjunto-criollo","status":"publish","type":"page","link":"https:\/\/humanidades.uprrp.edu\/musica\/index.php\/conjunto-criollo\/","title":{"rendered":"Conjunto Criollo"},"content":{"rendered":"<p>Fue fundado por el Prof. Luis Manuel \u00c1lvarez, quien fuera su primer director. Se dedica a interpretar la m\u00fasica t\u00edpica puertorrique\u00f1a con los instrumentos tradicionales. Su actual director es el Dr. Irvin Santiago D\u00edaz.<\/p>\n<p><img loading=\"lazy\" decoding=\"async\" class=\"alignnone wp-image-281 size-full\" src=\"https:\/\/humanidades.uprrp.edu\/musica\/wp-content\/uploads\/2020\/11\/criollo-e1605722445727.png\" alt=\"\" width=\"975\" height=\"649\" srcset=\"https:\/\/humanidades.uprrp.edu\/musica\/wp-content\/uploads\/2020\/11\/criollo-e1605722445727.png 975w, https:\/\/humanidades.uprrp.edu\/musica\/wp-content\/uploads\/2020\/11\/criollo-e1605722445727-300x200.png 300w, https:\/\/humanidades.uprrp.edu\/musica\/wp-content\/uploads\/2020\/11\/criollo-e1605722445727-768x511.png 768w, https:\/\/humanidades.uprrp.edu\/musica\/wp-content\/uploads\/2020\/11\/criollo-e1605722445727-700x466.png 700w, https:\/\/humanidades.uprrp.edu\/musica\/wp-content\/uploads\/2020\/11\/criollo-e1605722445727-332x221.png 332w\" sizes=\"auto, (max-width: 975px) 100vw, 975px\" \/><\/p>\n","protected":false},"excerpt":{"rendered":"<p>Fue fundado por el Prof. Luis Manuel \u00c1lvarez, quien fuera su primer director. Se dedica a interpretar la m\u00fasica t\u00edpica puertorrique\u00f1a con los instrumentos tradicionales. Su actual director es el Dr. Irvin Santiago D\u00edaz.<\/p>\n","protected":false},"author":3,"featured_media":0,"parent":0,"menu_order":0,"comment_status":"closed","ping_status":"closed","template":"","meta":{"footnotes":""},"class_list":["post-72","page","type-page","status-publish","hentry","column","twocol"],"_links":{"self":[{"href":"https:\/\/humanidades.uprrp.edu\/musica\/index.php\/wp-json\/wp\/v2\/pages\/72","targetHints":{"allow":["GET"]}}],"collection":[{"href":"https:\/\/humanidades.uprrp.edu\/musica\/index.php\/wp-json\/wp\/v2\/pages"}],"about":[{"href":"https:\/\/humanidades.uprrp.edu\/musica\/index.php\/wp-json\/wp\/v2\/types\/page"}],"author":[{"embeddable":true,"href":"https:\/\/humanidades.uprrp.edu\/musica\/index.php\/wp-json\/wp\/v2\/users\/3"}],"replies":[{"embeddable":true,"href":"https:\/\/humanidades.uprrp.edu\/musica\/index.php\/wp-json\/wp\/v2\/comments?post=72"}],"version-history":[{"count":4,"href":"https:\/\/humanidades.uprrp.edu\/musica\/index.php\/wp-json\/wp\/v2\/pages\/72\/revisions"}],"predecessor-version":[{"id":283,"href":"https:\/\/humanidades.uprrp.edu\/musica\/index.php\/wp-json\/wp\/v2\/pages\/72\/revisions\/283"}],"wp:attachment":[{"href":"https:\/\/humanidades.uprrp.edu\/musica\/index.php\/wp-json\/wp\/v2\/media?parent=72"}],"curies":[{"name":"wp","href":"https:\/\/api.w.org\/{rel}","templated":true}]}}