{"id":70,"date":"2016-11-02T15:31:17","date_gmt":"2016-11-02T19:31:17","guid":{"rendered":"https:\/\/humanidades.uprrp.edu\/musica\/?page_id=70"},"modified":"2020-11-18T13:59:06","modified_gmt":"2020-11-18T17:59:06","slug":"conjunto-de-percusion","status":"publish","type":"page","link":"https:\/\/humanidades.uprrp.edu\/musica\/index.php\/conjunto-de-percusion\/","title":{"rendered":"Conjunto de Percusi\u00f3n"},"content":{"rendered":"<p>El Conjunto de Percusi\u00f3n es una agrupaci\u00f3n instrumental menor que representa a la familia de percusi\u00f3n que incluye instrumentos de sonido indefinido asi como definido. Su actual director es el Dr. David Rivera Mart\u00ednez.<\/p>\n<p><img loading=\"lazy\" decoding=\"async\" class=\"alignnone size-full wp-image-278\" src=\"https:\/\/humanidades.uprrp.edu\/musica\/wp-content\/uploads\/2020\/11\/percusion-e1605722330762.png\" alt=\"\" width=\"727\" height=\"735\" srcset=\"https:\/\/humanidades.uprrp.edu\/musica\/wp-content\/uploads\/2020\/11\/percusion-e1605722330762.png 727w, https:\/\/humanidades.uprrp.edu\/musica\/wp-content\/uploads\/2020\/11\/percusion-e1605722330762-297x300.png 297w, https:\/\/humanidades.uprrp.edu\/musica\/wp-content\/uploads\/2020\/11\/percusion-e1605722330762-700x708.png 700w, https:\/\/humanidades.uprrp.edu\/musica\/wp-content\/uploads\/2020\/11\/percusion-e1605722330762-332x336.png 332w\" sizes=\"auto, (max-width: 727px) 100vw, 727px\" \/><\/p>\n","protected":false},"excerpt":{"rendered":"<p>El Conjunto de Percusi\u00f3n es una agrupaci\u00f3n instrumental menor que representa a la familia de percusi\u00f3n que incluye instrumentos de sonido indefinido asi como definido. Su actual director es el Dr. David Rivera Mart\u00ednez.<\/p>\n","protected":false},"author":3,"featured_media":0,"parent":0,"menu_order":0,"comment_status":"closed","ping_status":"closed","template":"","meta":{"footnotes":""},"class_list":["post-70","page","type-page","status-publish","hentry","column","twocol"],"_links":{"self":[{"href":"https:\/\/humanidades.uprrp.edu\/musica\/index.php\/wp-json\/wp\/v2\/pages\/70","targetHints":{"allow":["GET"]}}],"collection":[{"href":"https:\/\/humanidades.uprrp.edu\/musica\/index.php\/wp-json\/wp\/v2\/pages"}],"about":[{"href":"https:\/\/humanidades.uprrp.edu\/musica\/index.php\/wp-json\/wp\/v2\/types\/page"}],"author":[{"embeddable":true,"href":"https:\/\/humanidades.uprrp.edu\/musica\/index.php\/wp-json\/wp\/v2\/users\/3"}],"replies":[{"embeddable":true,"href":"https:\/\/humanidades.uprrp.edu\/musica\/index.php\/wp-json\/wp\/v2\/comments?post=70"}],"version-history":[{"count":3,"href":"https:\/\/humanidades.uprrp.edu\/musica\/index.php\/wp-json\/wp\/v2\/pages\/70\/revisions"}],"predecessor-version":[{"id":280,"href":"https:\/\/humanidades.uprrp.edu\/musica\/index.php\/wp-json\/wp\/v2\/pages\/70\/revisions\/280"}],"wp:attachment":[{"href":"https:\/\/humanidades.uprrp.edu\/musica\/index.php\/wp-json\/wp\/v2\/media?parent=70"}],"curies":[{"name":"wp","href":"https:\/\/api.w.org\/{rel}","templated":true}]}}