{"id":68,"date":"2016-11-02T14:54:31","date_gmt":"2016-11-02T18:54:31","guid":{"rendered":"https:\/\/humanidades.uprrp.edu\/musica\/?page_id=68"},"modified":"2020-11-18T13:57:19","modified_gmt":"2020-11-18T17:57:19","slug":"conjunto-de-metales","status":"publish","type":"page","link":"https:\/\/humanidades.uprrp.edu\/musica\/index.php\/conjunto-de-metales\/","title":{"rendered":"Conjunto de Metales"},"content":{"rendered":"<p>Es una agrupaci\u00f3n instrumental menor que representa a la familia de viento metal.\u00a0 Estudia repertorio propio para esta combinaci\u00f3n instrumental. El Conjunto de metales es una de las agrupaciones cl\u00e1sicas que se han establecido y creado su propio repertorio a trav\u00e9s de la historia. Su actual director es el Prof. Nelson Corchado Gonz\u00e1lez<\/p>\n<p><img loading=\"lazy\" decoding=\"async\" class=\"alignnone size-full wp-image-276\" src=\"https:\/\/humanidades.uprrp.edu\/musica\/wp-content\/uploads\/2020\/11\/conjunto-metales-e1605722224402.png\" alt=\"\" width=\"975\" height=\"651\" srcset=\"https:\/\/humanidades.uprrp.edu\/musica\/wp-content\/uploads\/2020\/11\/conjunto-metales-e1605722224402.png 975w, https:\/\/humanidades.uprrp.edu\/musica\/wp-content\/uploads\/2020\/11\/conjunto-metales-e1605722224402-300x200.png 300w, https:\/\/humanidades.uprrp.edu\/musica\/wp-content\/uploads\/2020\/11\/conjunto-metales-e1605722224402-768x513.png 768w, https:\/\/humanidades.uprrp.edu\/musica\/wp-content\/uploads\/2020\/11\/conjunto-metales-e1605722224402-700x467.png 700w, https:\/\/humanidades.uprrp.edu\/musica\/wp-content\/uploads\/2020\/11\/conjunto-metales-e1605722224402-332x222.png 332w\" sizes=\"auto, (max-width: 975px) 100vw, 975px\" \/><\/p>\n","protected":false},"excerpt":{"rendered":"<p>Es una agrupaci\u00f3n instrumental menor que representa a la familia de viento metal.\u00a0 Estudia repertorio propio para esta combinaci\u00f3n instrumental. El Conjunto de metales es una de las agrupaciones cl\u00e1sicas que se han establecido y creado su propio repertorio a trav\u00e9s de la historia. Su actual director es el Prof. &#8230;<\/p>\n","protected":false},"author":3,"featured_media":0,"parent":0,"menu_order":0,"comment_status":"closed","ping_status":"closed","template":"","meta":{"footnotes":""},"class_list":["post-68","page","type-page","status-publish","hentry","column","twocol"],"_links":{"self":[{"href":"https:\/\/humanidades.uprrp.edu\/musica\/index.php\/wp-json\/wp\/v2\/pages\/68","targetHints":{"allow":["GET"]}}],"collection":[{"href":"https:\/\/humanidades.uprrp.edu\/musica\/index.php\/wp-json\/wp\/v2\/pages"}],"about":[{"href":"https:\/\/humanidades.uprrp.edu\/musica\/index.php\/wp-json\/wp\/v2\/types\/page"}],"author":[{"embeddable":true,"href":"https:\/\/humanidades.uprrp.edu\/musica\/index.php\/wp-json\/wp\/v2\/users\/3"}],"replies":[{"embeddable":true,"href":"https:\/\/humanidades.uprrp.edu\/musica\/index.php\/wp-json\/wp\/v2\/comments?post=68"}],"version-history":[{"count":3,"href":"https:\/\/humanidades.uprrp.edu\/musica\/index.php\/wp-json\/wp\/v2\/pages\/68\/revisions"}],"predecessor-version":[{"id":277,"href":"https:\/\/humanidades.uprrp.edu\/musica\/index.php\/wp-json\/wp\/v2\/pages\/68\/revisions\/277"}],"wp:attachment":[{"href":"https:\/\/humanidades.uprrp.edu\/musica\/index.php\/wp-json\/wp\/v2\/media?parent=68"}],"curies":[{"name":"wp","href":"https:\/\/api.w.org\/{rel}","templated":true}]}}