{"id":59,"date":"2016-11-02T14:51:04","date_gmt":"2016-11-02T18:51:04","guid":{"rendered":"https:\/\/humanidades.uprrp.edu\/musica\/?page_id=59"},"modified":"2020-11-18T13:38:32","modified_gmt":"2020-11-18T17:38:32","slug":"conjunto-de-guitarras-clasicas","status":"publish","type":"page","link":"https:\/\/humanidades.uprrp.edu\/musica\/index.php\/conjunto-de-guitarras-clasicas\/","title":{"rendered":"Conjunto de guitarras cl\u00e1sicas"},"content":{"rendered":"<p>El repertorio de este grupo cuenta con obras desde la \u00e9poca barroca hasta el presente, incluyendo el g\u00e9nero de la danza en arreglos para esta combinaci\u00f3n instrumental.\u00a0 Su actual director es el Prof. Juan Sorroche.<\/p>\n<p>&nbsp;<\/p>\n<p><img loading=\"lazy\" decoding=\"async\" class=\"alignnone wp-image-269 size-full\" src=\"https:\/\/humanidades.uprrp.edu\/musica\/wp-content\/uploads\/2020\/11\/conjunto-guitarras-clasicas-e1605721096985.png\" alt=\"\" width=\"750\" height=\"500\" srcset=\"https:\/\/humanidades.uprrp.edu\/musica\/wp-content\/uploads\/2020\/11\/conjunto-guitarras-clasicas-e1605721096985.png 750w, https:\/\/humanidades.uprrp.edu\/musica\/wp-content\/uploads\/2020\/11\/conjunto-guitarras-clasicas-e1605721096985-300x200.png 300w, https:\/\/humanidades.uprrp.edu\/musica\/wp-content\/uploads\/2020\/11\/conjunto-guitarras-clasicas-e1605721096985-700x467.png 700w, https:\/\/humanidades.uprrp.edu\/musica\/wp-content\/uploads\/2020\/11\/conjunto-guitarras-clasicas-e1605721096985-332x221.png 332w\" sizes=\"auto, (max-width: 750px) 100vw, 750px\" \/><\/p>\n","protected":false},"excerpt":{"rendered":"<p>El repertorio de este grupo cuenta con obras desde la \u00e9poca barroca hasta el presente, incluyendo el g\u00e9nero de la danza en arreglos para esta combinaci\u00f3n instrumental.\u00a0 Su actual director es el Prof. Juan Sorroche. &nbsp;<\/p>\n","protected":false},"author":3,"featured_media":0,"parent":0,"menu_order":0,"comment_status":"closed","ping_status":"closed","template":"","meta":{"footnotes":""},"class_list":["post-59","page","type-page","status-publish","hentry","column","twocol"],"_links":{"self":[{"href":"https:\/\/humanidades.uprrp.edu\/musica\/index.php\/wp-json\/wp\/v2\/pages\/59","targetHints":{"allow":["GET"]}}],"collection":[{"href":"https:\/\/humanidades.uprrp.edu\/musica\/index.php\/wp-json\/wp\/v2\/pages"}],"about":[{"href":"https:\/\/humanidades.uprrp.edu\/musica\/index.php\/wp-json\/wp\/v2\/types\/page"}],"author":[{"embeddable":true,"href":"https:\/\/humanidades.uprrp.edu\/musica\/index.php\/wp-json\/wp\/v2\/users\/3"}],"replies":[{"embeddable":true,"href":"https:\/\/humanidades.uprrp.edu\/musica\/index.php\/wp-json\/wp\/v2\/comments?post=59"}],"version-history":[{"count":4,"href":"https:\/\/humanidades.uprrp.edu\/musica\/index.php\/wp-json\/wp\/v2\/pages\/59\/revisions"}],"predecessor-version":[{"id":271,"href":"https:\/\/humanidades.uprrp.edu\/musica\/index.php\/wp-json\/wp\/v2\/pages\/59\/revisions\/271"}],"wp:attachment":[{"href":"https:\/\/humanidades.uprrp.edu\/musica\/index.php\/wp-json\/wp\/v2\/media?parent=59"}],"curies":[{"name":"wp","href":"https:\/\/api.w.org\/{rel}","templated":true}]}}