{"id":55,"date":"2016-11-02T14:48:46","date_gmt":"2016-11-02T18:48:46","guid":{"rendered":"https:\/\/humanidades.uprrp.edu\/musica\/?page_id=55"},"modified":"2020-11-23T13:47:52","modified_gmt":"2020-11-23T17:47:52","slug":"orquesta-de-camara","status":"publish","type":"page","link":"https:\/\/humanidades.uprrp.edu\/musica\/index.php\/orquesta-de-camara\/","title":{"rendered":"Orquesta de C\u00e1mara"},"content":{"rendered":"<p>La primera orquesta se crea en el Recinto de R\u00edo Piedras en 1958 y en 1984 se inscribe la Orquesta de c\u00e1mara. Es fundamentalmente un grupo de la familia de las cuerdas y estudia el repertorio cl\u00e1sico y popular. En ocasiones incorpora voz e instrumentos solistas de otras familias. El director actual es el Dr. Ernesto Alonso.<img loading=\"lazy\" decoding=\"async\" class=\"alignnone wp-image-312 size-full\" src=\"https:\/\/humanidades.uprrp.edu\/musica\/wp-content\/uploads\/2020\/11\/orq-camara-e1606153651263.png\" alt=\"\" width=\"1498\" height=\"564\" srcset=\"https:\/\/humanidades.uprrp.edu\/musica\/wp-content\/uploads\/2020\/11\/orq-camara-e1606153651263.png 1498w, https:\/\/humanidades.uprrp.edu\/musica\/wp-content\/uploads\/2020\/11\/orq-camara-e1606153651263-300x113.png 300w, https:\/\/humanidades.uprrp.edu\/musica\/wp-content\/uploads\/2020\/11\/orq-camara-e1606153651263-768x289.png 768w, https:\/\/humanidades.uprrp.edu\/musica\/wp-content\/uploads\/2020\/11\/orq-camara-e1606153651263-1024x386.png 1024w, https:\/\/humanidades.uprrp.edu\/musica\/wp-content\/uploads\/2020\/11\/orq-camara-e1606153651263-700x264.png 700w, https:\/\/humanidades.uprrp.edu\/musica\/wp-content\/uploads\/2020\/11\/orq-camara-e1606153651263-332x125.png 332w\" sizes=\"auto, (max-width: 1498px) 100vw, 1498px\" \/><\/p>\n","protected":false},"excerpt":{"rendered":"<p>La primera orquesta se crea en el Recinto de R\u00edo Piedras en 1958 y en 1984 se inscribe la Orquesta de c\u00e1mara. Es fundamentalmente un grupo de la familia de las cuerdas y estudia el repertorio cl\u00e1sico y popular. En ocasiones incorpora voz e instrumentos solistas de otras familias. El &#8230;<\/p>\n","protected":false},"author":3,"featured_media":0,"parent":0,"menu_order":0,"comment_status":"closed","ping_status":"closed","template":"","meta":{"footnotes":""},"class_list":["post-55","page","type-page","status-publish","hentry","column","twocol"],"_links":{"self":[{"href":"https:\/\/humanidades.uprrp.edu\/musica\/index.php\/wp-json\/wp\/v2\/pages\/55","targetHints":{"allow":["GET"]}}],"collection":[{"href":"https:\/\/humanidades.uprrp.edu\/musica\/index.php\/wp-json\/wp\/v2\/pages"}],"about":[{"href":"https:\/\/humanidades.uprrp.edu\/musica\/index.php\/wp-json\/wp\/v2\/types\/page"}],"author":[{"embeddable":true,"href":"https:\/\/humanidades.uprrp.edu\/musica\/index.php\/wp-json\/wp\/v2\/users\/3"}],"replies":[{"embeddable":true,"href":"https:\/\/humanidades.uprrp.edu\/musica\/index.php\/wp-json\/wp\/v2\/comments?post=55"}],"version-history":[{"count":3,"href":"https:\/\/humanidades.uprrp.edu\/musica\/index.php\/wp-json\/wp\/v2\/pages\/55\/revisions"}],"predecessor-version":[{"id":314,"href":"https:\/\/humanidades.uprrp.edu\/musica\/index.php\/wp-json\/wp\/v2\/pages\/55\/revisions\/314"}],"wp:attachment":[{"href":"https:\/\/humanidades.uprrp.edu\/musica\/index.php\/wp-json\/wp\/v2\/media?parent=55"}],"curies":[{"name":"wp","href":"https:\/\/api.w.org\/{rel}","templated":true}]}}