{"id":5,"date":"2016-11-02T15:39:46","date_gmt":"2016-11-02T15:39:46","guid":{"rendered":"https:\/\/humanidades.uprrp.edu\/musica\/?page_id=5"},"modified":"2017-03-02T10:55:21","modified_gmt":"2017-03-02T14:55:21","slug":"programa-de-musica","status":"publish","type":"page","link":"https:\/\/humanidades.uprrp.edu\/musica\/index.php\/programa-de-musica\/","title":{"rendered":"Programa de M\u00fasica"},"content":{"rendered":"<p><strong><em>Programa y grados acad\u00e9micos a otorgarse <\/em><\/strong><\/p>\n<p>Bachillerato en Artes con Concentraci\u00f3n en M\u00fasica<br \/>\nBachelor of Arts in Music<\/p>\n<p><strong><em>Descripci\u00f3n del Programa<\/em><\/strong><\/p>\n<p>El Departamento de M\u00fasica, fundado en 1965 como una de las unidades de la Facultad de Humanidades, ofrece una educaci\u00f3n art\u00edstica y human\u00edstica en la disciplina de la M\u00fasica. Posee un enfoque donde se integra la teor\u00eda con la pr\u00e1ctica, es decir, los fundamentos te\u00f3ricos e hist\u00f3ricos de la m\u00fasica con las t\u00e9cnicas de interpretaci\u00f3n. Ofrece una educaci\u00f3n integrada que aspira a superar la falsa dicotom\u00eda entre teor\u00eda y pr\u00e1ctica, a desarrollar destrezas art\u00edsticas en el campo de la interpretaci\u00f3n y la creaci\u00f3n, a proveer destrezas de investigaci\u00f3n, t\u00e9cnicas de an\u00e1lisis y capacidad cr\u00edtica musical. De este modo se prepara al estudiante adecuadamente para que se desempe\u00f1e en el amplio campo de la m\u00fasica. Esta experiencia art\u00edstica informada hace m\u00e1s atractivo el Programa de modo que el estudiante no busque en otro lugar lo que ofrece el Departamento, que es completo.<br \/>\nAdem\u00e1s de atender a los estudiantes de su concentraci\u00f3n, el Departamento provee cursos de servicio para la preparaci\u00f3n de estudiantes de otras disciplinas, sobre todo de Educaci\u00f3n Musical. Participa en la vida cultural de la comunidad a trav\u00e9s de conciertos, conferencias y otras actividades.<br \/>\nEl estudiante id\u00f3neo para ingresar en este programa, es aquel que desee estudiar m\u00fasica con un enfoque desde las Humanidades. No requiere poseer destrezas musicales previas. Aunque el Programa puede completarse en cuatro a\u00f1os, el tiempo m\u00e1ximo para obtener el grado es de 10 a\u00f1os.<\/p>\n<p><strong><em>Perfil del egresado<\/em><\/strong><\/p>\n<p>El estudiante que se grad\u00faa de la Universidad de Puerto Rico en M\u00fasica tendr\u00e1 una formaci\u00f3n completa e integrada. Habr\u00e1 desarrollado con mayor profundidad las destrezas art\u00edsticas en el campo de la interpretaci\u00f3n, la creaci\u00f3n y la capacidad cr\u00edtica musical y estar\u00e1 preparado para que se desempe\u00f1e adecuadamente en el campo de la m\u00fasica y en su \u00e1rea de mayor inter\u00e9s, sea esta instrumental o vocal.<\/p>\n<p><a href=\"http:\/\/humanidades.uprrp.edu\/asuntosestudiantiles\/?page_id=1101\"><strong><em>Curr\u00edculos y secuencias curriculares<\/em><\/strong><\/a><\/p>\n<p><strong><em><a href=\"http:\/\/humanidades.uprrp.edu\/asuntosestudiantiles\/?page_id=1481\">Segundas concentraciones<\/a><br \/>\n<\/em><\/strong><\/p>\n","protected":false},"excerpt":{"rendered":"<p>Programa y grados acad\u00e9micos a otorgarse Bachillerato en Artes con Concentraci\u00f3n en M\u00fasica Bachelor of Arts in Music Descripci\u00f3n del Programa El Departamento de M\u00fasica, fundado en 1965 como una de las unidades de la Facultad de Humanidades, ofrece una educaci\u00f3n art\u00edstica y human\u00edstica en la disciplina de la M\u00fasica. &#8230;<\/p>\n","protected":false},"author":3,"featured_media":0,"parent":0,"menu_order":0,"comment_status":"closed","ping_status":"closed","template":"","meta":{"footnotes":""},"class_list":["post-5","page","type-page","status-publish","hentry","column","twocol"],"_links":{"self":[{"href":"https:\/\/humanidades.uprrp.edu\/musica\/index.php\/wp-json\/wp\/v2\/pages\/5","targetHints":{"allow":["GET"]}}],"collection":[{"href":"https:\/\/humanidades.uprrp.edu\/musica\/index.php\/wp-json\/wp\/v2\/pages"}],"about":[{"href":"https:\/\/humanidades.uprrp.edu\/musica\/index.php\/wp-json\/wp\/v2\/types\/page"}],"author":[{"embeddable":true,"href":"https:\/\/humanidades.uprrp.edu\/musica\/index.php\/wp-json\/wp\/v2\/users\/3"}],"replies":[{"embeddable":true,"href":"https:\/\/humanidades.uprrp.edu\/musica\/index.php\/wp-json\/wp\/v2\/comments?post=5"}],"version-history":[{"count":4,"href":"https:\/\/humanidades.uprrp.edu\/musica\/index.php\/wp-json\/wp\/v2\/pages\/5\/revisions"}],"predecessor-version":[{"id":179,"href":"https:\/\/humanidades.uprrp.edu\/musica\/index.php\/wp-json\/wp\/v2\/pages\/5\/revisions\/179"}],"wp:attachment":[{"href":"https:\/\/humanidades.uprrp.edu\/musica\/index.php\/wp-json\/wp\/v2\/media?parent=5"}],"curies":[{"name":"wp","href":"https:\/\/api.w.org\/{rel}","templated":true}]}}