{"id":45,"date":"2016-11-02T14:42:00","date_gmt":"2016-11-02T18:42:00","guid":{"rendered":"https:\/\/humanidades.uprrp.edu\/musica\/?page_id=45"},"modified":"2020-11-18T13:35:26","modified_gmt":"2020-11-18T17:35:26","slug":"taller-de-teatro-lirico","status":"publish","type":"page","link":"https:\/\/humanidades.uprrp.edu\/musica\/index.php\/taller-de-teatro-lirico\/","title":{"rendered":"Taller de Teatro L\u00edrico"},"content":{"rendered":"<p>Fue fundado por la Prof. Camelia Ortiz del Rivero.\u00a0 En 1984 se inscribi\u00f3 como secci\u00f3n del curso Agrupaciones vocales menores. Estudia \u00f3peras, operetas, zarzuelas y musicales en los cuales se utiliza tanto la voz como la actuaci\u00f3n hablada y cantada.\u00a0 En algunas obras se requerir\u00e1 destrezas de baile. Su actual director es la Dra. Yaritza Zayas Collet.<\/p>\n<p><img loading=\"lazy\" decoding=\"async\" class=\"alignnone wp-image-266 size-full\" src=\"https:\/\/humanidades.uprrp.edu\/musica\/wp-content\/uploads\/2020\/11\/teatro-lirico-e1605720897475.png\" alt=\"\" width=\"975\" height=\"650\" srcset=\"https:\/\/humanidades.uprrp.edu\/musica\/wp-content\/uploads\/2020\/11\/teatro-lirico-e1605720897475.png 975w, https:\/\/humanidades.uprrp.edu\/musica\/wp-content\/uploads\/2020\/11\/teatro-lirico-e1605720897475-300x200.png 300w, https:\/\/humanidades.uprrp.edu\/musica\/wp-content\/uploads\/2020\/11\/teatro-lirico-e1605720897475-768x512.png 768w, https:\/\/humanidades.uprrp.edu\/musica\/wp-content\/uploads\/2020\/11\/teatro-lirico-e1605720897475-700x467.png 700w, https:\/\/humanidades.uprrp.edu\/musica\/wp-content\/uploads\/2020\/11\/teatro-lirico-e1605720897475-332x221.png 332w\" sizes=\"auto, (max-width: 975px) 100vw, 975px\" \/><\/p>\n","protected":false},"excerpt":{"rendered":"<p>Fue fundado por la Prof. Camelia Ortiz del Rivero.\u00a0 En 1984 se inscribi\u00f3 como secci\u00f3n del curso Agrupaciones vocales menores. Estudia \u00f3peras, operetas, zarzuelas y musicales en los cuales se utiliza tanto la voz como la actuaci\u00f3n hablada y cantada.\u00a0 En algunas obras se requerir\u00e1 destrezas de baile. Su actual &#8230;<\/p>\n","protected":false},"author":3,"featured_media":0,"parent":0,"menu_order":0,"comment_status":"closed","ping_status":"closed","template":"","meta":{"footnotes":""},"class_list":["post-45","page","type-page","status-publish","hentry","column","twocol"],"_links":{"self":[{"href":"https:\/\/humanidades.uprrp.edu\/musica\/index.php\/wp-json\/wp\/v2\/pages\/45","targetHints":{"allow":["GET"]}}],"collection":[{"href":"https:\/\/humanidades.uprrp.edu\/musica\/index.php\/wp-json\/wp\/v2\/pages"}],"about":[{"href":"https:\/\/humanidades.uprrp.edu\/musica\/index.php\/wp-json\/wp\/v2\/types\/page"}],"author":[{"embeddable":true,"href":"https:\/\/humanidades.uprrp.edu\/musica\/index.php\/wp-json\/wp\/v2\/users\/3"}],"replies":[{"embeddable":true,"href":"https:\/\/humanidades.uprrp.edu\/musica\/index.php\/wp-json\/wp\/v2\/comments?post=45"}],"version-history":[{"count":4,"href":"https:\/\/humanidades.uprrp.edu\/musica\/index.php\/wp-json\/wp\/v2\/pages\/45\/revisions"}],"predecessor-version":[{"id":267,"href":"https:\/\/humanidades.uprrp.edu\/musica\/index.php\/wp-json\/wp\/v2\/pages\/45\/revisions\/267"}],"wp:attachment":[{"href":"https:\/\/humanidades.uprrp.edu\/musica\/index.php\/wp-json\/wp\/v2\/media?parent=45"}],"curies":[{"name":"wp","href":"https:\/\/api.w.org\/{rel}","templated":true}]}}