{"id":39,"date":"2016-11-02T14:36:10","date_gmt":"2016-11-02T18:36:10","guid":{"rendered":"https:\/\/humanidades.uprrp.edu\/musica\/?page_id=39"},"modified":"2017-03-14T08:55:48","modified_gmt":"2017-03-14T12:55:48","slug":"coro-de-la-universidad","status":"publish","type":"page","link":"https:\/\/humanidades.uprrp.edu\/musica\/index.php\/coro-de-la-universidad\/","title":{"rendered":"Coro de la Universidad"},"content":{"rendered":"<p style=\"text-align: left;\">Fue fundado por el Prof. Augusto Rodr\u00edguez en 1936. Ha viajado a Estados Unidos (present\u00e1ndose en Carnegie Hall) y Am\u00e9rica Latina. Es un coro de voces mixtas y canto mayormente a capella.\u00a0 Estudio y presenta obras corales seculares, religiosas y folcl\u00f3ricas. Su actual directora es la Profa. Carmen Acevedo Luc\u00edo.<\/p>\n<p style=\"text-align: left;\">Vis\u00edtanos en Facebook: <a href=\"https:\/\/www.facebook.com\/uprrp.coro\/\">https:\/\/www.facebook.com\/uprrp.coro<\/a><\/p>\n<p><a href=\"https:\/\/humanidades.uprrp.edu\/musica\/wp-content\/uploads\/2016\/11\/Foto-5-Coro-UPR.jpg\"><img loading=\"lazy\" decoding=\"async\" class=\"wp-image-133 size-large aligncenter\" src=\"https:\/\/humanidades.uprrp.edu\/musica\/wp-content\/uploads\/2016\/11\/Foto-5-Coro-UPR-1024x683.jpg\" alt=\"foto-5-coro-upr\" width=\"640\" height=\"427\" srcset=\"https:\/\/humanidades.uprrp.edu\/musica\/wp-content\/uploads\/2016\/11\/Foto-5-Coro-UPR-1024x683.jpg 1024w, https:\/\/humanidades.uprrp.edu\/musica\/wp-content\/uploads\/2016\/11\/Foto-5-Coro-UPR-300x200.jpg 300w, https:\/\/humanidades.uprrp.edu\/musica\/wp-content\/uploads\/2016\/11\/Foto-5-Coro-UPR-768x512.jpg 768w, https:\/\/humanidades.uprrp.edu\/musica\/wp-content\/uploads\/2016\/11\/Foto-5-Coro-UPR-405x270.jpg 405w, https:\/\/humanidades.uprrp.edu\/musica\/wp-content\/uploads\/2016\/11\/Foto-5-Coro-UPR.jpg 1200w\" sizes=\"auto, (max-width: 640px) 100vw, 640px\" \/><\/a><\/p>\n","protected":false},"excerpt":{"rendered":"<p>Fue fundado por el Prof. Augusto Rodr\u00edguez en 1936. Ha viajado a Estados Unidos (present\u00e1ndose en Carnegie Hall) y Am\u00e9rica Latina. Es un coro de voces mixtas y canto mayormente a capella.\u00a0 Estudio y presenta obras corales seculares, religiosas y folcl\u00f3ricas. Su actual directora es la Profa. Carmen Acevedo Luc\u00edo. &#8230;<\/p>\n","protected":false},"author":3,"featured_media":0,"parent":0,"menu_order":0,"comment_status":"closed","ping_status":"closed","template":"","meta":{"footnotes":""},"class_list":["post-39","page","type-page","status-publish","hentry","column","twocol"],"_links":{"self":[{"href":"https:\/\/humanidades.uprrp.edu\/musica\/index.php\/wp-json\/wp\/v2\/pages\/39","targetHints":{"allow":["GET"]}}],"collection":[{"href":"https:\/\/humanidades.uprrp.edu\/musica\/index.php\/wp-json\/wp\/v2\/pages"}],"about":[{"href":"https:\/\/humanidades.uprrp.edu\/musica\/index.php\/wp-json\/wp\/v2\/types\/page"}],"author":[{"embeddable":true,"href":"https:\/\/humanidades.uprrp.edu\/musica\/index.php\/wp-json\/wp\/v2\/users\/3"}],"replies":[{"embeddable":true,"href":"https:\/\/humanidades.uprrp.edu\/musica\/index.php\/wp-json\/wp\/v2\/comments?post=39"}],"version-history":[{"count":5,"href":"https:\/\/humanidades.uprrp.edu\/musica\/index.php\/wp-json\/wp\/v2\/pages\/39\/revisions"}],"predecessor-version":[{"id":206,"href":"https:\/\/humanidades.uprrp.edu\/musica\/index.php\/wp-json\/wp\/v2\/pages\/39\/revisions\/206"}],"wp:attachment":[{"href":"https:\/\/humanidades.uprrp.edu\/musica\/index.php\/wp-json\/wp\/v2\/media?parent=39"}],"curies":[{"name":"wp","href":"https:\/\/api.w.org\/{rel}","templated":true}]}}