{"id":289,"date":"2020-11-18T14:09:08","date_gmt":"2020-11-18T18:09:08","guid":{"rendered":"https:\/\/humanidades.uprrp.edu\/musica\/?page_id=289"},"modified":"2020-11-23T13:43:38","modified_gmt":"2020-11-23T17:43:38","slug":"encuentros-musicales","status":"publish","type":"page","link":"https:\/\/humanidades.uprrp.edu\/musica\/index.php\/encuentros-musicales\/","title":{"rendered":"Encuentros Musicales"},"content":{"rendered":"<p><img loading=\"lazy\" decoding=\"async\" class=\"alignnone wp-image-306 size-medium alignleft\" src=\"https:\/\/humanidades.uprrp.edu\/musica\/wp-content\/uploads\/2020\/11\/Encuentro-1-IMG_8683-300x200.jpg\" alt=\"\" width=\"300\" height=\"200\" srcset=\"https:\/\/humanidades.uprrp.edu\/musica\/wp-content\/uploads\/2020\/11\/Encuentro-1-IMG_8683-300x200.jpg 300w, https:\/\/humanidades.uprrp.edu\/musica\/wp-content\/uploads\/2020\/11\/Encuentro-1-IMG_8683-768x512.jpg 768w, https:\/\/humanidades.uprrp.edu\/musica\/wp-content\/uploads\/2020\/11\/Encuentro-1-IMG_8683-1024x683.jpg 1024w, https:\/\/humanidades.uprrp.edu\/musica\/wp-content\/uploads\/2020\/11\/Encuentro-1-IMG_8683-700x467.jpg 700w, https:\/\/humanidades.uprrp.edu\/musica\/wp-content\/uploads\/2020\/11\/Encuentro-1-IMG_8683-332x221.jpg 332w, https:\/\/humanidades.uprrp.edu\/musica\/wp-content\/uploads\/2020\/11\/Encuentro-1-IMG_8683.jpg 1500w\" sizes=\"auto, (max-width: 300px) 100vw, 300px\" \/>Son conciertos cortos que se realizan en el Departamento de M\u00fasica. Estos desarrollan y fomentan la cultura musical, la exposici\u00f3n y la pr\u00e1ctica entre los estudiantes universitarios.<\/p>\n<p><img loading=\"lazy\" decoding=\"async\" class=\"alignnone wp-image-305 size-medium\" src=\"https:\/\/humanidades.uprrp.edu\/musica\/wp-content\/uploads\/2020\/11\/Encuentro-1-IMG_8682-300x200.jpg\" alt=\"\" width=\"300\" height=\"200\" srcset=\"https:\/\/humanidades.uprrp.edu\/musica\/wp-content\/uploads\/2020\/11\/Encuentro-1-IMG_8682-300x200.jpg 300w, https:\/\/humanidades.uprrp.edu\/musica\/wp-content\/uploads\/2020\/11\/Encuentro-1-IMG_8682-768x512.jpg 768w, https:\/\/humanidades.uprrp.edu\/musica\/wp-content\/uploads\/2020\/11\/Encuentro-1-IMG_8682-1024x683.jpg 1024w, https:\/\/humanidades.uprrp.edu\/musica\/wp-content\/uploads\/2020\/11\/Encuentro-1-IMG_8682-700x467.jpg 700w, https:\/\/humanidades.uprrp.edu\/musica\/wp-content\/uploads\/2020\/11\/Encuentro-1-IMG_8682-332x221.jpg 332w, https:\/\/humanidades.uprrp.edu\/musica\/wp-content\/uploads\/2020\/11\/Encuentro-1-IMG_8682.jpg 1500w\" sizes=\"auto, (max-width: 300px) 100vw, 300px\" \/><img loading=\"lazy\" decoding=\"async\" class=\"alignnone wp-image-304 size-medium\" src=\"https:\/\/humanidades.uprrp.edu\/musica\/wp-content\/uploads\/2020\/11\/Encuentro-1-IMG_8681-200x300.jpg\" alt=\"\" width=\"200\" height=\"300\" srcset=\"https:\/\/humanidades.uprrp.edu\/musica\/wp-content\/uploads\/2020\/11\/Encuentro-1-IMG_8681-200x300.jpg 200w, https:\/\/humanidades.uprrp.edu\/musica\/wp-content\/uploads\/2020\/11\/Encuentro-1-IMG_8681-768x1152.jpg 768w, https:\/\/humanidades.uprrp.edu\/musica\/wp-content\/uploads\/2020\/11\/Encuentro-1-IMG_8681-683x1024.jpg 683w, https:\/\/humanidades.uprrp.edu\/musica\/wp-content\/uploads\/2020\/11\/Encuentro-1-IMG_8681-700x1050.jpg 700w, https:\/\/humanidades.uprrp.edu\/musica\/wp-content\/uploads\/2020\/11\/Encuentro-1-IMG_8681-332x498.jpg 332w, https:\/\/humanidades.uprrp.edu\/musica\/wp-content\/uploads\/2020\/11\/Encuentro-1-IMG_8681.jpg 1000w\" sizes=\"auto, (max-width: 200px) 100vw, 200px\" \/>\u00a0\u00a0\u00a0\u00a0\u00a0\u00a0\u00a0\u00a0\u00a0\u00a0\u00a0\u00a0\u00a0\u00a0\u00a0 <img loading=\"lazy\" decoding=\"async\" class=\"alignnone wp-image-303 size-medium\" src=\"https:\/\/humanidades.uprrp.edu\/musica\/wp-content\/uploads\/2020\/11\/Encuentro-1-IMG_8685-300x200.jpg\" alt=\"\" width=\"300\" height=\"200\" srcset=\"https:\/\/humanidades.uprrp.edu\/musica\/wp-content\/uploads\/2020\/11\/Encuentro-1-IMG_8685-300x200.jpg 300w, https:\/\/humanidades.uprrp.edu\/musica\/wp-content\/uploads\/2020\/11\/Encuentro-1-IMG_8685-768x512.jpg 768w, https:\/\/humanidades.uprrp.edu\/musica\/wp-content\/uploads\/2020\/11\/Encuentro-1-IMG_8685-1024x683.jpg 1024w, https:\/\/humanidades.uprrp.edu\/musica\/wp-content\/uploads\/2020\/11\/Encuentro-1-IMG_8685-700x467.jpg 700w, https:\/\/humanidades.uprrp.edu\/musica\/wp-content\/uploads\/2020\/11\/Encuentro-1-IMG_8685-332x221.jpg 332w, https:\/\/humanidades.uprrp.edu\/musica\/wp-content\/uploads\/2020\/11\/Encuentro-1-IMG_8685.jpg 1500w\" sizes=\"auto, (max-width: 300px) 100vw, 300px\" \/><\/p>\n","protected":false},"excerpt":{"rendered":"<p>Son conciertos cortos que se realizan en el Departamento de M\u00fasica. Estos desarrollan y fomentan la cultura musical, la exposici\u00f3n y la pr\u00e1ctica entre los estudiantes universitarios. \u00a0\u00a0\u00a0\u00a0\u00a0\u00a0\u00a0\u00a0\u00a0\u00a0\u00a0\u00a0\u00a0\u00a0\u00a0<\/p>\n","protected":false},"author":3,"featured_media":0,"parent":0,"menu_order":0,"comment_status":"closed","ping_status":"closed","template":"","meta":{"footnotes":""},"class_list":["post-289","page","type-page","status-publish","hentry","column","twocol"],"_links":{"self":[{"href":"https:\/\/humanidades.uprrp.edu\/musica\/index.php\/wp-json\/wp\/v2\/pages\/289","targetHints":{"allow":["GET"]}}],"collection":[{"href":"https:\/\/humanidades.uprrp.edu\/musica\/index.php\/wp-json\/wp\/v2\/pages"}],"about":[{"href":"https:\/\/humanidades.uprrp.edu\/musica\/index.php\/wp-json\/wp\/v2\/types\/page"}],"author":[{"embeddable":true,"href":"https:\/\/humanidades.uprrp.edu\/musica\/index.php\/wp-json\/wp\/v2\/users\/3"}],"replies":[{"embeddable":true,"href":"https:\/\/humanidades.uprrp.edu\/musica\/index.php\/wp-json\/wp\/v2\/comments?post=289"}],"version-history":[{"count":4,"href":"https:\/\/humanidades.uprrp.edu\/musica\/index.php\/wp-json\/wp\/v2\/pages\/289\/revisions"}],"predecessor-version":[{"id":309,"href":"https:\/\/humanidades.uprrp.edu\/musica\/index.php\/wp-json\/wp\/v2\/pages\/289\/revisions\/309"}],"wp:attachment":[{"href":"https:\/\/humanidades.uprrp.edu\/musica\/index.php\/wp-json\/wp\/v2\/media?parent=289"}],"curies":[{"name":"wp","href":"https:\/\/api.w.org\/{rel}","templated":true}]}}