{"id":27,"date":"2016-11-02T14:15:59","date_gmt":"2016-11-02T18:15:59","guid":{"rendered":"https:\/\/humanidades.uprrp.edu\/musica\/?page_id=27"},"modified":"2024-09-13T10:30:50","modified_gmt":"2024-09-13T14:30:50","slug":"directorio","status":"publish","type":"page","link":"https:\/\/humanidades.uprrp.edu\/musica\/index.php\/directorio\/","title":{"rendered":"Directorio"},"content":{"rendered":"<p>Dr. Irvin Santiago D\u00edaz<br \/>\nDirector<br \/>\nTel: (787)-764-0000 Ext. 89774<br \/>\nEmail: <a href=\"mailto:irvin.santiago@upr.edu\">irvin.santiago@upr.edu<\/a><\/p>\n<p>H\u00e9ctor Reyes<br \/>\nAsistente Administrativa<br \/>\nTel: (787)-764-0000 Ext. 89740<br \/>\nEmail: <a href=\"mailto:hector.reyes6@upr.edu\">hector.reyes6@upr.edu<\/a><\/p>\n<h3>Direcci\u00f3n F\u00edsica<\/h3>\n<p>Edificio Agust\u00edn Stahl<br \/>\nUniversidad de Puerto Rico<br \/>\nRecinto de R\u00edo Piedras<br \/>\nAvenida Ponce de Le\u00f3n<br \/>\nParada 39 1\/2<br \/>\nSan Juan, P.R. 00931<\/p>\n<h3>Direcci\u00f3n Postal<\/h3>\n<p>Universidad de Puerto Rico<br \/>\nFacultad de Humanidades<br \/>\nDepartamento de M\u00fasica<br \/>\nP.O. Box 23335<br \/>\nSan Juan, P.R. 00931-2225<\/p>\n","protected":false},"excerpt":{"rendered":"<p>Dr. Irvin Santiago D\u00edaz Director Tel: (787)-764-0000 Ext. 89774 Email: irvin.santiago@upr.edu H\u00e9ctor Reyes Asistente Administrativa Tel: (787)-764-0000 Ext. 89740 Email: hector.reyes6@upr.edu Direcci\u00f3n F\u00edsica Edificio Agust\u00edn Stahl Universidad de Puerto Rico Recinto de R\u00edo Piedras Avenida Ponce de Le\u00f3n Parada 39 1\/2 San Juan, P.R. 00931 Direcci\u00f3n Postal Universidad de Puerto &#8230;<\/p>\n","protected":false},"author":3,"featured_media":0,"parent":0,"menu_order":0,"comment_status":"closed","ping_status":"closed","template":"","meta":{"footnotes":""},"class_list":["post-27","page","type-page","status-publish","hentry","column","twocol"],"_links":{"self":[{"href":"https:\/\/humanidades.uprrp.edu\/musica\/index.php\/wp-json\/wp\/v2\/pages\/27","targetHints":{"allow":["GET"]}}],"collection":[{"href":"https:\/\/humanidades.uprrp.edu\/musica\/index.php\/wp-json\/wp\/v2\/pages"}],"about":[{"href":"https:\/\/humanidades.uprrp.edu\/musica\/index.php\/wp-json\/wp\/v2\/types\/page"}],"author":[{"embeddable":true,"href":"https:\/\/humanidades.uprrp.edu\/musica\/index.php\/wp-json\/wp\/v2\/users\/3"}],"replies":[{"embeddable":true,"href":"https:\/\/humanidades.uprrp.edu\/musica\/index.php\/wp-json\/wp\/v2\/comments?post=27"}],"version-history":[{"count":12,"href":"https:\/\/humanidades.uprrp.edu\/musica\/index.php\/wp-json\/wp\/v2\/pages\/27\/revisions"}],"predecessor-version":[{"id":326,"href":"https:\/\/humanidades.uprrp.edu\/musica\/index.php\/wp-json\/wp\/v2\/pages\/27\/revisions\/326"}],"wp:attachment":[{"href":"https:\/\/humanidades.uprrp.edu\/musica\/index.php\/wp-json\/wp\/v2\/media?parent=27"}],"curies":[{"name":"wp","href":"https:\/\/api.w.org\/{rel}","templated":true}]}}