{"id":110,"date":"2016-11-02T15:54:02","date_gmt":"2016-11-02T19:54:02","guid":{"rendered":"https:\/\/humanidades.uprrp.edu\/musica\/?page_id=110"},"modified":"2016-11-02T15:54:12","modified_gmt":"2016-11-02T19:54:12","slug":"dr-felix-rivera-guzman-catedratico","status":"publish","type":"page","link":"https:\/\/humanidades.uprrp.edu\/musica\/index.php\/dr-felix-rivera-guzman-catedratico\/","title":{"rendered":"Dr. F\u00e9lix Rivera Guzm\u00e1n Catedr\u00e1tico"},"content":{"rendered":"<p>D.M.A. Piano<br \/>\nUniversity of Miami, Coral Gables, FL, 1993<\/p>\n<p>M.M. Piano<br \/>\nThe Juilliard School, New York, NY, 1988<\/p>\n<p>B.M. Piano<br \/>\nThe Juilliard School, New York, NY, 1986<\/p>\n<p>Corsi di Perfezionamento<br \/>\nConservatorio Statale Di Usica \u201cF.A. Bonporti\u201d<br \/>\nTrento, Italia 1992<\/p>\n<p>Curso de Interpretaci\u00f3n Pian\u00edstica<br \/>\nUniversidad Internacional Men\u00e9ndez Pelayo<br \/>\nSantander Espa\u00f1a 1988<\/p>\n","protected":false},"excerpt":{"rendered":"<p>D.M.A. Piano University of Miami, Coral Gables, FL, 1993 M.M. Piano The Juilliard School, New York, NY, 1988 B.M. Piano The Juilliard School, New York, NY, 1986 Corsi di Perfezionamento Conservatorio Statale Di Usica \u201cF.A. Bonporti\u201d Trento, Italia 1992 Curso de Interpretaci\u00f3n Pian\u00edstica Universidad Internacional Men\u00e9ndez Pelayo Santander Espa\u00f1a 1988<\/p>\n","protected":false},"author":3,"featured_media":0,"parent":0,"menu_order":0,"comment_status":"closed","ping_status":"closed","template":"","meta":{"footnotes":""},"class_list":["post-110","page","type-page","status-publish","hentry","column","twocol"],"_links":{"self":[{"href":"https:\/\/humanidades.uprrp.edu\/musica\/index.php\/wp-json\/wp\/v2\/pages\/110","targetHints":{"allow":["GET"]}}],"collection":[{"href":"https:\/\/humanidades.uprrp.edu\/musica\/index.php\/wp-json\/wp\/v2\/pages"}],"about":[{"href":"https:\/\/humanidades.uprrp.edu\/musica\/index.php\/wp-json\/wp\/v2\/types\/page"}],"author":[{"embeddable":true,"href":"https:\/\/humanidades.uprrp.edu\/musica\/index.php\/wp-json\/wp\/v2\/users\/3"}],"replies":[{"embeddable":true,"href":"https:\/\/humanidades.uprrp.edu\/musica\/index.php\/wp-json\/wp\/v2\/comments?post=110"}],"version-history":[{"count":1,"href":"https:\/\/humanidades.uprrp.edu\/musica\/index.php\/wp-json\/wp\/v2\/pages\/110\/revisions"}],"predecessor-version":[{"id":111,"href":"https:\/\/humanidades.uprrp.edu\/musica\/index.php\/wp-json\/wp\/v2\/pages\/110\/revisions\/111"}],"wp:attachment":[{"href":"https:\/\/humanidades.uprrp.edu\/musica\/index.php\/wp-json\/wp\/v2\/media?parent=110"}],"curies":[{"name":"wp","href":"https:\/\/api.w.org\/{rel}","templated":true}]}}