{"id":108,"date":"2016-11-02T15:52:41","date_gmt":"2016-11-02T19:52:41","guid":{"rendered":"https:\/\/humanidades.uprrp.edu\/musica\/?page_id=108"},"modified":"2016-11-02T15:53:18","modified_gmt":"2016-11-02T19:53:18","slug":"dra-nora-e-ponte-cobo-catedratica-asociada","status":"publish","type":"page","link":"https:\/\/humanidades.uprrp.edu\/musica\/index.php\/dra-nora-e-ponte-cobo-catedratica-asociada\/","title":{"rendered":"Dra. Nora E. Ponte Cobo, Catedr\u00e1tica Asociada"},"content":{"rendered":"<p>Ph.D. Composici\u00f3n Musical<br \/>\nState University of New York at Buffalo, NY, 2008<\/p>\n<p>Maestr\u00eda y Bachillerato<br \/>\nLicenciada en M\u00fasica con especialidad Composici\u00f3n.<br \/>\nFacultad de Artes y Ciencias Musicales<br \/>\nUniversidad Cat\u00f3lica Argentina, Buenos Aires, 1994<\/p>\n<p>Composici\u00f3n con Giacomo Manzoni<br \/>\nScuola di Musica di Fiesole, Florencia, Italia, 1998-2000<\/p>\n<p>M\u00fasica electr\u00f3nica con Riccardo Bianchini<br \/>\nConservatorio Santa Cecilia, Roma, Italia, 1999-2000<\/p>\n<p>Composici\u00f3n y an\u00e1lisis musical con Mariano Etkin- 1992-1993<\/p>\n<p>Composici\u00f3n con medios electroac\u00fasticos con Pablo Cetta- 1990-1991<\/p>\n","protected":false},"excerpt":{"rendered":"<p>Ph.D. Composici\u00f3n Musical State University of New York at Buffalo, NY, 2008 Maestr\u00eda y Bachillerato Licenciada en M\u00fasica con especialidad Composici\u00f3n. Facultad de Artes y Ciencias Musicales Universidad Cat\u00f3lica Argentina, Buenos Aires, 1994 Composici\u00f3n con Giacomo Manzoni Scuola di Musica di Fiesole, Florencia, Italia, 1998-2000 M\u00fasica electr\u00f3nica con Riccardo Bianchini &#8230;<\/p>\n","protected":false},"author":3,"featured_media":0,"parent":0,"menu_order":0,"comment_status":"closed","ping_status":"closed","template":"","meta":{"footnotes":""},"class_list":["post-108","page","type-page","status-publish","hentry","column","twocol"],"_links":{"self":[{"href":"https:\/\/humanidades.uprrp.edu\/musica\/index.php\/wp-json\/wp\/v2\/pages\/108","targetHints":{"allow":["GET"]}}],"collection":[{"href":"https:\/\/humanidades.uprrp.edu\/musica\/index.php\/wp-json\/wp\/v2\/pages"}],"about":[{"href":"https:\/\/humanidades.uprrp.edu\/musica\/index.php\/wp-json\/wp\/v2\/types\/page"}],"author":[{"embeddable":true,"href":"https:\/\/humanidades.uprrp.edu\/musica\/index.php\/wp-json\/wp\/v2\/users\/3"}],"replies":[{"embeddable":true,"href":"https:\/\/humanidades.uprrp.edu\/musica\/index.php\/wp-json\/wp\/v2\/comments?post=108"}],"version-history":[{"count":1,"href":"https:\/\/humanidades.uprrp.edu\/musica\/index.php\/wp-json\/wp\/v2\/pages\/108\/revisions"}],"predecessor-version":[{"id":109,"href":"https:\/\/humanidades.uprrp.edu\/musica\/index.php\/wp-json\/wp\/v2\/pages\/108\/revisions\/109"}],"wp:attachment":[{"href":"https:\/\/humanidades.uprrp.edu\/musica\/index.php\/wp-json\/wp\/v2\/media?parent=108"}],"curies":[{"name":"wp","href":"https:\/\/api.w.org\/{rel}","templated":true}]}}