{"id":379,"date":"2017-03-17T15:45:10","date_gmt":"2017-03-17T19:45:10","guid":{"rendered":"https:\/\/humanidades.uprrp.edu\/medicalhumanities\/?page_id=379"},"modified":"2017-03-17T15:46:13","modified_gmt":"2017-03-17T19:46:13","slug":"concentracion-menor-en-humanidades-medicas-y-de-la-salud","status":"publish","type":"page","link":"https:\/\/humanidades.uprrp.edu\/medicalhumanities\/index.php\/concentracion-menor-en-humanidades-medicas-y-de-la-salud\/","title":{"rendered":"Concentraci\u00f3n menor en Humanidades M\u00e9dicas y de la Salud"},"content":{"rendered":"<p>La concentraci\u00f3n menor en Humanidades M\u00e9dicas y de la Salud se entiende como un estudio interdisciplinario de las ciencias y los campos de las bellas artes (tales como el cine, las artes visuales, el teatro y la m\u00fasica), las humanidades (tales como la literatura, la filosof\u00eda, la \u00e9tica, la historia y la religi\u00f3n), las ciencias sociales (tales como la psicolog\u00eda, la sociolog\u00eda y la antropolog\u00eda), los estudios de comunicaci\u00f3n y los estudios culturales, entre otros. El prop\u00f3sito de la oferta acad\u00e9mica es brindar a los estudiantes con inter\u00e9s en las profesiones m\u00e9dicas y de la salud con valores human\u00edsticos mediante la exploraci\u00f3n de temas y competencias relacionadas con la salud, la sanaci\u00f3n, la condici\u00f3n humana, y el bienestar personal y social. La concentraci\u00f3n ofrece a los alumnos subgraduados una experiencia human\u00edstica multidisciplinaria, con un men\u00fa flexible de cursos, tanto en espa\u00f1ol como en ingl\u00e9s.<\/p>\n<p>&nbsp;<\/p>\n<p>Para ingresar en la concentraci\u00f3n menor en las Humanidades M\u00e9dicas y de la Salud, el\/la estudiante debe reunir los requisitos de retenci\u00f3n del Recinto de R\u00edo Piedras. La concentraci\u00f3n menor requiere que ya el\/la estudiante est\u00e9 admitido\/a a una concentraci\u00f3n mayor. Se requiere un \u00edndice m\u00ednimo de 2.50 para ingresar.<\/p>\n<p><b>Requisitos:<\/b> Estudiantes toman 15 cr\u00e9ditos en total. Se requerir\u00e1 que el\/la estudiante tome un m\u00ednimo de dos cursos (6 cr\u00e9ditos) de la lista I (V\u00e9ase lista I). Los otros 9 cr\u00e9ditos se pueden escoger de la lista I o de la lista II.<\/p>\n<p align=\"left\"><b>LISTA I<\/b><\/p>\n<table style=\"width: 432px;\" border=\"1\" cellspacing=\"0\" cellpadding=\"0\">\n<tbody>\n<tr>\n<td valign=\"top\" width=\"90\">ARTE 3009<b><\/b><\/td>\n<td valign=\"top\" width=\"342\">El Arte y el Arte de Sanaci\u00f3n<b><\/b><\/td>\n<\/tr>\n<tr>\n<td valign=\"top\" width=\"90\">ESHI 4237<\/td>\n<td valign=\"top\" width=\"342\">Literatura y Ciencia en Puerto Rico<\/td>\n<\/tr>\n<tr>\n<td valign=\"top\" width=\"90\">FILO 4XXX<\/td>\n<td valign=\"top\" width=\"342\">\u00c9tica Cl\u00ednica<\/td>\n<\/tr>\n<tr>\n<td valign=\"top\" width=\"90\">HIST 4240<\/td>\n<td valign=\"top\" width=\"342\">Historia de la Salud P\u00fablica<\/td>\n<\/tr>\n<tr>\n<td valign=\"top\" width=\"90\">INGL 3016<\/td>\n<td valign=\"top\" width=\"342\">Health Communication<\/td>\n<\/tr>\n<tr>\n<td valign=\"top\" width=\"90\">INGL 3036<\/td>\n<td valign=\"top\" width=\"342\">Literature and the Healing Arts: A Cross-cultural Perspective<\/td>\n<\/tr>\n<tr>\n<td valign=\"top\" width=\"90\">INGL 4050<\/td>\n<td valign=\"top\" width=\"342\">Aging, the End-of-Life Experience and Death in Literature and Film<\/td>\n<\/tr>\n<tr>\n<td valign=\"top\" width=\"90\">INGL 4505<\/td>\n<td valign=\"top\" width=\"342\">Disability Studies and the Humanities<\/td>\n<\/tr>\n<tr>\n<td valign=\"top\" width=\"90\">INGL 4996<\/td>\n<td valign=\"top\" width=\"342\">Topics in Medical Humanities and Health, Literature and Cinema<\/td>\n<\/tr>\n<tr>\n<td valign=\"top\" width=\"90\">INGL 4995<\/td>\n<td valign=\"top\" width=\"342\">Special Topics in Contemporary Narratives of Trauma, Madness, and Healing<\/td>\n<\/tr>\n<tr>\n<td valign=\"top\" width=\"90\">INGL 4506<b><\/b><\/td>\n<td valign=\"top\" width=\"342\">Narratives of Health and Healing<\/td>\n<\/tr>\n<tr>\n<td valign=\"top\" width=\"90\">INGL 3045<b><\/b><\/td>\n<td valign=\"top\" width=\"342\">Literature and Ecology<b><\/b><\/td>\n<\/tr>\n<tr>\n<td valign=\"top\" width=\"90\">LITE 4037<b><\/b><\/td>\n<td valign=\"top\" width=\"342\">Literatura y medicina en la Edad Media<\/td>\n<\/tr>\n<tr>\n<td valign=\"top\" width=\"90\">TEAT 4135<b><\/b><\/td>\n<td valign=\"top\" width=\"342\">Teatralidades M\u00e9dicas<b><\/b><\/td>\n<\/tr>\n<\/tbody>\n<\/table>\n<p align=\"left\"><b>LISTA II<\/b><\/p>\n<table border=\"1\" cellspacing=\"0\" cellpadding=\"0\">\n<tbody>\n<tr>\n<td valign=\"top\" width=\"90\">ANTR 4035<\/td>\n<td valign=\"top\" width=\"342\">Antropolog\u00eda M\u00e9dica<\/td>\n<\/tr>\n<tr>\n<td valign=\"top\" width=\"90\">ARTE 3937<\/td>\n<td valign=\"top\" width=\"342\">Anatom\u00eda Art\u00edstica<\/td>\n<\/tr>\n<tr>\n<td valign=\"top\" width=\"90\">ARTE 3126<\/td>\n<td valign=\"top\" width=\"342\">Dibujo de la Figura Humana<\/td>\n<\/tr>\n<tr>\n<td valign=\"top\" width=\"90\">ECDO 4135<\/td>\n<td valign=\"top\" width=\"342\">Introducci\u00f3n a la Gerontolog\u00eda<\/td>\n<\/tr>\n<tr>\n<td valign=\"top\" width=\"90\">FILO 4475<\/td>\n<td valign=\"top\" width=\"342\">Filosof\u00eda de las Ciencias Humanas<\/td>\n<\/tr>\n<tr>\n<td valign=\"top\" width=\"90\">INGL 4336<\/td>\n<td valign=\"top\" width=\"342\">The Dark Side of Human Communication<\/td>\n<\/tr>\n<tr>\n<td valign=\"top\" width=\"90\">INGL 4038<\/td>\n<td valign=\"top\" width=\"342\">Queer Sexualities in Film<\/td>\n<\/tr>\n<tr>\n<td valign=\"top\" width=\"90\">INGL 4057<\/td>\n<td valign=\"top\" width=\"342\">Communication and Sexualities<\/td>\n<\/tr>\n<tr>\n<td valign=\"top\" width=\"90\">INGL 3236<\/td>\n<td valign=\"top\" width=\"342\">Scientific Writing<\/td>\n<\/tr>\n<tr>\n<td valign=\"top\" width=\"90\">INGL 3065<\/td>\n<td valign=\"top\" width=\"342\">Intercultural Communication<\/td>\n<\/tr>\n<\/tbody>\n<\/table>\n<p>&nbsp;<\/p>\n<table border=\"1\" cellspacing=\"0\" cellpadding=\"0\">\n<tbody>\n<tr>\n<td valign=\"top\" width=\"90\">INGL 3256<\/td>\n<td valign=\"top\" width=\"342\">Interpersonal Communication<\/td>\n<\/tr>\n<tr>\n<td valign=\"top\" width=\"90\">PSIC 3005<\/td>\n<td valign=\"top\" width=\"342\">Introducci\u00f3n a la Psicolog\u00eda General (o PSIC 3003)<\/td>\n<\/tr>\n<tr>\n<td valign=\"top\" width=\"90\">PSIC 3016<\/td>\n<td valign=\"top\" width=\"342\">Psicopatolog\u00eda<\/td>\n<\/tr>\n<tr>\n<td valign=\"top\" width=\"90\">PSIC 3006<\/td>\n<td valign=\"top\" width=\"342\">Psicolog\u00eda Social<\/td>\n<\/tr>\n<tr>\n<td valign=\"top\" width=\"90\">PSIC 3025<\/td>\n<td valign=\"top\" width=\"342\">Desarrollo Humano<\/td>\n<\/tr>\n<tr>\n<td valign=\"top\" width=\"90\">PSIC 3049<\/td>\n<td valign=\"top\" width=\"342\">Psicolog\u00eda Human\u00edstica<\/td>\n<\/tr>\n<tr>\n<td valign=\"top\" width=\"90\">SOCI 3245<\/td>\n<td valign=\"top\" width=\"342\">Principios de Sociolog\u00eda<\/td>\n<\/tr>\n<tr>\n<td valign=\"top\" width=\"90\">SOCI 4025<\/td>\n<td valign=\"top\" width=\"342\">Sociolog\u00eda de la Salud Mental<\/td>\n<\/tr>\n<tr>\n<td valign=\"top\" width=\"90\">SOCI 4105<\/td>\n<td valign=\"top\" width=\"342\">Sociolog\u00eda de la Salud<\/td>\n<\/tr>\n<tr>\n<td valign=\"top\" width=\"90\">SOCI 3165<\/td>\n<td valign=\"top\" width=\"342\">Sociolog\u00eda del G\u00e9nero y la Sexualidad<\/td>\n<\/tr>\n<tr>\n<td valign=\"top\" width=\"90\">SOCI 3085<\/td>\n<td valign=\"top\" width=\"342\">Sociolog\u00eda de la Cultura<\/td>\n<\/tr>\n<\/tbody>\n<\/table>\n<p>* A los estudiantes que se preparan para tomar el examen MCAT y solicitar admisi\u00f3n a las escuelas de medicina se les recomienda tomar los cursos SOCI 3245: Principios de Sociolog\u00eda y PSIC 3005: Introducci\u00f3n a la Psicolog\u00eda General (o PSIC 3003).<\/p>\n<p><b>\u00a0<\/b><\/p>\n","protected":false},"excerpt":{"rendered":"<p>La concentraci\u00f3n menor en Humanidades M\u00e9dicas y de la Salud se entiende como un estudio interdisciplinario de las ciencias y los campos de las bellas artes (tales como el cine, las artes visuales, el teatro y la m\u00fasica), las humanidades (tales como la literatura, la filosof\u00eda, la \u00e9tica, la historia y la religi\u00f3n), las ciencias [&hellip;]<\/p>\n","protected":false},"author":3,"featured_media":0,"parent":0,"menu_order":0,"comment_status":"open","ping_status":"open","template":"","meta":{"footnotes":""},"class_list":["post-379","page","type-page","status-publish","hentry"],"_links":{"self":[{"href":"https:\/\/humanidades.uprrp.edu\/medicalhumanities\/index.php\/wp-json\/wp\/v2\/pages\/379","targetHints":{"allow":["GET"]}}],"collection":[{"href":"https:\/\/humanidades.uprrp.edu\/medicalhumanities\/index.php\/wp-json\/wp\/v2\/pages"}],"about":[{"href":"https:\/\/humanidades.uprrp.edu\/medicalhumanities\/index.php\/wp-json\/wp\/v2\/types\/page"}],"author":[{"embeddable":true,"href":"https:\/\/humanidades.uprrp.edu\/medicalhumanities\/index.php\/wp-json\/wp\/v2\/users\/3"}],"replies":[{"embeddable":true,"href":"https:\/\/humanidades.uprrp.edu\/medicalhumanities\/index.php\/wp-json\/wp\/v2\/comments?post=379"}],"version-history":[{"count":2,"href":"https:\/\/humanidades.uprrp.edu\/medicalhumanities\/index.php\/wp-json\/wp\/v2\/pages\/379\/revisions"}],"predecessor-version":[{"id":382,"href":"https:\/\/humanidades.uprrp.edu\/medicalhumanities\/index.php\/wp-json\/wp\/v2\/pages\/379\/revisions\/382"}],"wp:attachment":[{"href":"https:\/\/humanidades.uprrp.edu\/medicalhumanities\/index.php\/wp-json\/wp\/v2\/media?parent=379"}],"curies":[{"name":"wp","href":"https:\/\/api.w.org\/{rel}","templated":true}]}}