{"id":299,"date":"2014-03-18T15:52:06","date_gmt":"2014-03-18T19:52:06","guid":{"rendered":"https:\/\/humanidades.uprrp.edu\/medicalhumanities\/?page_id=299"},"modified":"2014-03-26T16:05:52","modified_gmt":"2014-03-26T20:05:52","slug":"new-courses","status":"publish","type":"page","link":"https:\/\/humanidades.uprrp.edu\/medicalhumanities\/index.php\/new-courses\/","title":{"rendered":"New Courses"},"content":{"rendered":"<p>The new courses created as part of the NEH-funded project \u201cHumanities and the Healing Arts: Puerto Rico and the Caribbean\u201d include courses taught in English, Spanish or both languages:<\/p>\n<h3><span style=\"color: #ff0000;\"><b>Aging, the End-of-Life Experience and Death in Literature and Film<\/b><\/span><\/h3>\n<p>A specialized multicultural and interdisciplinary study of literature and films related to themes of aging, the \u201cend-of-life experience\u201d and death. Study of how the literary and cinematic imagination engages with issues of aging through autobiography, ethnography, essays, short stories, poetry, dramatic plays, novels, and films.<\/p>\n<h3><b><span style=\"color: #ff0000;\">Disability Studies and the Humanities\u00a0<\/span> <\/b><\/h3>\n<p>An interdisciplinary course that examines disability through the Humanities, from several cultural perspectives. Study of how the artistic, literary, cinematic and performative imagination engages with disability issues and lived experiences through autobiography, autoethnography, essays, short stories, poetry, dramatic plays, novels, films, dance, photography and other visual arts.<\/p>\n<h3><span style=\"color: #ff0000;\"><b>Topics in Medical Humanities and Health, Literature and Cinema\u00a0 <\/b><\/span>[umbrella course-with focus on Bioethics the first time it is taught]<\/h3>\n<p>A specialized interdisciplinary topics course reflecting formal trends and critical issues in the study of literature and film, as related to fields of Medical Humanities and Health. Topics vary per semester. The course may be taken up to two times with different themes.<\/p>\n<h3><span style=\"color: #ff0000;\"><b>Special Topics in Contemporary Narratives of Trauma, Madness, and Healing<\/b><\/span> [umbrella course-with focus on the Caribbean the first time it is taught]<\/h3>\n<p>An interdisciplinary course that studies essays, short stories, poetry, plays, novels, films, popular culture, rhetorical texts, and medical writings that address, from several cultural perspectives, the relationship between trauma, madness, and healing in literature<\/p>\n<h3><span style=\"color: #ff0000;\"><b>Narratives of Health and Healing<\/b><\/span><\/h3>\n<p>Exploration of health and healing, including cultural meanings of wellness and illness, through an understanding of narrative, narrative research, and narrative analysis. This exploration will include frequent writing practice in how to tell a story and result in a research-based application of new knowledge about narrative. Emphasis is on storytelling processes that influence and are influenced by health and healthcare contexts within a community and culture.<\/p>\n<h3><span style=\"color: #ff0000;\"><b>Teatralidades M\u00e9dicas<\/b>\u00a0 <span style=\"color: #999999;\">[M<\/span><\/span>edical Theatricalities, to be offered in Spanish]<\/h3>\n<p>Curso interdisciplinario en el que el teatro y las t\u00e9cnicas actorales permitir\u00e1n explorar las Humanidades M\u00e9dicas y de la Salud a fin de desarrollar conocimientos b\u00e1sicos de \u00e9stas: empat\u00eda y sensibilidad \u00e9tica en el entorno m\u00e9dico, conciencia corporal, destrezas de comunicaci\u00f3n, observaci\u00f3n, reflexi\u00f3n, an\u00e1lisis textual y an\u00e1lisis del lenguaje verbal y no verbal.<\/p>\n<p>Interdisciplinary course in which theater and acting techniques are used to explore the Medical Humanities and Health, in order to develop basic knowledge in the following: empathy and an ethical sensibility in the medical context, bodily awareness, communication and observation skills, self-reflection, textual analysis and analysis of verbal and non-verbal language.<\/p>\n<h3><span style=\"color: #ff0000;\"><b><i>El Arte y el Arte de Sanaci\u00f3n<\/i><\/b><\/span><i> [Art and the Art of Healing: a discovery through the arts, to be offered in Spanish]<\/i><\/h3>\n<p>Curso interdisciplinario de artes visuales y su aplicaci\u00f3n a las humanidades m\u00e9dicas y pr\u00e1ctica con el fin de proveer\u00a0 una percepci\u00f3n sensible sobre la condici\u00f3n humana, el dolor y sufrimiento. Ayudar a desarrollar destrezas de observaci\u00f3n, an\u00e1lisis, empat\u00eda y auto-reflexi\u00f3n partiendo de las artes visuales.<\/p>\n<p>Interdisciplinary course in the Visual Arts and their applications to the Medical Humanities, with the objective of gaining a sensible perception related to the human condition, pain and suffering. Using methodologies and practices of the Visual Arts, the course develops skills of observation, analysis, empathy and self-reflection.<\/p>\n<h3><span style=\"color: #ff0000;\"><b><i>Literatura y las artes curativas en la Edad Media<\/i><\/b><\/span><i> [<\/i><i>Literature and Healing Arts in the Middle Ages, Comparative Literature course to be offered in English and Spanish]<\/i><\/h3>\n<p>Este curso investigar\u00e1 las pr\u00e1cticas y los discursos literarios y m\u00e9dicos medievales. Enfatizar\u00e1 las representaciones literarias medievales de una variedad de pr\u00e1cticas curativas: m\u00e9dicas, astrol\u00f3gicas, espirituales, y otras. Se contrastar\u00e1 los discursos medievales y modernos de enfermedad y curaci\u00f3n para reflexionar sobre los contextos hist\u00f3ricos y culturales en torno a los conocimientos y las pr\u00e1cticas m\u00e9dicas de diferentes \u00e9pocas y culturas.<\/p>\n<p>This course will study literary and medical discourse and practice in the Middle Ages.\u00a0 It will focus on medieval literary representations of a variety of healing practices: medical, astrological, spiritual, and others. Medieval and modern discourses on illness and healing will be contrasted, in order to provoke reflection upon the historical and cultural contexts surrounding medical knowledge and practice of different time periods and cultures.<\/p>\n<p>&nbsp;<\/p>\n<p>&nbsp;<\/p>\n","protected":false},"excerpt":{"rendered":"<p>The new courses created as part of the NEH-funded project \u201cHumanities and the Healing Arts: Puerto Rico and the Caribbean\u201d include courses taught in English, Spanish or both languages: Aging, the End-of-Life Experience and Death in Literature and Film A specialized multicultural and interdisciplinary study of literature and films related to themes of aging, the [&hellip;]<\/p>\n","protected":false},"author":3,"featured_media":0,"parent":0,"menu_order":0,"comment_status":"open","ping_status":"open","template":"page-templates\/full-width.php","meta":{"footnotes":""},"class_list":["post-299","page","type-page","status-publish","hentry"],"_links":{"self":[{"href":"https:\/\/humanidades.uprrp.edu\/medicalhumanities\/index.php\/wp-json\/wp\/v2\/pages\/299","targetHints":{"allow":["GET"]}}],"collection":[{"href":"https:\/\/humanidades.uprrp.edu\/medicalhumanities\/index.php\/wp-json\/wp\/v2\/pages"}],"about":[{"href":"https:\/\/humanidades.uprrp.edu\/medicalhumanities\/index.php\/wp-json\/wp\/v2\/types\/page"}],"author":[{"embeddable":true,"href":"https:\/\/humanidades.uprrp.edu\/medicalhumanities\/index.php\/wp-json\/wp\/v2\/users\/3"}],"replies":[{"embeddable":true,"href":"https:\/\/humanidades.uprrp.edu\/medicalhumanities\/index.php\/wp-json\/wp\/v2\/comments?post=299"}],"version-history":[{"count":7,"href":"https:\/\/humanidades.uprrp.edu\/medicalhumanities\/index.php\/wp-json\/wp\/v2\/pages\/299\/revisions"}],"predecessor-version":[{"id":336,"href":"https:\/\/humanidades.uprrp.edu\/medicalhumanities\/index.php\/wp-json\/wp\/v2\/pages\/299\/revisions\/336"}],"wp:attachment":[{"href":"https:\/\/humanidades.uprrp.edu\/medicalhumanities\/index.php\/wp-json\/wp\/v2\/media?parent=299"}],"curies":[{"name":"wp","href":"https:\/\/api.w.org\/{rel}","templated":true}]}}