{"id":155,"date":"2014-02-02T17:38:10","date_gmt":"2014-02-02T17:38:10","guid":{"rendered":"https:\/\/humanidades.uprrp.edu\/medicalhumanities\/?page_id=155"},"modified":"2014-03-24T14:14:55","modified_gmt":"2014-03-24T18:14:55","slug":"dr-eduardo-santiago-delpin","status":"publish","type":"page","link":"https:\/\/humanidades.uprrp.edu\/medicalhumanities\/index.php\/dr-eduardo-santiago-delpin\/","title":{"rendered":"Dr. Eduardo Santiago Delp\u00edn"},"content":{"rendered":"<p><span style=\"color: #808080;\"><strong>BIOGRAF\u00cdA<\/strong><\/span><\/p>\n<div id=\"attachment_326\" style=\"width: 177px\" class=\"wp-caption alignleft\"><a href=\"https:\/\/humanidades.uprrp.edu\/medicalhumanities\/wp-content\/uploads\/2013\/11\/eduardo-santiago.jpg\"><img loading=\"lazy\" decoding=\"async\" aria-describedby=\"caption-attachment-326\" class=\"size-full wp-image-326\" alt=\"Dr. Eduardo Santiago Delp\u00edn\" src=\"https:\/\/humanidades.uprrp.edu\/medicalhumanities\/wp-content\/uploads\/2013\/11\/eduardo-santiago.jpg\" width=\"167\" height=\"200\" srcset=\"https:\/\/humanidades.uprrp.edu\/medicalhumanities\/wp-content\/uploads\/2013\/11\/eduardo-santiago.jpg 167w, https:\/\/humanidades.uprrp.edu\/medicalhumanities\/wp-content\/uploads\/2013\/11\/eduardo-santiago-1x1.jpg 1w\" sizes=\"auto, (max-width: 167px) 100vw, 167px\" \/><\/a><p id=\"caption-attachment-326\" class=\"wp-caption-text\">Dr. Eduardo Santiago Delp\u00edn<\/p><\/div>\n<p><span style=\"color: #ff0000;\"><b>Dr. Eduardo Santiago Delpin: L\u00edder en trasplante y humanismo<\/b><\/span><\/p>\n<p>Ejemplo a seguir en trasplante renal, en publicaciones m\u00e9dicas, en poes\u00eda, en responsabilidades m\u00e9dicas y acad\u00e9micas, en creaci\u00f3n de programas m\u00e9dicos en Latinoam\u00e9rica y Puerto Rico, en investigaci\u00f3n cient\u00edfica, en juntas editoriales, como conferenciante internacional, en contribuciones en diversidad de comit\u00e9s, en servicio al paciente y, sobre todo, en humanismo.<\/p>\n<p>Naci\u00f3 en Santurce en 1941. En la UPR, obtuvo el bachillerato en Ciencias y se gradu\u00f3 como m\u00e9dico en 1965. Complet\u00f3 el internado en el Hospital Universitario en 1966, donde luego se entren\u00f3 en el Departamento de Cirug\u00eda hasta 1970. All\u00ed, tuvo como mentor al Dr. Francsico Raffuci, quien lo asesor\u00f3 y recomend\u00f3 para entrenarse Trasplante e Inmunolog\u00eda en la Universidad de Minnesota de 1970 a 1972. Obtuvo, adem\u00e1s, una maestr\u00eda en Cirug\u00eda Experimental (Inmunolog\u00eda) en dicha Universidad. Regres\u00f3 a Puerto Rico, donde ha dedicado su vida profesional desde entonces.<\/p>\n<p>Tiene 4 hijos, Eduardo, Yolanda, Zorayda y Julieta, y 3 nietos. Est\u00e1 felizmente casado con Jeannette Dom\u00ednguez. Estos, su hermana Yolanda, su padre y su madre, sus mentores, sus estudiantes y sus pacientes y su amor por Puerto Rico han sido la influencia y la gu\u00eda de toda su vida. Entre las posiciones acad\u00e9micas y administrativas desempe\u00f1adas en Puerto Rico, est\u00e1 ser facultativo de la Escuela de Medicina empezando como instructor hasta llegar a Profesor de Cirug\u00eda. Fue Decano de Ciencias Biom\u00e9dicas de la Escuela de Medicina de la UPR de 1988 a 1990 y dirigi\u00f3 adem\u00e1s los Programas Graduados. Fue Director del Departamento de Cirug\u00eda de 1990 a 1993. Ha dirigido el Programa de Trasplante en el Hospital de Veteranos, Auxilio Mutuo y la Escuela de Medicina, desde 1972.<\/p>\n<p>Ha sido mentor de m\u00e1s de 100 estudiantes graduados para doctorado o maestr\u00eda y de residentes de investigaci\u00f3n, especialmente en las \u00e1reas de bioqu\u00edmica, cirug\u00eda e inmunolog\u00eda. Muchos de ellos son, hoy en d\u00eda, profesionales que prestan servicios esenciales y de excelencia en Puerto Rico.<\/p>\n<p>Pertenece a 56 sociedades y organizaciones de prestigio nacional e internacional, entre ellas American <i>Academy Surgical Association, Society of University Surgeons, American Society for Histocompability and Immunogenetics<\/i>. Ha sido miembro de 19 juntas editoras tales como: Bol Asoc Med PRico, Transplantation Proceedings, Nefrolog\u00eda Mexicana, Kidney International, Nefrolog\u00eda Latino Americana (Venezuela), Medicina Moderna (Per\u00fa),Trasplantes (Argentina) Puerto Rico Health Sciences Journal y otras.<\/p>\n<p>Ha sido autor o coautor de 193 publicaciones cient\u00edficas, principalmente en cirug\u00eda experimental, trasplante e inmunolog\u00eda. Ha publicado 157 abstractos y 129 editoriales. Entre las revistas donde ha publicado, est\u00e1n <i>Transplantation Procedures, Archives of Surgery, J. Surgical Research, American J. Surgery, Surgical Clinis of N. America, Nefrolog\u00eda Mexicana<\/i>, Nefrolog\u00eda Latino-Americana, entre muchas otras. Adem\u00e1s, ha escrito una multiplicidad de art\u00edculos en peri\u00f3dicos, cartas al editor, poes\u00edas y ensayos. Tambi\u00e9n ha redactado art\u00edculos especiales sobre asuntos culturales, literarios, \u00e9ticos y sociales.<\/p>\n<p>Es el autor principal del primer libro publicado en espa\u00f1ol sobre trasplante, que es una joya. La primera edici\u00f3n fue en 1988, con 600 p\u00e1ginas y la segunda, en 2000 con 900 p\u00e1ginas. Ha publicado 3 libros de poemas y una plenitud de poemas de varios temas. Su segundo libro poemario, <i>Visi\u00f3n de dos amores<\/i>, lo public\u00f3 fue publicado por el Instituto de Cultura Puertorrique\u00f1a en 1988. Fue el primer libro de poes\u00edas compuesto exclusivamente de haikus publicado en Puerto Rico e incluye 84 de estos. El haiku es una forma po\u00e9tica breve.<\/p>\n<p>Bajo el liderato del Dr. Santiago Delpin y su equipo de trasplante, se han hecho 1800 trasplantes de ri\u00f1\u00f3n en Puerto Rico y, al a\u00f1o de operaci\u00f3n, el 98 % de los pacientes operados est\u00e1n vivos y del 96 al 97 % de los ri\u00f1ones trasplantados est\u00e1n funcionando. Mediante la donaci\u00f3n y los trasplantes, se ha devuelto la vida, la salud, la productividad y la esperanza a miles de pacientes con futuro incierto en nuestra isla. Puerto Rico, en 2010, fue n\u00famero uno en este hemisferio y cuarto en el mundo en tasa de donaci\u00f3n. La obra de Lifelink es encomiable<\/p>\n<p>Ayud\u00f3 a fundar y presidi\u00f3 <i>The Panamerican Society of Dialysis and Transplantation, fund\u00f3 y codirigi\u00f3 The Latin American Transplantation Registry<\/i>, tambi\u00e9n La Federaci\u00f3n Iberoamericana de Trasplante y la Sociedad de Trasplante de Am\u00e9rica Latina y el Caribe, que lo design\u00f3 su Secretario Permanente en 1999 y su historiador desde 2001. El Latin-American Transplantation Report 2011, escrito por los Drs. Valter Duro Garc\u00eda, de Brasil como editor y los Drs. Alejandro Ni\u00f1o Murcia de Colombia y Eduardo Santiago Delpin de Puerto Rico, es un informe de 95 p\u00e1ginas que resume toda la obra de trasplante en Am\u00e9rica Latina desde sus inicios hasta 2011.<\/p>\n<p>Ha recibido m\u00e1s de 60 reconocimiento y honores: se gradu\u00f3 de m\u00e9dico con altos honores (1965), Medalla de Oro del <i>South Eastern Surgical Congress <\/i>(1975 y 1976), Reconocimiento por la C\u00e1mara de Representante de Puerto Rico (1977), Miembro honorario de la Sociedad de Nefrolog\u00eda Centroamericana (1988), Premio de la C\u00e1mara Nacional de la Industria Editorial Mexicana por su libro <i>Trasplante de \u00f3rganos<\/i> (1988), Conferenciante Cumbre en el 25 aniversario de los Trasplantes en el Per\u00fa (1994), Miembro de la Academia Puertorrique\u00f1a de la Lengua Espa\u00f1ola (1997), Reconocimiento Especial VIII Congreso Centro Americano de Nefrolog\u00eda en Santo Domingo (1998), Miembro de la Real Academia de la Medicina de Catalu\u00f1a (2001), Miembro Honorario del Colegio Dominicano de Cirujanos (2004), Premio de Ciencias del Club Rotario de San Juan (2008), Medalla de la Orden de los Caballeros de Nuestra Se\u00f1ora Santa Mar\u00eda de Buenos Aires (2011), Premio al Pionero en Trasplante Latino-Americano de la Sociedad de Trasplante de Am\u00e9rica Latina y el Caribe (2011).<\/p>\n<p>Al visualizar su obra a nivel local, nacional e internacional, nos percatamos de que, adem\u00e1s de su ingente obra en trasplantes de ri\u00f1\u00f3n en Puerto Rico, ha contribuido con m\u00faltiples esfuerzos educativos y organizacionales en el desarrollo de los trasplantes de ri\u00f1\u00f3n en Am\u00e9rica Latina. Adem\u00e1s de dictar conferencias en m\u00faltiples instituciones en los Estados Unidos, ha participado como profesor visitante en universidades y organizaciones profesionales en muchos pa\u00edses, como Rep\u00fablica Dominicana, Italia, M\u00e9xico, Costa Rica, Guatemala, Venezuela, El Salvador, Espa\u00f1a, Panam\u00e1, Per\u00fa, Canad\u00e1 y Austria. Fue nombrado profesor visitante en m\u00faltiples ocasiones.<\/p>\n<p>La productividad multifac\u00e9tica del Dr. Santiago Delpin, su obra en el trasplante renal y su contribuci\u00f3n a Puerto Rico y Am\u00e9rica Latina lo ubican como un ejemplo a seguir. Esperamos que el Se\u00f1or le permita continuar con su contribuci\u00f3n a Puerto Rico y al ser humano por muchos a\u00f1os m\u00e1s.<\/p>\n","protected":false},"excerpt":{"rendered":"<p>BIOGRAF\u00cdA Dr. Eduardo Santiago Delpin: L\u00edder en trasplante y humanismo Ejemplo a seguir en trasplante renal, en publicaciones m\u00e9dicas, en poes\u00eda, en responsabilidades m\u00e9dicas y acad\u00e9micas, en creaci\u00f3n de programas m\u00e9dicos en Latinoam\u00e9rica y Puerto Rico, en investigaci\u00f3n cient\u00edfica, en juntas editoriales, como conferenciante internacional, en contribuciones en diversidad de comit\u00e9s, en servicio al paciente [&hellip;]<\/p>\n","protected":false},"author":3,"featured_media":0,"parent":0,"menu_order":0,"comment_status":"open","ping_status":"open","template":"page-templates\/full-width.php","meta":{"footnotes":""},"class_list":["post-155","page","type-page","status-publish","hentry"],"_links":{"self":[{"href":"https:\/\/humanidades.uprrp.edu\/medicalhumanities\/index.php\/wp-json\/wp\/v2\/pages\/155","targetHints":{"allow":["GET"]}}],"collection":[{"href":"https:\/\/humanidades.uprrp.edu\/medicalhumanities\/index.php\/wp-json\/wp\/v2\/pages"}],"about":[{"href":"https:\/\/humanidades.uprrp.edu\/medicalhumanities\/index.php\/wp-json\/wp\/v2\/types\/page"}],"author":[{"embeddable":true,"href":"https:\/\/humanidades.uprrp.edu\/medicalhumanities\/index.php\/wp-json\/wp\/v2\/users\/3"}],"replies":[{"embeddable":true,"href":"https:\/\/humanidades.uprrp.edu\/medicalhumanities\/index.php\/wp-json\/wp\/v2\/comments?post=155"}],"version-history":[{"count":3,"href":"https:\/\/humanidades.uprrp.edu\/medicalhumanities\/index.php\/wp-json\/wp\/v2\/pages\/155\/revisions"}],"predecessor-version":[{"id":330,"href":"https:\/\/humanidades.uprrp.edu\/medicalhumanities\/index.php\/wp-json\/wp\/v2\/pages\/155\/revisions\/330"}],"wp:attachment":[{"href":"https:\/\/humanidades.uprrp.edu\/medicalhumanities\/index.php\/wp-json\/wp\/v2\/media?parent=155"}],"curies":[{"name":"wp","href":"https:\/\/api.w.org\/{rel}","templated":true}]}}