{"id":811,"date":"2015-11-08T17:46:46","date_gmt":"2015-11-08T21:46:46","guid":{"rendered":"https:\/\/humanidades.uprrp.edu\/magac\/?page_id=811"},"modified":"2015-11-08T17:46:46","modified_gmt":"2015-11-08T21:46:46","slug":"gecu-6997-modos-de-gestion-en-el-campo-musical-educacion-comunitaria-y-gestion-cultural-dialogo-y-participacion-como-herramientas-criticas-en-la-produccion-accion-y-gestion-culturales","status":"publish","type":"page","link":"https:\/\/humanidades.uprrp.edu\/magac\/?page_id=811","title":{"rendered":"GECU 6997- Modos de gesti\u00f3n en el campo musical: Educaci\u00f3n Comunitaria y Gesti\u00f3n Cultural &#8211; Di\u00e1logo y participaci\u00f3n como herramientas cr\u00edticas en la producci\u00f3n, acci\u00f3n y gesti\u00f3n culturales"},"content":{"rendered":"<p><strong>1 cr.\u00a0<\/strong><br \/>\nBasada en doce a\u00f1os de actuaci\u00f3n en proyectos que integran residentes de favelas de Rio de<br \/>\nJaneiro, estudiantes de posgrado, grado, ense\u00f1anza b\u00e1sica en cartograf\u00edas, registro, reflexi\u00f3n,<br \/>\npromoci\u00f3n de eventos y construcci\u00f3n de acervos de referencia, relacionando pr\u00e1cticas musicales a\u00a0los m\u00e1s variados \u00e1mbitos de la vida social, el curso procura instrumentar profesionales en producci\u00f3n\u00a0cultural a investigar y abordar el universo musical a partir de los intereses y cuestiones priorizadas\u00a0por sus interlocutores, simult\u00e1neamente a partir de referencial te\u00f3rico y de alternativas de trabajo\u00a0pr\u00e1ctico abiertas por perspectivas participativas. Para tal, se propone una discusi\u00f3n de lecturas\u00a0seleccionadas sobre marcos de las as\u00ed llamadas pedagog\u00eda de la autonom\u00eda (Paulo Freire),\u00a0investigaci\u00f3n-acci\u00f3n participativa (Orlando Fals Borda) y antropolog\u00eda del debate (Luis Guillermo\u00a0Vasco Uribe), debates abiertos en que se relieven las experiencias ya acumuladas por los\u00a0participantes y su involucraci\u00f3n en actividades pr\u00e1cticas que sean por los mismos concebidas a partir\u00a0del curso.<\/p>\n<p>Secci\u00f3n: 0U1<br \/>\nD\u00edas: 28 marzo al<br \/>\n1 abril 2016<br \/>\nHorario:<br \/>\nSal\u00f3n:<br \/>\nProfesor: Samuel Araujo &#8211; Universidad Federal de\u00a0R\u00edo de Janeiro<br \/>\nCupo: 20<\/p>\n<p>Como parte del curso se requiere que los estudiantes asistan a las conferencias lectivas y\u00a0actividades adicionales ofrecidas por el profesor visitante:<\/p>\n<ul>\n<li>Martes 29, mi\u00e9rcoles 30 y jueves 31 de marzo: Conferencias lectivas de 9:00-11:50 am.<\/li>\n<li>Lunes, 28 de marzo, 10:00-12:00 pm : Conversatorio con estudiantes y profesores del programa<\/li>\n<li>Martes 29 de marzo, 6:00-8:00 pm: Conferencia magistral a la comunidad universitaria<\/li>\n<li>Viernes 1 de abril, 10:00-12:00 pm: Atenci\u00f3n individualizada a proyectos de estudiantes en oficina\u00a0de MAGAC.<\/li>\n<\/ul>\n","protected":false},"excerpt":{"rendered":"<p>1 cr.\u00a0 Basada en doce a\u00f1os de actuaci\u00f3n en proyectos que integran residentes de favelas de Rio de Janeiro, estudiantes de posgrado, grado, ense\u00f1anza b\u00e1sica en cartograf\u00edas, registro, reflexi\u00f3n, promoci\u00f3n de eventos y construcci\u00f3n de acervos de referencia, relacionando pr\u00e1cticas musicales a\u00a0los m\u00e1s variados \u00e1mbitos de la vida social, el &#8230;<\/p>\n","protected":false},"author":3,"featured_media":0,"parent":0,"menu_order":0,"comment_status":"closed","ping_status":"closed","template":"","meta":{"footnotes":""},"class_list":["post-811","page","type-page","status-publish","hentry","column","twocol"],"_links":{"self":[{"href":"https:\/\/humanidades.uprrp.edu\/magac\/index.php?rest_route=\/wp\/v2\/pages\/811","targetHints":{"allow":["GET"]}}],"collection":[{"href":"https:\/\/humanidades.uprrp.edu\/magac\/index.php?rest_route=\/wp\/v2\/pages"}],"about":[{"href":"https:\/\/humanidades.uprrp.edu\/magac\/index.php?rest_route=\/wp\/v2\/types\/page"}],"author":[{"embeddable":true,"href":"https:\/\/humanidades.uprrp.edu\/magac\/index.php?rest_route=\/wp\/v2\/users\/3"}],"replies":[{"embeddable":true,"href":"https:\/\/humanidades.uprrp.edu\/magac\/index.php?rest_route=%2Fwp%2Fv2%2Fcomments&post=811"}],"version-history":[{"count":1,"href":"https:\/\/humanidades.uprrp.edu\/magac\/index.php?rest_route=\/wp\/v2\/pages\/811\/revisions"}],"predecessor-version":[{"id":812,"href":"https:\/\/humanidades.uprrp.edu\/magac\/index.php?rest_route=\/wp\/v2\/pages\/811\/revisions\/812"}],"wp:attachment":[{"href":"https:\/\/humanidades.uprrp.edu\/magac\/index.php?rest_route=%2Fwp%2Fv2%2Fmedia&parent=811"}],"curies":[{"name":"wp","href":"https:\/\/api.w.org\/{rel}","templated":true}]}}