{"id":755,"date":"2015-10-30T21:23:15","date_gmt":"2015-10-31T01:23:15","guid":{"rendered":"https:\/\/humanidades.uprrp.edu\/magac\/?page_id=755"},"modified":"2015-10-30T21:25:07","modified_gmt":"2015-10-31T01:25:07","slug":"normas-del-internado","status":"publish","type":"page","link":"https:\/\/humanidades.uprrp.edu\/magac\/?page_id=755","title":{"rendered":"Normas del internado"},"content":{"rendered":"<div class=\"page\" title=\"Page 27\">\n<div class=\"layoutArea\">\n<div class=\"column\">\n<ul>\n<li>El internado deber\u00e1 proveer experiencias profesionales de trabajo que contribuyan significativamente a redondear la formaci\u00f3n acad\u00e9mica del\/de la estudiante y a mejorar las posibilidades de ejecutar su trabajo con excelencia.<\/li>\n<li>El\/la estudiante desarrollar\u00e1 un plan de trabajo en acuerdo con la instituci\u00f3n o empresa en que desea realizar el internado. Dicho plan de trabajo, junto con una carta de aval de la instituci\u00f3n correspondiente, ser\u00e1 incluido en la propuesta de proyecto de conclusi\u00f3n o tesis que el\/la estudiante presentar\u00e1 ante el Comit\u00e9 Graduado. La misma debe ser aprobada por el Comit\u00e9 Evaluador antes de que el\/la estudiante matricule el internado.<\/li>\n<li>Las condiciones de trabajo para los\/as estudiantes \u2013instalaciones f\u00edsicas en que se labora, etc.- deber\u00e1n ser similares a las de los empleados regulares de la organizaci\u00f3n que ofrece el internado. Los\/as estudiantes podr\u00e1n recibir o no paga por su trabajo, seg\u00fan lo determine la instituci\u00f3n o empresa.<\/li>\n<li>El\/la estudiante se matricular\u00e1 en el curso de Internado en Gesti\u00f3n y Administraci\u00f3n Cultural (GECU 6900), despu\u00e9s de haber aprobado el examen de grado. Preferiblemente lo cumplir\u00e1 durante el \u00faltimo semestre de estudios. Sin embargo, el\/la estudiante tambi\u00e9n podr\u00e1 cursar 3 cr\u00e9ditos de internado electivo, para lo cual no tendr\u00e1 que haber tomado el examen de grado.<\/li>\n<li>Si el\/la estudiante se encuentra trabajando en el campo de la gesti\u00f3n y administraci\u00f3n cultural, podr\u00e1 hacer el internado en su lugar de empleo siempre y cuando \u00e9ste re\u00fana las condiciones requeridas. Adem\u00e1s, el\/la estudiante deber\u00e1 asumir las responsabilidades establecidas por las organizaciones o empresas que ofrezcan los internados.<\/li>\n<\/ul>\n<\/div>\n<\/div>\n<\/div>\n","protected":false},"excerpt":{"rendered":"<p>El internado deber\u00e1 proveer experiencias profesionales de trabajo que contribuyan significativamente a redondear la formaci\u00f3n acad\u00e9mica del\/de la estudiante y a mejorar las posibilidades de ejecutar su trabajo con excelencia. El\/la estudiante desarrollar\u00e1 un plan de trabajo en acuerdo con la instituci\u00f3n o empresa en que desea realizar el internado. &#8230;<\/p>\n","protected":false},"author":3,"featured_media":0,"parent":750,"menu_order":0,"comment_status":"closed","ping_status":"closed","template":"","meta":{"footnotes":""},"class_list":["post-755","page","type-page","status-publish","hentry","column","twocol"],"_links":{"self":[{"href":"https:\/\/humanidades.uprrp.edu\/magac\/index.php?rest_route=\/wp\/v2\/pages\/755","targetHints":{"allow":["GET"]}}],"collection":[{"href":"https:\/\/humanidades.uprrp.edu\/magac\/index.php?rest_route=\/wp\/v2\/pages"}],"about":[{"href":"https:\/\/humanidades.uprrp.edu\/magac\/index.php?rest_route=\/wp\/v2\/types\/page"}],"author":[{"embeddable":true,"href":"https:\/\/humanidades.uprrp.edu\/magac\/index.php?rest_route=\/wp\/v2\/users\/3"}],"replies":[{"embeddable":true,"href":"https:\/\/humanidades.uprrp.edu\/magac\/index.php?rest_route=%2Fwp%2Fv2%2Fcomments&post=755"}],"version-history":[{"count":3,"href":"https:\/\/humanidades.uprrp.edu\/magac\/index.php?rest_route=\/wp\/v2\/pages\/755\/revisions"}],"predecessor-version":[{"id":759,"href":"https:\/\/humanidades.uprrp.edu\/magac\/index.php?rest_route=\/wp\/v2\/pages\/755\/revisions\/759"}],"up":[{"embeddable":true,"href":"https:\/\/humanidades.uprrp.edu\/magac\/index.php?rest_route=\/wp\/v2\/pages\/750"}],"wp:attachment":[{"href":"https:\/\/humanidades.uprrp.edu\/magac\/index.php?rest_route=%2Fwp%2Fv2%2Fmedia&parent=755"}],"curies":[{"name":"wp","href":"https:\/\/api.w.org\/{rel}","templated":true}]}}