{"id":750,"date":"2015-10-30T21:19:25","date_gmt":"2015-10-31T01:19:25","guid":{"rendered":"https:\/\/humanidades.uprrp.edu\/magac\/?page_id=750"},"modified":"2015-10-30T21:25:24","modified_gmt":"2015-10-31T01:25:24","slug":"internado","status":"publish","type":"page","link":"https:\/\/humanidades.uprrp.edu\/magac\/?page_id=750","title":{"rendered":"Internado"},"content":{"rendered":"<div class=\"page\" title=\"Page 27\">\n<div class=\"layoutArea\">\n<div class=\"column\">\n<p>El Internado en Gesti\u00f3n y Administraci\u00f3n Cultural es el laboratorio donde el\/la estudiante analiza, aplica, integra y eval\u00faa conocimientos, valores y principios de la gesti\u00f3n y administraci\u00f3n cultural. Esta experiencia es un requisito del programa y cuenta como 3 cr\u00e9ditos acad\u00e9micos equivalentes a 120 horas de internado. El trabajo de conclusi\u00f3n del internado ser\u00e1 el Proyecto o Tesis de Maestr\u00eda con el cual el\/la estudiante completar\u00e1 los requisitos para el grado.<\/p>\n<p>En el Internado se espera que el\/la estudiante desarrolle destrezas operacionales, integre la investigaci\u00f3n a la pr\u00e1ctica cotidiana de la gesti\u00f3n cultural y desarrolle una reflexi\u00f3n que, partiendo de sus conocimientos te\u00f3ricos, abone a la puesta en marcha de proyectos, programas y procedimientos dentro de la instituci\u00f3n donde el internado se lleve a cabo. Este proceso combinado de aprendizaje ofrece al estudiante la oportunidad de enfrentarse a situaciones y problemas relacionados con la gesti\u00f3n de organizaciones culturales en sus m\u00faltiples facetas y dimensiones, desde la articulaci\u00f3n de programas, hasta el manejo administrativo del d\u00eda a d\u00eda institucional.<\/p>\n<p>El internado puede llevarse a cabo en una instituci\u00f3n cultural p\u00fablica, privada o comunitaria, sea \u00e9sta museo, galer\u00eda, teatro, centro cultural, cooperativa cultural, oficina municipal de cultura, oficina de un promotor o empresario cultural, entre otras. Se realizar\u00e1 en instituciones o empresas de Puerto Rico o del exterior con las que se haya llegado a un acuerdo previo o que tengan programas de internado establecidos que se consideren apropiados para el desarrollo del trabajo de conclusi\u00f3n del\/de la estudiante. El\/la estudiante debe completar un m\u00ednimo de tres (3) cr\u00e9ditos de internado en una misma instituci\u00f3n o empresa. Podr\u00e1, sin embargo, ampliar dicha experiencia en una o m\u00e1s instituciones o empresas hasta un m\u00e1ximo de seis (6) cr\u00e9ditos.<\/p>\n<p><a href=\"https:\/\/humanidades.uprrp.edu\/magac\/?page_id=289\" target=\"_blank\">Centros de pr\u00e1ctica<\/a><br \/>\n<a href=\"https:\/\/humanidades.uprrp.edu\/magac\/?page_id=755\" target=\"_blank\">Normas del internado<\/a><\/p>\n<\/div>\n<\/div>\n<\/div>\n","protected":false},"excerpt":{"rendered":"<p>El Internado en Gesti\u00f3n y Administraci\u00f3n Cultural es el laboratorio donde el\/la estudiante analiza, aplica, integra y eval\u00faa conocimientos, valores y principios de la gesti\u00f3n y administraci\u00f3n cultural. Esta experiencia es un requisito del programa y cuenta como 3 cr\u00e9ditos acad\u00e9micos equivalentes a 120 horas de internado. El trabajo de &#8230;<\/p>\n","protected":false},"author":3,"featured_media":0,"parent":0,"menu_order":0,"comment_status":"closed","ping_status":"closed","template":"","meta":{"footnotes":""},"class_list":["post-750","page","type-page","status-publish","hentry","column","twocol"],"_links":{"self":[{"href":"https:\/\/humanidades.uprrp.edu\/magac\/index.php?rest_route=\/wp\/v2\/pages\/750","targetHints":{"allow":["GET"]}}],"collection":[{"href":"https:\/\/humanidades.uprrp.edu\/magac\/index.php?rest_route=\/wp\/v2\/pages"}],"about":[{"href":"https:\/\/humanidades.uprrp.edu\/magac\/index.php?rest_route=\/wp\/v2\/types\/page"}],"author":[{"embeddable":true,"href":"https:\/\/humanidades.uprrp.edu\/magac\/index.php?rest_route=\/wp\/v2\/users\/3"}],"replies":[{"embeddable":true,"href":"https:\/\/humanidades.uprrp.edu\/magac\/index.php?rest_route=%2Fwp%2Fv2%2Fcomments&post=750"}],"version-history":[{"count":4,"href":"https:\/\/humanidades.uprrp.edu\/magac\/index.php?rest_route=\/wp\/v2\/pages\/750\/revisions"}],"predecessor-version":[{"id":757,"href":"https:\/\/humanidades.uprrp.edu\/magac\/index.php?rest_route=\/wp\/v2\/pages\/750\/revisions\/757"}],"wp:attachment":[{"href":"https:\/\/humanidades.uprrp.edu\/magac\/index.php?rest_route=%2Fwp%2Fv2%2Fmedia&parent=750"}],"curies":[{"name":"wp","href":"https:\/\/api.w.org\/{rel}","templated":true}]}}