{"id":741,"date":"2015-10-30T21:09:54","date_gmt":"2015-10-31T01:09:54","guid":{"rendered":"https:\/\/humanidades.uprrp.edu\/magac\/?page_id=741"},"modified":"2015-10-30T21:09:54","modified_gmt":"2015-10-31T01:09:54","slug":"gecu-6993-temas-en-gestion-de-las-artes-visuales-gestion-de-la-conservacion-sostenible-del-legado-artistico-y-cultural-tangible","status":"publish","type":"page","link":"https:\/\/humanidades.uprrp.edu\/magac\/?page_id=741","title":{"rendered":"GECU 6993 \u2013 Temas en gesti\u00f3n de las artes visuales: Gesti\u00f3n de la conservaci\u00f3n sostenible del legado art\u00edstico y cultural tangible"},"content":{"rendered":"<p><strong>Cr\u00e9ditos: 3<\/strong><br \/>\nEste curso pretende ampliar el conocimiento sobre la gesti\u00f3n y rol de la conservaci\u00f3n, restauraci\u00f3n sostenible, del legado art\u00edstico y cultural tangible, desde una perspectiva transdisciplinaria. El estudiante analizar\u00e1 cr\u00edticamente los conceptos, acercamientos e interpretaciones y posibilidades de este campo en Puerto Rico, problematizando la pasada y actual situaci\u00f3n cultural.<\/p>\n","protected":false},"excerpt":{"rendered":"<p>Cr\u00e9ditos: 3 Este curso pretende ampliar el conocimiento sobre la gesti\u00f3n y rol de la conservaci\u00f3n, restauraci\u00f3n sostenible, del legado art\u00edstico y cultural tangible, desde una perspectiva transdisciplinaria. El estudiante analizar\u00e1 cr\u00edticamente los conceptos, acercamientos e interpretaciones y posibilidades de este campo en Puerto Rico, problematizando la pasada y actual &#8230;<\/p>\n","protected":false},"author":3,"featured_media":0,"parent":0,"menu_order":0,"comment_status":"closed","ping_status":"closed","template":"","meta":{"footnotes":""},"class_list":["post-741","page","type-page","status-publish","hentry","column","twocol"],"_links":{"self":[{"href":"https:\/\/humanidades.uprrp.edu\/magac\/index.php?rest_route=\/wp\/v2\/pages\/741","targetHints":{"allow":["GET"]}}],"collection":[{"href":"https:\/\/humanidades.uprrp.edu\/magac\/index.php?rest_route=\/wp\/v2\/pages"}],"about":[{"href":"https:\/\/humanidades.uprrp.edu\/magac\/index.php?rest_route=\/wp\/v2\/types\/page"}],"author":[{"embeddable":true,"href":"https:\/\/humanidades.uprrp.edu\/magac\/index.php?rest_route=\/wp\/v2\/users\/3"}],"replies":[{"embeddable":true,"href":"https:\/\/humanidades.uprrp.edu\/magac\/index.php?rest_route=%2Fwp%2Fv2%2Fcomments&post=741"}],"version-history":[{"count":1,"href":"https:\/\/humanidades.uprrp.edu\/magac\/index.php?rest_route=\/wp\/v2\/pages\/741\/revisions"}],"predecessor-version":[{"id":742,"href":"https:\/\/humanidades.uprrp.edu\/magac\/index.php?rest_route=\/wp\/v2\/pages\/741\/revisions\/742"}],"wp:attachment":[{"href":"https:\/\/humanidades.uprrp.edu\/magac\/index.php?rest_route=%2Fwp%2Fv2%2Fmedia&parent=741"}],"curies":[{"name":"wp","href":"https:\/\/api.w.org\/{rel}","templated":true}]}}