{"id":738,"date":"2015-10-30T21:07:16","date_gmt":"2015-10-31T01:07:16","guid":{"rendered":"https:\/\/humanidades.uprrp.edu\/magac\/?page_id=738"},"modified":"2015-10-30T21:07:16","modified_gmt":"2015-10-31T01:07:16","slug":"gecu-6996-temas-en-gestion-del-patrimonio-cultural-turismo-sostenible","status":"publish","type":"page","link":"https:\/\/humanidades.uprrp.edu\/magac\/?page_id=738","title":{"rendered":"GECU 6996 Temas en Gesti\u00f3n del Patrimonio Cultural: Turismo Sostenible"},"content":{"rendered":"<p>Cr\u00e9ditos:3<br \/>\nDurante el curso el estudiante tendr\u00e1 la oportunidad de conocer y explorar las diferentes modalidades que abarca el Turismo Sostenible, dando especial \u00e9nfasis a las modalidades de Ecoturismo, Agroturismo y Turismo de Base Comunitaria. Se estar\u00e1 profundizando en el Marco Legal existente y las Gu\u00edas de Implantaci\u00f3n creadas para el establecimiento y certificaci\u00f3n de cada una de estas modalidades. Adem\u00e1s, se estar\u00e1n analizando los beneficios, retos y oportunidades de este segmento dentro del Turismo utilizando a Puerto Rico como marco de estudio y llevando nuestro an\u00e1lisis a la comparaci\u00f3n con otros destinos en las Am\u00e9ricas. El curso estar\u00e1 integrando visitas de campo a proyectos modelos en cada una de las modalidades a ser tocadas.<\/p>\n","protected":false},"excerpt":{"rendered":"<p>Cr\u00e9ditos:3 Durante el curso el estudiante tendr\u00e1 la oportunidad de conocer y explorar las diferentes modalidades que abarca el Turismo Sostenible, dando especial \u00e9nfasis a las modalidades de Ecoturismo, Agroturismo y Turismo de Base Comunitaria. Se estar\u00e1 profundizando en el Marco Legal existente y las Gu\u00edas de Implantaci\u00f3n creadas para &#8230;<\/p>\n","protected":false},"author":3,"featured_media":0,"parent":0,"menu_order":0,"comment_status":"closed","ping_status":"closed","template":"","meta":{"footnotes":""},"class_list":["post-738","page","type-page","status-publish","hentry","column","twocol"],"_links":{"self":[{"href":"https:\/\/humanidades.uprrp.edu\/magac\/index.php?rest_route=\/wp\/v2\/pages\/738","targetHints":{"allow":["GET"]}}],"collection":[{"href":"https:\/\/humanidades.uprrp.edu\/magac\/index.php?rest_route=\/wp\/v2\/pages"}],"about":[{"href":"https:\/\/humanidades.uprrp.edu\/magac\/index.php?rest_route=\/wp\/v2\/types\/page"}],"author":[{"embeddable":true,"href":"https:\/\/humanidades.uprrp.edu\/magac\/index.php?rest_route=\/wp\/v2\/users\/3"}],"replies":[{"embeddable":true,"href":"https:\/\/humanidades.uprrp.edu\/magac\/index.php?rest_route=%2Fwp%2Fv2%2Fcomments&post=738"}],"version-history":[{"count":1,"href":"https:\/\/humanidades.uprrp.edu\/magac\/index.php?rest_route=\/wp\/v2\/pages\/738\/revisions"}],"predecessor-version":[{"id":739,"href":"https:\/\/humanidades.uprrp.edu\/magac\/index.php?rest_route=\/wp\/v2\/pages\/738\/revisions\/739"}],"wp:attachment":[{"href":"https:\/\/humanidades.uprrp.edu\/magac\/index.php?rest_route=%2Fwp%2Fv2%2Fmedia&parent=738"}],"curies":[{"name":"wp","href":"https:\/\/api.w.org\/{rel}","templated":true}]}}