{"id":704,"date":"2015-10-30T20:14:26","date_gmt":"2015-10-31T00:14:26","guid":{"rendered":"https:\/\/humanidades.uprrp.edu\/magac\/?page_id=704"},"modified":"2021-03-12T10:50:07","modified_gmt":"2021-03-12T14:50:07","slug":"filosofia","status":"publish","type":"page","link":"https:\/\/humanidades.uprrp.edu\/magac\/?page_id=704","title":{"rendered":"Filosof\u00eda"},"content":{"rendered":"<div>\n<p>La gestio\u0301n cultural es un campo transdisciplinario que se nutre de los enfoques teo\u0301ricos y estrategias metodolo\u0301gicas de diversas disciplinas humani\u0301sticas y sociales, asi\u0301 como de la administracio\u0301n, las comunicaciones, el derecho y la educacio\u0301n, entre otros. El programa de Maestr\u00eda en Gesti\u00f3n y Administraci\u00f3n Cultural (MAGAC) se fundamenta\u00a0 en la gesti\u00f3n como creatividad y compromiso social. A tal efecto, sirven de soporte tanto el sentido ciudadano, como el conocimiento y sostenibilidad de la gesti\u00f3n, combinando lo te\u00f3rico y lo pr\u00e1ctico.<\/p>\n<p>La teor\u00eda provee los fundamentos conceptuales y una necesaria visi\u00f3n de conjunto que incide favorablemente en una gesti\u00f3n situada en su contexto. Por su parte, la pr\u00e1ctica tambi\u00e9n genera pensamiento\u00a0 y amplia posibles estrecheces te\u00f3ricas desde el campo de la experiencia. El dise\u00f1o curricular del programa integra lo te\u00f3rico y lo pr\u00e1ctico, desde sus cursos medulares, hasta una amplia oferta electiva, desarrollando estrategias para la sostenibilidad de la de gesti\u00f3n, en cuanto a lo social, lo econ\u00f3mico y lo medioambiental.<\/p>\n<p>Por otro lado, los saberes gestivos se enriquecen con una oferta electiva sumamente comprensiva, dina\u0301mica y diversa, que permite al estudiantado explorar a\u0301mbitos especializados. Para ello, el programa se nutre de profesionales de la gestio\u0301n cultural y campos afines, como museo\u0301grafxs, curadorxs, productorxs esce\u0301nicxs y del campo audiovisual, educadorxs, emprendedorxs culturales y comunitarios, entre otros. Todo lo cual abona con creces a la formaci\u00f3n de excelencia del estudiantado.<\/p>\n<p>&nbsp;<\/p>\n<p>&nbsp;<\/p>\n<p><b><i><\/i><\/b><\/div>\n","protected":false},"excerpt":{"rendered":"<p>La gestio\u0301n cultural es un campo transdisciplinario que se nutre de los enfoques teo\u0301ricos y estrategias metodolo\u0301gicas de diversas disciplinas humani\u0301sticas y sociales, asi\u0301 como de la administracio\u0301n, las comunicaciones, el derecho y la educacio\u0301n, entre otros. El programa de Maestr\u00eda en Gesti\u00f3n y Administraci\u00f3n Cultural (MAGAC) se fundamenta\u00a0 en &#8230;<\/p>\n","protected":false},"author":3,"featured_media":0,"parent":213,"menu_order":0,"comment_status":"closed","ping_status":"closed","template":"","meta":{"footnotes":""},"class_list":["post-704","page","type-page","status-publish","hentry","column","twocol"],"_links":{"self":[{"href":"https:\/\/humanidades.uprrp.edu\/magac\/index.php?rest_route=\/wp\/v2\/pages\/704","targetHints":{"allow":["GET"]}}],"collection":[{"href":"https:\/\/humanidades.uprrp.edu\/magac\/index.php?rest_route=\/wp\/v2\/pages"}],"about":[{"href":"https:\/\/humanidades.uprrp.edu\/magac\/index.php?rest_route=\/wp\/v2\/types\/page"}],"author":[{"embeddable":true,"href":"https:\/\/humanidades.uprrp.edu\/magac\/index.php?rest_route=\/wp\/v2\/users\/3"}],"replies":[{"embeddable":true,"href":"https:\/\/humanidades.uprrp.edu\/magac\/index.php?rest_route=%2Fwp%2Fv2%2Fcomments&post=704"}],"version-history":[{"count":5,"href":"https:\/\/humanidades.uprrp.edu\/magac\/index.php?rest_route=\/wp\/v2\/pages\/704\/revisions"}],"predecessor-version":[{"id":1671,"href":"https:\/\/humanidades.uprrp.edu\/magac\/index.php?rest_route=\/wp\/v2\/pages\/704\/revisions\/1671"}],"up":[{"embeddable":true,"href":"https:\/\/humanidades.uprrp.edu\/magac\/index.php?rest_route=\/wp\/v2\/pages\/213"}],"wp:attachment":[{"href":"https:\/\/humanidades.uprrp.edu\/magac\/index.php?rest_route=%2Fwp%2Fv2%2Fmedia&parent=704"}],"curies":[{"name":"wp","href":"https:\/\/api.w.org\/{rel}","templated":true}]}}