{"id":669,"date":"2015-10-27T12:22:39","date_gmt":"2015-10-27T16:22:39","guid":{"rendered":"https:\/\/humanidades.uprrp.edu\/magac\/?page_id=669"},"modified":"2016-09-12T15:34:05","modified_gmt":"2016-09-12T19:34:05","slug":"tesis","status":"publish","type":"page","link":"https:\/\/humanidades.uprrp.edu\/magac\/?page_id=669","title":{"rendered":"Tesis"},"content":{"rendered":"<p><strong>Lista de Tesis entregadas al Seminario Multidisciplinario de\u00a0Informaci\u00f3n y\u00a0Documentaci\u00f3n Jos\u00e9 Emilio Gonz\u00e1lez &#8211; Octubre 22, 2014.<\/strong><\/p>\n<p>Baje el listado de tesis <a href=\"https:\/\/dl.dropboxusercontent.com\/u\/78506860\/Tesis.MAGAC.Seminario.pdf\">aqu\u00ed.<\/a><\/p>\n<p><strong>Alonso Calder\u00f3n, Amanda Zulima.\u00a0<\/strong> <i>Exhibiciones de arte : gu\u00eda pr\u00e1ctica.\u00a0 <\/i>2011.<br \/>\n<a href=\"http:\/\/hip.upr.edu:85\/ipac20\/ipac.jsp?session=144N357522MC5.14153&amp;menu=search&amp;aspect=basic&amp;npp=10&amp;ipp=20&amp;spp=20&amp;profile=md&amp;ri=4&amp;source=~!uprbib&amp;index=.GW&amp;term=Alonso+Calder%25C3%25B3n%252C+Amanda+Zulima&amp;x=6&amp;y=14&amp;aspect=basic\">Enlace Cat\u00e1logo en Linea SMJEG<\/a><\/p>\n<p><strong>Br\u00e1s Feliciano, Dianne.\u00a0<\/strong> <i>Huelga en la UPR : de las vallas rotas a las barricadas : proyecto de documentaci\u00f3n y difusi\u00f3n.\u00a0 <\/i>2012.<br \/>\n<a href=\"http:\/\/hip.upr.edu:85\/ipac20\/ipac.jsp?session=144N357522MC5.14153&amp;menu=search&amp;aspect=basic&amp;npp=10&amp;ipp=20&amp;spp=20&amp;profile=md&amp;ri=8&amp;source=~!uprbib&amp;index=.GW&amp;term=Br%25C3%25A1s+Feliciano%252C+Dianne&amp;x=0&amp;y=0&amp;aspect=basic\">Enlace Cat\u00e1logo en Linea SMJEG<\/a><\/p>\n<p><strong>Capell\u00e1n Heyer, Ivelisse.\u00a0<\/strong> <i>Un viaje art\u00edstico por el Caribe : del museo al espacio virtual (aplicaci\u00f3n Casa Cort\u00e9s en Windows 8.1).\u00a0 <\/i>2014.<i><br \/>\n<\/i><a href=\"http:\/\/hip.upr.edu:85\/ipac20\/ipac.jsp?session=144N357522MC5.14153&amp;menu=search&amp;aspect=basic&amp;npp=10&amp;ipp=20&amp;spp=20&amp;profile=md&amp;ri=7&amp;source=~!uprbib&amp;index=.GW&amp;term=Capell%25C3%25A1n+Heyer%252C+Ivelisse&amp;x=17&amp;y=17&amp;aspect=basic\">Enlace Cat\u00e1logo en Linea SMJEG<\/a><\/p>\n<p><strong>Chaves-Otero, Rafael O.<\/strong> <i>Campa\u00f1a educativa de relaciones p\u00fablicas para dar a conocer el Sistema de Cuevas, Cavernas y Refugios Las Cabachuelas de Morovis.\u00a0 <\/i>2011.<br \/>\n<a href=\"http:\/\/hip.upr.edu:85\/ipac20\/ipac.jsp?session=144N357522MC5.14153&amp;menu=search&amp;aspect=basic&amp;npp=10&amp;ipp=20&amp;spp=20&amp;profile=md&amp;ri=6&amp;source=~!uprbib&amp;index=.GW&amp;term=Chaves-Otero%252C+Rafael+O&amp;x=8&amp;y=12&amp;aspect=basic\">Enlace Cat\u00e1logo en Linea SMJEG<\/a><\/p>\n<p><strong>Cordero Montalvo, Valerie.\u00a0<\/strong> <i>Proyecto de gesti\u00f3n desarrollado para el Museo Orocove\u00f1o Celestino Avil\u00e9s Mel\u00e9ndez : <\/i><i><a href=\"http:\/\/www.museoocam.com\">www.museoocam.com<\/a>.\u00a0<\/i>2010.<br \/>\n<a href=\"http:\/\/hip.upr.edu:85\/ipac20\/ipac.jsp?session=144N357522MC5.14153&amp;menu=search&amp;aspect=basic&amp;npp=10&amp;ipp=20&amp;spp=20&amp;profile=md&amp;ri=5&amp;source=~!uprbib&amp;index=.GW&amp;term=Cordero+Montalvo%252C+Valerie&amp;x=20&amp;y=12&amp;aspect=basic\">Enlace Cat\u00e1logo en Linea SMJEG<\/a><\/p>\n<p><strong>Cosme Rosario, Windy.\u00a0<\/strong> <i>Herramientas de comunicaci\u00f3n para la reintegraci\u00f3n social del menor infractor : un programa de oratoria dentro de una instituci\u00f3n juvenil. <\/i>2014.<br \/>\n<a href=\"http:\/\/hip.upr.edu:85\/ipac20\/ipac.jsp?session=14WK09B657858.64301&amp;menu=home&amp;aspect=basic&amp;npp=10&amp;ipp=20&amp;spp=20&amp;profile=md&amp;ri=1&amp;source=~!uprbib&amp;index=.GW&amp;term=Cosme+Rosario%252C+Windy&amp;x=12&amp;y=16&amp;aspect=basic\">Enlace Cat\u00e1logo en Linea SMJEG<\/a><\/p>\n<p><strong>Cruz Corchado, Raymond.\u00a0<\/strong> <i>El artista en formaci\u00f3n y los espacios de exposici\u00f3n en el contexto universitario : dise\u00f1o y construcci\u00f3n museogr\u00e1fica de las Galer\u00edas Francisco Oller y BA 209 de la Universidad de Puerto Rico, Recinto de R\u00edo Piedras.\u00a0 <\/i>2014.<br \/>\n<a href=\"http:\/\/hip.upr.edu:85\/ipac20\/ipac.jsp?session=144709523YF4K.63940&amp;profile=md&amp;uri=link=3100008~!2022040~!3100001~!3100002&amp;aspect=basic_search&amp;menu=search&amp;ri=2&amp;source=~!uprbib&amp;term=El+artista+en+formaci%25C3%25B3n+y+los+espacios+de+exposici%25C3%25B3n+en+el+context\">Enlace Cat\u00e1logo en Linea SMJEG<\/a><\/p>\n<p><strong>Cruz Roque, Nora.\u00a0<\/strong> <i>Plataforma digital de la Liga de Poetas del Sur : estrategia de divulgaci\u00f3n, accesibilidad, investigaci\u00f3n y creatividad en este nuevo quehacer literario.\u00a0 <\/i>2014.<br \/>\n<a href=\"http:\/\/hip.upr.edu:85\/ipac20\/ipac.jsp?session=144N357522MC5.14153&amp;menu=search&amp;aspect=basic&amp;npp=10&amp;ipp=20&amp;spp=20&amp;profile=md&amp;ri=3&amp;source=~!uprbib&amp;index=.GW&amp;term=Cruz+Roque%252C+Nora.++&amp;x=9&amp;y=2&amp;aspect=basic\">Enlace Cat\u00e1lgo en Linea SMJEG<\/a><\/p>\n<p><strong>Estela V\u00e1zquez, Sharon.\u00a0<\/strong> <i>La distribuci\u00f3n del cine puertorrique\u00f1o y la educaci\u00f3n como estrategia para la formaci\u00f3n de espectadores ilustrados.\u00a0 <\/i>2014.<br \/>\n<a href=\"http:\/\/hip.upr.edu:85\/ipac20\/ipac.jsp?session=144N357522MC5.14153&amp;profile=md&amp;source=~!uprbib&amp;view=subscriptionsummary&amp;uri=full=3100001~!1400287~!0&amp;ri=2&amp;aspect=basic&amp;menu=search&amp;ipp=20&amp;spp=20&amp;staffonly=&amp;term=Estela+V%25C3%25A1zquez,+Sharon&amp;index=.GW&amp;uindex=&amp;aspect=basic&amp;menu=search&amp;ri=2\">Enlace Cat\u00e1lgo en Linea SMJEG<\/a><\/p>\n<p><strong>Garc\u00eda Ayala, Iliana.\u00a0<\/strong> <i>Terra inc\u00f3gnita : sobre las \u201ccomunidades de sentido\u201d e identidades en el quehacer teatral puertorrique\u00f1o : investigaci\u00f3n, recuento y reflexiones a partir del 1er Encuentro de Teatro Juvenil.\u00a0 <\/i>2012.<br \/>\n<a href=\"http:\/\/hip.upr.edu:85\/ipac20\/ipac.jsp?session=144N357522MC5.14153&amp;profile=md&amp;source=~!uprbib&amp;view=subscriptionsummary&amp;uri=full=3100001~!1400395~!0&amp;ri=10&amp;aspect=basic&amp;menu=search&amp;ipp=20&amp;spp=20&amp;staffonly=&amp;term=Garc%25C3%25ADa+Ayala,+Iliana&amp;index=.GW&amp;uindex=&amp;aspect=basic&amp;menu=search&amp;ri=10\">Enlace Cat\u00e1logo en Linea SMJEG<\/a><\/p>\n<p><strong>Guzm\u00e1n Ralat, Omar R.\u00a0<\/strong> <i>Recorriendo El Velorio : pod-tour por un patrimonio cultural.\u00a0 <\/i>2010.<br \/>\n<a href=\"http:\/\/hip.upr.edu:85\/ipac20\/ipac.jsp?session=144N357522MC5.14153&amp;menu=search&amp;aspect=basic&amp;npp=10&amp;ipp=20&amp;spp=20&amp;profile=md&amp;ri=8&amp;source=~!uprbib&amp;index=.GW&amp;term=Guzm%25C3%25A1n+Ralat%252C+Omar+R.++&amp;x=13&amp;y=10&amp;aspect=basic\">Enlace Cat\u00e1logo en Linea SMJEG<\/a><\/p>\n<p><strong>Hern\u00e1ndez Galarza, Ernesto J.\u00a0<\/strong> <i>El rol educativo de los museos : la accesibilidad y adaptaci\u00f3n de la programaci\u00f3n para la poblaci\u00f3n con impedimentos visuales.\u00a0 <\/i>2011.<br \/>\n<a href=\"http:\/\/hip.upr.edu:85\/ipac20\/ipac.jsp?session=144N357522MC5.14153&amp;menu=search&amp;aspect=basic&amp;npp=10&amp;ipp=20&amp;spp=20&amp;profile=md&amp;ri=7&amp;source=~!uprbib&amp;index=.GW&amp;term=Hern%25C3%25A1ndez+Galarza%252C+Ernesto+J.++&amp;x=7&amp;y=10&amp;aspect=basic\">Enlace Cat\u00e1logo en Linea SMJEG<\/a><\/p>\n<p><strong>Hern\u00e1ndez Ochart, M\u00f3nica.\u00a0<\/strong> <i>Propuesta de ley para un plan de fomento cinematogr\u00e1fico viable para el desarrollo de las producciones nacionales. <\/i>2011.<br \/>\n<a href=\"http:\/\/hip.upr.edu:85\/ipac20\/ipac.jsp?session=144N357522MC5.14153&amp;menu=search&amp;aspect=basic&amp;npp=10&amp;ipp=20&amp;spp=20&amp;profile=md&amp;ri=6&amp;source=~!uprbib&amp;index=.GW&amp;term=Hern%25C3%25A1ndez+Ochart%252C+M%25C3%25B3nica&amp;x=8&amp;y=20&amp;aspect=basic\">Enlace Cat\u00e1logo en Linea SMJEG<\/a><\/p>\n<p><strong>Mart\u00ednez B\u00e1ez, Rubiam.\u00a0<\/strong> <i>Nueva museolog\u00eda y el desarrollo de programas educativos\/interpretativos : el caso del Jard\u00edn Bot\u00e1nico y Cultural William Miranda Mar\u00edn.\u00a0 <\/i>2014.<br \/>\n<a href=\"http:\/\/hip.upr.edu:85\/ipac20\/ipac.jsp?session=144N357522MC5.14153&amp;menu=search&amp;aspect=basic&amp;npp=10&amp;ipp=20&amp;spp=20&amp;profile=md&amp;ri=5&amp;source=~!uprbib&amp;index=.GW&amp;term=Mart%25C3%25ADnez+B%25C3%25A1ez%252C+Rubiam&amp;x=13&amp;y=13&amp;aspect=basic\">Enlace Cat\u00e1lgo en Linea SMJEG<\/a><\/p>\n<p><strong>Medina Sep\u00falveda, Lara M.\u00a0<\/strong> <i>Reclamando los espacios del arte en el siglo 21 : Archivo de Arte Urbano en Puerto Rico.\u00a0 <\/i>2014.<br \/>\n<a href=\"http:\/\/hip.upr.edu:85\/ipac20\/ipac.jsp?session=144N357522MC5.14153&amp;menu=search&amp;aspect=basic&amp;npp=10&amp;ipp=20&amp;spp=20&amp;profile=md&amp;ri=4&amp;source=~!uprbib&amp;index=.GW&amp;term=Medina+Sep%25C3%25BAlveda%252C+Lara+M&amp;x=16&amp;y=16&amp;aspect=basic\">Enlace Cat\u00e1logo en Linea SMJEG<\/a><\/p>\n<p><strong>Miranda Correa, Ivonne M.\u00a0<\/strong> <i>Las alianzas entre los museos de arte y las escuelas.\u00a0 <\/i>2012.<br \/>\n<a href=\"http:\/\/hip.upr.edu:85\/ipac20\/ipac.jsp?session=144N357522MC5.14153&amp;menu=search&amp;aspect=basic&amp;npp=10&amp;ipp=20&amp;spp=20&amp;profile=md&amp;ri=3&amp;source=~!uprbib&amp;index=.GW&amp;term=Miranda+Correa%252C+Ivonne+M&amp;x=12&amp;y=13&amp;aspect=basic\">Enlace Cat\u00e1logo en Linea SMJEG<\/a><\/p>\n<p><strong>Morales Matos, Guarionex.\u00a0<\/strong> <i>La infuencia de la m\u00fasica popular en la obra de Ernesto Cordero, m\u00fasico puertorrique\u00f1o, caribe\u00f1ista y latinoamericanista : estudio introductorio, concierto de m\u00fasica de c\u00e1mara y preparaci\u00f3n del cat\u00e1logo de las obras compuestas entre 1967 y 2010.\u00a0 <\/i>2011.<br \/>\n<a href=\"http:\/\/hip.upr.edu:85\/ipac20\/ipac.jsp?session=144N357522MC5.14153&amp;menu=search&amp;aspect=basic&amp;npp=10&amp;ipp=20&amp;spp=20&amp;profile=md&amp;ri=2&amp;source=~!uprbib&amp;index=.GW&amp;term=Morales+Matos%252C+Guarionex&amp;x=5&amp;y=16&amp;aspect=basic\">Enlace Cat\u00e1logo en Linea SMJEG<\/a><\/p>\n<p><strong>Nieves Rosa, Mayra.\u00a0<\/strong> <i>Estrategias de gesti\u00f3n cultural para la promoci\u00f3n de la agricultura ecol\u00f3gica en Puerto Rico.\u00a0 <\/i>2011.<br \/>\n<a href=\"http:\/\/hip.upr.edu:85\/ipac20\/ipac.jsp?session=144N357522MC5.14153&amp;profile=md&amp;source=~!uprbib&amp;view=subscriptionsummary&amp;uri=full=3100001~!1399930~!0&amp;ri=1&amp;aspect=basic&amp;menu=search&amp;ipp=20&amp;spp=20&amp;staffonly=&amp;term=Nieves+Rosa,+Mayra.++&amp;index=.GW&amp;uindex=&amp;aspect=basic&amp;menu=search&amp;ri=1\">Enlace Cat\u00e1lago en Linea SMJEG<\/a><\/p>\n<p><strong>Oppenheimer, Jessica.<\/strong> <i>M\u00e9todos l\u00fadicos dirigidos a la creaci\u00f3n de inter\u00e9s por el patrimonio. <\/i>2014.<br \/>\n<a href=\"http:\/\/hip.upr.edu:85\/ipac20\/ipac.jsp?session=14WK09B657858.64301&amp;menu=home&amp;aspect=basic&amp;npp=10&amp;ipp=20&amp;spp=20&amp;profile=md&amp;ri=4&amp;source=~!uprbib&amp;index=.GW&amp;term=Oppenheimer%252C+Jessica&amp;x=9&amp;y=16&amp;aspect=basic\">Enlace Cat\u00e1logo en Linea SMJEG<\/a><\/p>\n<p><strong>Ortiz Declet, Bianca M.\u00a0<\/strong> <i>Archivo de perfiles de las artes visuales contempor\u00e1neas emergentes. <\/i>2012.<br \/>\n<a href=\"http:\/\/hip.upr.edu:85\/ipac20\/ipac.jsp?session=14WK09B657858.64301&amp;menu=home&amp;aspect=basic&amp;npp=10&amp;ipp=20&amp;spp=20&amp;profile=md&amp;ri=3&amp;source=~!uprbib&amp;index=.GW&amp;term=Ortiz+Declet%252C+Bianca+M.++&amp;x=7&amp;y=11&amp;aspect=basic\">Enlace Cat\u00e1logo en Linea SMJEG<\/a><\/p>\n<p><strong>Pantoja, Adriana.\u00a0<\/strong> <i>La importancia de la recuperaci\u00f3n, sistematizaci\u00f3n y archivo del quehacer teatral en Puerto Rico : la creaci\u00f3n de la Biblioteca Teatral Cisne. <\/i>2011.<br \/>\n<a href=\"http:\/\/hip.upr.edu:85\/ipac20\/ipac.jsp?session=1XY735307650W.13551&amp;profile=md&amp;source=~!uprbib&amp;view=subscriptionsummary&amp;uri=full=3100001~!1399722~!1&amp;ri=3&amp;aspect=basic&amp;menu=search&amp;ipp=20&amp;spp=20&amp;staffonly=&amp;term=Pantoja,+Adriana.++&amp;index=.GW&amp;uindex=&amp;aspect=basic&amp;menu=search&amp;ri=3\">Enlace Cat\u00e1logo en Linea SMJEG<\/a><\/p>\n<p><strong>Qui\u00f1ones Navarro, Laura M.<\/strong> <i>El coleccionismo del estado : un manual auxiliar para el uso, manejo y disposici\u00f3n de objetos sagrados de la Colecci\u00f3n del Instituto de Cultura Puertorrique\u00f1a. <\/i>2014.<br \/>\n<a href=\"http:\/\/hip.upr.edu:85\/ipac20\/ipac.jsp?session=14WK09B657858.64301&amp;menu=home&amp;aspect=basic&amp;npp=10&amp;ipp=20&amp;spp=20&amp;profile=md&amp;ri=2&amp;source=~!uprbib&amp;index=.GW&amp;term=Qui%25C3%25B1ones+Navarro%252C+Laura+M&amp;x=7&amp;y=12&amp;aspect=basic\">Enlace Cat\u00e1logo en Linea SMJEG<\/a><\/p>\n<p><strong>Rivera Z\u00e1rate, Paloma.<\/strong>\u00a0 <i>Programa de artes para la edad de oro.\u00a0 <\/i>2011.<br \/>\n<a href=\"http:\/\/hip.upr.edu:85\/ipac20\/ipac.jsp?session=1XY735307650W.13551&amp;menu=home&amp;aspect=basic&amp;npp=10&amp;ipp=20&amp;spp=20&amp;profile=md&amp;ri=1&amp;source=~!uprbib&amp;index=.GW&amp;term=Rivera+Z%25C3%25A1rate%252C+Paloma&amp;x=12&amp;y=14&amp;aspect=basic\">Enlace Cat\u00e1logo en Linea SMJEG<\/a><\/p>\n<p><strong>Rodr\u00edguez Pag\u00e1n, Bermarie.\u00a0<\/strong> <i>Archivo digital de la Tuna de la Universidad de Puerto Rico, Recinto de R\u00edo Piedras.\u00a0 <\/i>2013.<br \/>\n<a href=\"http:\/\/hip.upr.edu:85\/ipac20\/ipac.jsp?session=14WK09B657858.64301&amp;menu=home&amp;aspect=basic&amp;npp=10&amp;ipp=20&amp;spp=20&amp;profile=md&amp;ri=5&amp;source=~!uprbib&amp;index=.GW&amp;term=Rodr%25C3%25ADguez+Pag%25C3%25A1n%252C+Bermarie&amp;x=15&amp;y=13&amp;aspect=basic\">Enlace Cat\u00e1logo en Linea SMJEG<\/a><\/p>\n<p><strong>Rodr\u00edguez Ortiz, Vanessa Coa\u00ed.\u00a0<\/strong> <i>Curadur\u00eda en co-creaci\u00f3n : experiencia de integraci\u00f3n comunitaria en la Casa de Cultura Ruth Hern\u00e1ndez-Torres, R\u00edo Piedras, Puerto Rico.\u00a0 <\/i>2013.<br \/>\n<a href=\"http:\/\/hip.upr.edu:85\/ipac20\/ipac.jsp?session=1XY735307650W.13551&amp;menu=home&amp;aspect=basic&amp;npp=10&amp;ipp=20&amp;spp=20&amp;profile=md&amp;ri=&amp;index=.GW&amp;term=Rodr%25C3%25ADguez+Ortiz%252C+Vanessa+Coa%25C3%25AD&amp;x=9&amp;y=9&amp;aspect=basic\">Enlace Cat\u00e1logo en Linea SMJEG<\/a><\/p>\n<p><strong>Rodr\u00edguez Vel\u00e1zquez, Kats\u00ed Yar\u00ed.\u00a0<\/strong> <i>Atr\u00e9vete Puerto Rico : (re)conociendo miradas alternas para el trabajo con g\u00e9nero y violencia.\u00a0 <\/i>2012.<br \/>\n<a href=\"http:\/\/hip.upr.edu:85\/ipac20\/ipac.jsp?session=1XY735307650W.13551&amp;menu=home&amp;aspect=basic&amp;npp=10&amp;ipp=20&amp;spp=20&amp;profile=md&amp;ri=&amp;index=.GW&amp;term=Rodr%25C3%25ADguez+Vel%25C3%25A1zquez%252C+Kats%25C3%25AD+Yar%25C3%25AD&amp;x=14&amp;y=17&amp;aspect=basic\">Enlace Cat\u00e1logo en Linea SMJEG<\/a><\/p>\n<p><strong>Santos Rivera, Aleris.\u00a0<\/strong> <i>Los espacios p\u00fablicos de la UPRRP : un museo de arte hist\u00f3rico. <\/i>2014.<br \/>\n<a href=\"http:\/\/hip.upr.edu:85\/ipac20\/ipac.jsp?session=1XY735307650W.13551&amp;menu=search&amp;aspect=basic&amp;npp=10&amp;ipp=20&amp;spp=20&amp;profile=md&amp;ri=10&amp;source=~!uprbib&amp;index=.GW&amp;term=Santos+Rivera%252C+Aleris&amp;x=12&amp;y=15&amp;aspect=basic\">Enlace Cat\u00e1lgo en Linea SMJEG<\/a><\/p>\n<p><strong>Torres Hern\u00e1ndez, Ruth E.\u00a0<\/strong> <i>Las cooperativas culturales : entre el arte y la rentabilidad : estudio de las cooperativas juveniles de bellas artes en Puerto Rico. <\/i>2013.<br \/>\n<a href=\"http:\/\/hip.upr.edu:85\/ipac20\/ipac.jsp?session=1XY735307650W.13551&amp;profile=md&amp;source=~!uprbib&amp;view=subscriptionsummary&amp;uri=full=3100001~!1400419~!0&amp;ri=9&amp;aspect=basic&amp;menu=search&amp;ipp=20&amp;spp=20&amp;staffonly=&amp;term=Torres+Hern%25C3%25A1ndez,+Ruth+E&amp;index=.GW&amp;uindex=&amp;aspect=basic&amp;menu=search&amp;ri=9\">Enlace Cat\u00e1logo en Linea SMJEG<\/a><\/p>\n<p><strong>Vivas Cap\u00f3, Jessabet.\u00a0<\/strong> <i>Mercadeo florido.\u00a0 <\/i>2014.<br \/>\n<a href=\"http:\/\/hip.upr.edu:85\/ipac20\/ipac.jsp?session=1XY735307650W.13551&amp;menu=search&amp;aspect=basic&amp;npp=10&amp;ipp=20&amp;spp=20&amp;profile=md&amp;ri=6&amp;source=~!uprbib&amp;index=.GW&amp;term=Vivas+Cap%25C3%25B3%252C+Jessabet.++&amp;x=6&amp;y=14&amp;aspect=basic\">Enlace Cat\u00e1lgo en Linea SMJEG<\/a><\/p>\n<p><strong>Vives Rodr\u00edguez, Cristina.<\/strong>\u00a0 <i>M\u00fasica simbi\u00f3tica : una propuesta de acciones dialogadas, transdisciplinarias y creativas para el abordaje introspectivo y colaborativo de la pr\u00e1ctica instrumental y la interpretaci\u00f3n de la m\u00fasica acad\u00e9mica. <\/i>2014.<br \/>\n<a href=\"http:\/\/hip.upr.edu:85\/ipac20\/ipac.jsp?session=1XY735307650W.13551&amp;menu=search&amp;aspect=basic&amp;npp=10&amp;ipp=20&amp;spp=20&amp;profile=md&amp;ri=5&amp;source=~!uprbib&amp;index=.GW&amp;term=Vives+Rodr%C3%ADguez%2C+Cristina.++&amp;x=11&amp;y=9&amp;aspect=basic\">Enlace Cat\u00e1logo en Linea SMJEG<\/a><\/p>\n<p><strong>Lista de Tesis entregadas al Seminario Jos\u00e9 Emilio Gonzalez y a La Colecci\u00f3n Puertorrique\u00f1a,\u00a0 Biblioteca Jos\u00e9 M. L\u00e1zaro &#8211; Noviembre 9, 2015.<\/strong><\/p>\n<p><strong>Ferrer Yulfo, Alix N.\u00a0<\/strong> <i>La importancia y necesidad de documentar el patrimonio cultural intangible: un archivo para el teatro universitario nuestro. <\/i>Diciembre 2014<br \/>\n1 copia Seminario\/1 copia colecci\u00f3n<\/p>\n<p><strong>Torres Colon, Graciela M.<\/strong> <i>La exposici\u00f3n a la m\u00fasica y el teatro en la educaci\u00f3n preescolar: una experiencia de gesti\u00f3n cultural en el Centro de Desarrollo\u00a0 Preescolar de la Universidad de Puerto Rico.<\/i> Mayo 2015<br \/>\n1 copia Seminario\/1 copia colecci\u00f3n<\/p>\n<p><strong>Morales Medina, Priscilla.<\/strong> <i>Preservaci\u00f3n y memoria: creaci\u00f3n de inventario de obras pl\u00e1sticas del pintor puertorriqu\u00f1o Tulio Ojeda Torres.<\/i> Junio 2015<br \/>\n1 copia Seminario\/1 copia colecci\u00f3n<\/p>\n","protected":false},"excerpt":{"rendered":"<p>Lista de Tesis entregadas al Seminario Multidisciplinario de\u00a0Informaci\u00f3n y\u00a0Documentaci\u00f3n Jos\u00e9 Emilio Gonz\u00e1lez &#8211; Octubre 22, 2014. Baje el listado de tesis aqu\u00ed. Alonso Calder\u00f3n, Amanda Zulima.\u00a0 Exhibiciones de arte : gu\u00eda pr\u00e1ctica.\u00a0 2011. Enlace Cat\u00e1logo en Linea SMJEG Br\u00e1s Feliciano, Dianne.\u00a0 Huelga en la UPR : de las vallas rotas &#8230;<\/p>\n","protected":false},"author":3,"featured_media":0,"parent":0,"menu_order":0,"comment_status":"closed","ping_status":"closed","template":"","meta":{"footnotes":""},"class_list":["post-669","page","type-page","status-publish","hentry","column","twocol"],"_links":{"self":[{"href":"https:\/\/humanidades.uprrp.edu\/magac\/index.php?rest_route=\/wp\/v2\/pages\/669","targetHints":{"allow":["GET"]}}],"collection":[{"href":"https:\/\/humanidades.uprrp.edu\/magac\/index.php?rest_route=\/wp\/v2\/pages"}],"about":[{"href":"https:\/\/humanidades.uprrp.edu\/magac\/index.php?rest_route=\/wp\/v2\/types\/page"}],"author":[{"embeddable":true,"href":"https:\/\/humanidades.uprrp.edu\/magac\/index.php?rest_route=\/wp\/v2\/users\/3"}],"replies":[{"embeddable":true,"href":"https:\/\/humanidades.uprrp.edu\/magac\/index.php?rest_route=%2Fwp%2Fv2%2Fcomments&post=669"}],"version-history":[{"count":13,"href":"https:\/\/humanidades.uprrp.edu\/magac\/index.php?rest_route=\/wp\/v2\/pages\/669\/revisions"}],"predecessor-version":[{"id":1390,"href":"https:\/\/humanidades.uprrp.edu\/magac\/index.php?rest_route=\/wp\/v2\/pages\/669\/revisions\/1390"}],"wp:attachment":[{"href":"https:\/\/humanidades.uprrp.edu\/magac\/index.php?rest_route=%2Fwp%2Fv2%2Fmedia&parent=669"}],"curies":[{"name":"wp","href":"https:\/\/api.w.org\/{rel}","templated":true}]}}