{"id":637,"date":"2015-10-27T10:03:57","date_gmt":"2015-10-27T14:03:57","guid":{"rendered":"https:\/\/humanidades.uprrp.edu\/magac\/?page_id=637"},"modified":"2015-10-27T10:06:05","modified_gmt":"2015-10-27T14:06:05","slug":"red-de-posgrados-en-estudios-y-politicas-culturales","status":"publish","type":"page","link":"https:\/\/humanidades.uprrp.edu\/magac\/?page_id=637","title":{"rendered":"Red de posgrados en estudios y pol\u00edticas culturales"},"content":{"rendered":"<p>La Red de Estudios y Pol\u00edticas Culturales adscrita a la Red de Posgrados del Consejo Latinoamericano de Ciencias Sociales (CLACSO) tiene como objetivo el fomentar el intercambio acad\u00e9mico entre universidades latinoamericanas en el campo de los estudios culturales y las pol\u00edticas culturales. Gestada en el 2009, esta iniciativa busca dinamizar los di\u00e1logos intelectuales, las investigaciones compartidas y la cooperaci\u00f3n acad\u00e9mica, procurando mecanismos de movilidad estudiantil y movilidad docente que permitan institucionalizar lazos s\u00f3lidos entre programas de posgrado en la regi\u00f3n. La Red est\u00e1 integrada por las siguientes universidades: Universidad Nacional San Mart\u00edn (Argentina); Pontificia Universidad Cat\u00f3lica del Per\u00fa; Universidad Aut\u00f3noma Metropolitana (M\u00e9xico); Pontificia Universidad Javeriana (Colombia); Universidad ARCIS (Chile); Universidad de Puerto Rico. Desde el 2010 celebra anualmente un Seminario Internacional Intensivo de Posgrado, el cual se ha llevado a cabo en Santiago de Chile (2010), Ciudad de M\u00e9xico (2011), Buenos Aires, Argentina (2012) y Bogot\u00e1, Colombia (2013). En junio del 2014 se llev\u00f3 a cabo en la Universidad de Puerto Rico.<\/p>\n","protected":false},"excerpt":{"rendered":"<p>La Red de Estudios y Pol\u00edticas Culturales adscrita a la Red de Posgrados del Consejo Latinoamericano de Ciencias Sociales (CLACSO) tiene como objetivo el fomentar el intercambio acad\u00e9mico entre universidades latinoamericanas en el campo de los estudios culturales y las pol\u00edticas culturales. Gestada en el 2009, esta iniciativa busca dinamizar &#8230;<\/p>\n","protected":false},"author":3,"featured_media":0,"parent":278,"menu_order":0,"comment_status":"closed","ping_status":"closed","template":"","meta":{"footnotes":""},"class_list":["post-637","page","type-page","status-publish","hentry","column","twocol"],"_links":{"self":[{"href":"https:\/\/humanidades.uprrp.edu\/magac\/index.php?rest_route=\/wp\/v2\/pages\/637","targetHints":{"allow":["GET"]}}],"collection":[{"href":"https:\/\/humanidades.uprrp.edu\/magac\/index.php?rest_route=\/wp\/v2\/pages"}],"about":[{"href":"https:\/\/humanidades.uprrp.edu\/magac\/index.php?rest_route=\/wp\/v2\/types\/page"}],"author":[{"embeddable":true,"href":"https:\/\/humanidades.uprrp.edu\/magac\/index.php?rest_route=\/wp\/v2\/users\/3"}],"replies":[{"embeddable":true,"href":"https:\/\/humanidades.uprrp.edu\/magac\/index.php?rest_route=%2Fwp%2Fv2%2Fcomments&post=637"}],"version-history":[{"count":1,"href":"https:\/\/humanidades.uprrp.edu\/magac\/index.php?rest_route=\/wp\/v2\/pages\/637\/revisions"}],"predecessor-version":[{"id":638,"href":"https:\/\/humanidades.uprrp.edu\/magac\/index.php?rest_route=\/wp\/v2\/pages\/637\/revisions\/638"}],"up":[{"embeddable":true,"href":"https:\/\/humanidades.uprrp.edu\/magac\/index.php?rest_route=\/wp\/v2\/pages\/278"}],"wp:attachment":[{"href":"https:\/\/humanidades.uprrp.edu\/magac\/index.php?rest_route=%2Fwp%2Fv2%2Fmedia&parent=637"}],"curies":[{"name":"wp","href":"https:\/\/api.w.org\/{rel}","templated":true}]}}