{"id":635,"date":"2015-10-27T10:02:50","date_gmt":"2015-10-27T14:02:50","guid":{"rendered":"https:\/\/humanidades.uprrp.edu\/magac\/?page_id=635"},"modified":"2015-10-27T12:04:00","modified_gmt":"2015-10-27T16:04:00","slug":"programa-de-intercambios","status":"publish","type":"page","link":"https:\/\/humanidades.uprrp.edu\/magac\/?page_id=635","title":{"rendered":"Programa de Intercambios"},"content":{"rendered":"<p><strong>Pasos para tramitar un intercambio acad\u00e9mico<\/strong><\/p>\n<ol>\n<li>Para participar de un programa de intercambio institucional el estudiante debe haber cursado carga regular (m\u00ednimo 8 cr\u00e9ditos) durante el semestre anterior al intercambio.<\/li>\n<li>Seleccionar una universidad de la lista de universidades que tienen convenios con la Universidad de Puerto Rico.<\/li>\n<li>Verificar que el programa de estudio de la universidad seleccionada sea un programa graduado.<\/li>\n<li>Ir a la Oficina de Estudiantes Internacionales e Intercambio, ubicada en el segundo piso, Torre Norte de Plaza Universitaria, para que le orienten sobre los gastos, visas y otros tr\u00e1mites. (Horario de servicio: lunes a viernes, de 8:00 am &#8211; 12:00 m y de 1:00pm- 4:30 pm. Tel: 764-0000 Ext: 86201, 86202, 86205).<\/li>\n<li>Asistir a una orientaci\u00f3n proporcionada por la Oficina de Intercambio y cumplir con las fechas l\u00edmite de la oficina.<\/li>\n<li>Seleccionar los cursos que desea tomar. Aseg\u00farese que sean cursos graduados.<\/li>\n<li>Hacer una cita con el\/la asesor\/a de MAGAC para que se le llene el ACOI, hoja que evidencia la convalidaci\u00f3n de los cursos.<\/li>\n<li>Si desea hacer un intercambio con una universidad que no tenga convenio con la Universidad de Puerto Rico, tiene que solicitar un permiso de estudio en el exterior a la Oficina del Registrador y entonces tramitar su intercambio con la Oficina de Estudiantes Internacionales de la universidad en la que desea llevar a cabo el intercambio.<\/li>\n<\/ol>\n","protected":false},"excerpt":{"rendered":"<p>Pasos para tramitar un intercambio acad\u00e9mico Para participar de un programa de intercambio institucional el estudiante debe haber cursado carga regular (m\u00ednimo 8 cr\u00e9ditos) durante el semestre anterior al intercambio. Seleccionar una universidad de la lista de universidades que tienen convenios con la Universidad de Puerto Rico. Verificar que el &#8230;<\/p>\n","protected":false},"author":3,"featured_media":0,"parent":278,"menu_order":0,"comment_status":"closed","ping_status":"closed","template":"","meta":{"footnotes":""},"class_list":["post-635","page","type-page","status-publish","hentry","column","twocol"],"_links":{"self":[{"href":"https:\/\/humanidades.uprrp.edu\/magac\/index.php?rest_route=\/wp\/v2\/pages\/635","targetHints":{"allow":["GET"]}}],"collection":[{"href":"https:\/\/humanidades.uprrp.edu\/magac\/index.php?rest_route=\/wp\/v2\/pages"}],"about":[{"href":"https:\/\/humanidades.uprrp.edu\/magac\/index.php?rest_route=\/wp\/v2\/types\/page"}],"author":[{"embeddable":true,"href":"https:\/\/humanidades.uprrp.edu\/magac\/index.php?rest_route=\/wp\/v2\/users\/3"}],"replies":[{"embeddable":true,"href":"https:\/\/humanidades.uprrp.edu\/magac\/index.php?rest_route=%2Fwp%2Fv2%2Fcomments&post=635"}],"version-history":[{"count":2,"href":"https:\/\/humanidades.uprrp.edu\/magac\/index.php?rest_route=\/wp\/v2\/pages\/635\/revisions"}],"predecessor-version":[{"id":656,"href":"https:\/\/humanidades.uprrp.edu\/magac\/index.php?rest_route=\/wp\/v2\/pages\/635\/revisions\/656"}],"up":[{"embeddable":true,"href":"https:\/\/humanidades.uprrp.edu\/magac\/index.php?rest_route=\/wp\/v2\/pages\/278"}],"wp:attachment":[{"href":"https:\/\/humanidades.uprrp.edu\/magac\/index.php?rest_route=%2Fwp%2Fv2%2Fmedia&parent=635"}],"curies":[{"name":"wp","href":"https:\/\/api.w.org\/{rel}","templated":true}]}}