{"id":625,"date":"2015-10-27T09:51:00","date_gmt":"2015-10-27T13:51:00","guid":{"rendered":"https:\/\/humanidades.uprrp.edu\/magac\/?page_id=625"},"modified":"2015-10-27T09:51:00","modified_gmt":"2015-10-27T13:51:00","slug":"sonia-fritz","status":"publish","type":"page","link":"https:\/\/humanidades.uprrp.edu\/magac\/?page_id=625","title":{"rendered":"Sonia Fritz"},"content":{"rendered":"<p>Ha dirigido cinco pel\u00edculas de ficci\u00f3n y varios documentales en Puerto Rico, M\u00e9xico y Estados Unidos.\u00a015 Faros en Puerto Rico es su m\u00e1s reciente documental, estrenado en agosto de 2015. Mariachis con pantalones es su documental actualmente en producci\u00f3n.<\/p>\n<p>La serie de PBS Latin Americans, que ella co-dirigi\u00f3 (Cap. 1 &amp; 2), gan\u00f3 el Peabody Award 2014 como mejor serie al igual que el Imagen Award 2014.\u00a0Dirigi\u00f3 la pel\u00edcula Am\u00e9rica (2011, 90 min.) seleccionada por numerosos festivales, incluyendo Montreal, Guadalajara, Cinequest, HBO Latino in NY, Huelva; gan\u00f3 mejor actriz en el Festival Internacional de Rabat, Marruecos, Premio del Jurado en el Houston Film Festival, Mejor Director en el Rinc\u00f3n International Film Festival, Premio del Jurado en FEMI en Guadeloupe.<\/p>\n<p>Sus otros largometrajes de ficci\u00f3n son Las estrellas del Estuario (2009, 60 min.), que se present\u00f3 en Estados Unidos por el Kids First Film Festival y por 15 ciudades de Am\u00e9rica Latina a trav\u00e9s de Divercine.\u00a0En 2005 dirigi\u00f3 una pel\u00edcula para televisi\u00f3n Una Historia Com\u00fan (90 min.) y El beso que me diste, 2000 (90 min) distribuida por Vanguard. Es co-productora de la pel\u00edcula Miente; y es productora ejecutiva de Manuela &amp; Manuel, distribuida por Latido y Regent.<\/p>\n<p>Sus documentales en los temas que m\u00e1s le apasionan como g\u00e9nero, migraci\u00f3n arte y cultura. En 2008 estren\u00f3 su documental Peque\u00f1os emigrantes (60 min). Distribuido por Third World Newsreel que tambi\u00e9n distribuye Carnavales del Caribe, 2004. Otros documentales son Puertorrique\u00f1os y Mexicanos en Nueva York, 2012 (24 min). De bandas, vidas y otros sones, Ariel al mejor documental en M\u00e9xico 1985.<\/p>\n<p>Fritz fue reconocida como \u201cLatina destacada\u201d por la revista Latino Leaders. Ha sido Jurado en diversos festivales en Puerto Rico, Rep\u00fablica Dominicana\u00a0y M\u00e9xico.\u00a0Fue seleccionada como Artista residente por ARC-NALIP 2014 para trabajar el gui\u00f3n del documental Mariachis con pantalones. Ha sido seleccionada por el Faculty Resource Network, NYU, para su programa de Verano en Residencia.\u00a0Su gui\u00f3n El secreto mundo de Marina fue seleccionado para el Laboratorio de gui\u00f3n organizado por la reconocida productora Bertha Navarro en Oaxaca, M\u00e9xico, Feb. 2013.<\/p>\n","protected":false},"excerpt":{"rendered":"<p>Ha dirigido cinco pel\u00edculas de ficci\u00f3n y varios documentales en Puerto Rico, M\u00e9xico y Estados Unidos.\u00a015 Faros en Puerto Rico es su m\u00e1s reciente documental, estrenado en agosto de 2015. Mariachis con pantalones es su documental actualmente en producci\u00f3n. La serie de PBS Latin Americans, que ella co-dirigi\u00f3 (Cap. 1 &#8230;<\/p>\n","protected":false},"author":3,"featured_media":0,"parent":256,"menu_order":0,"comment_status":"closed","ping_status":"closed","template":"","meta":{"footnotes":""},"class_list":["post-625","page","type-page","status-publish","hentry","column","twocol"],"_links":{"self":[{"href":"https:\/\/humanidades.uprrp.edu\/magac\/index.php?rest_route=\/wp\/v2\/pages\/625","targetHints":{"allow":["GET"]}}],"collection":[{"href":"https:\/\/humanidades.uprrp.edu\/magac\/index.php?rest_route=\/wp\/v2\/pages"}],"about":[{"href":"https:\/\/humanidades.uprrp.edu\/magac\/index.php?rest_route=\/wp\/v2\/types\/page"}],"author":[{"embeddable":true,"href":"https:\/\/humanidades.uprrp.edu\/magac\/index.php?rest_route=\/wp\/v2\/users\/3"}],"replies":[{"embeddable":true,"href":"https:\/\/humanidades.uprrp.edu\/magac\/index.php?rest_route=%2Fwp%2Fv2%2Fcomments&post=625"}],"version-history":[{"count":1,"href":"https:\/\/humanidades.uprrp.edu\/magac\/index.php?rest_route=\/wp\/v2\/pages\/625\/revisions"}],"predecessor-version":[{"id":626,"href":"https:\/\/humanidades.uprrp.edu\/magac\/index.php?rest_route=\/wp\/v2\/pages\/625\/revisions\/626"}],"up":[{"embeddable":true,"href":"https:\/\/humanidades.uprrp.edu\/magac\/index.php?rest_route=\/wp\/v2\/pages\/256"}],"wp:attachment":[{"href":"https:\/\/humanidades.uprrp.edu\/magac\/index.php?rest_route=%2Fwp%2Fv2%2Fmedia&parent=625"}],"curies":[{"name":"wp","href":"https:\/\/api.w.org\/{rel}","templated":true}]}}