{"id":622,"date":"2015-10-27T09:45:43","date_gmt":"2015-10-27T13:45:43","guid":{"rendered":"https:\/\/humanidades.uprrp.edu\/magac\/?page_id=622"},"modified":"2015-10-27T09:46:32","modified_gmt":"2015-10-27T13:46:32","slug":"javier-j-hernandez-acosta","status":"publish","type":"page","link":"https:\/\/humanidades.uprrp.edu\/magac\/?page_id=622","title":{"rendered":"Javier J. Hern\u00e1ndez Acosta"},"content":{"rendered":"<p>MBA es profesor de mercadeo en la Universidad del Sagrado Coraz\u00f3n. Es m\u00fasico y fundador de Inversi\u00f3n Cultural, proyecto que fomenta el desarrollo de empresas culturales y creativas en Puerto Rico. Ha publicado en varios libros y revistas acad\u00e9micas sobre el tema de emprendimiento cultural, pol\u00edticas culturales y econom\u00eda creativa. Ha sido asesor en temas de pol\u00edtica cultural y es autor del Perfil de la econom\u00eda creativa en Puerto Rico. Ha presentado en conferencias sobre el tema de industrias culturales y creativas en Brasil, Colombia, Cuba, Estados Unidos, Canad\u00e1, Holanda, Francia, B\u00e9lgica y Jap\u00f3n. En la Maestr\u00eda de Gesti\u00f3n y Administraci\u00f3n Cultural (MAGAC) ha ofrecido cursos de Modos de producci\u00f3n en el campo musical, Administraci\u00f3n estrat\u00e9gica para organizaciones culturales, Emprendimiento cultural y Econom\u00eda creativa.<\/p>\n","protected":false},"excerpt":{"rendered":"<p>MBA es profesor de mercadeo en la Universidad del Sagrado Coraz\u00f3n. Es m\u00fasico y fundador de Inversi\u00f3n Cultural, proyecto que fomenta el desarrollo de empresas culturales y creativas en Puerto Rico. Ha publicado en varios libros y revistas acad\u00e9micas sobre el tema de emprendimiento cultural, pol\u00edticas culturales y econom\u00eda creativa. &#8230;<\/p>\n","protected":false},"author":3,"featured_media":0,"parent":256,"menu_order":0,"comment_status":"closed","ping_status":"closed","template":"","meta":{"footnotes":""},"class_list":["post-622","page","type-page","status-publish","hentry","column","twocol"],"_links":{"self":[{"href":"https:\/\/humanidades.uprrp.edu\/magac\/index.php?rest_route=\/wp\/v2\/pages\/622","targetHints":{"allow":["GET"]}}],"collection":[{"href":"https:\/\/humanidades.uprrp.edu\/magac\/index.php?rest_route=\/wp\/v2\/pages"}],"about":[{"href":"https:\/\/humanidades.uprrp.edu\/magac\/index.php?rest_route=\/wp\/v2\/types\/page"}],"author":[{"embeddable":true,"href":"https:\/\/humanidades.uprrp.edu\/magac\/index.php?rest_route=\/wp\/v2\/users\/3"}],"replies":[{"embeddable":true,"href":"https:\/\/humanidades.uprrp.edu\/magac\/index.php?rest_route=%2Fwp%2Fv2%2Fcomments&post=622"}],"version-history":[{"count":1,"href":"https:\/\/humanidades.uprrp.edu\/magac\/index.php?rest_route=\/wp\/v2\/pages\/622\/revisions"}],"predecessor-version":[{"id":623,"href":"https:\/\/humanidades.uprrp.edu\/magac\/index.php?rest_route=\/wp\/v2\/pages\/622\/revisions\/623"}],"up":[{"embeddable":true,"href":"https:\/\/humanidades.uprrp.edu\/magac\/index.php?rest_route=\/wp\/v2\/pages\/256"}],"wp:attachment":[{"href":"https:\/\/humanidades.uprrp.edu\/magac\/index.php?rest_route=%2Fwp%2Fv2%2Fmedia&parent=622"}],"curies":[{"name":"wp","href":"https:\/\/api.w.org\/{rel}","templated":true}]}}