{"id":609,"date":"2015-10-27T09:36:48","date_gmt":"2015-10-27T13:36:48","guid":{"rendered":"https:\/\/humanidades.uprrp.edu\/magac\/?page_id=609"},"modified":"2023-02-21T14:50:15","modified_gmt":"2023-02-21T18:50:15","slug":"pedro-reina-perez","status":"publish","type":"page","link":"https:\/\/humanidades.uprrp.edu\/magac\/?page_id=609","title":{"rendered":"Pedro Reina P\u00e9rez"},"content":{"rendered":"<p>Es\u00a0director del Programa de Estudios Interdisciplinarios (PREI) y profesor de la Maestr\u00eda en gesti\u00f3n y administraci\u00f3n cultural (MAGAC) de la Facultad de Humanidades, con rango de Catedr\u00e1tico. Es tambi\u00e9n director del\u00a0<em>Harvard Puerto Rico Winter Institute<\/em><em>\u00a0<\/em>(2017-2022), programa colaborativo con el\u00a0<em>David Rockefeller Center for Latin American Studies<\/em>\u00a0de la Universidad de Harvard. Como historiador Reina se especializa en la historia contempor\u00e1nea del Caribe hispano, con particular \u00e9nfasis en el estudio de las instituciones p\u00fablicas de cultura. Sus l\u00edneas de investigaci\u00f3n incluyen el estudio del empresarismo, el an\u00e1lisis de pol\u00edticas p\u00fablicas y la innovaci\u00f3n social con artes y humanidades.<\/p>\n<p>Ha sido autor y\/o editor de doce libros, entre los que se destacan\u00a0<strong>La semilla que sembramos: Autobiografia del proyecto nacional<\/strong>\u00a0(2003);\u00a0<strong>Cavilando el fin del mundo: Luis Mu\u00f1oz Mar\u00edn y las Conferencias Godkin 1959<\/strong>\u00a0(2005);\u00a0<strong>Cr\u00f3nica en tres tiempos: La Orquesta Sinf\u00f3nica de Puerto Rico, 1958-2008<\/strong>\u00a0(2008); <strong>Gabriel B\u00e9rriz: Poeta del paisaje <\/strong>(2014); y Ciencia con Humanidad: Entrevistas a la comunidad cient\u00edfica durante la pandemia (2022).<\/p>\n<p>Como gestor cultural y consultor Reina posee amplia experiencia en el desarrollo de programas y en la evaluaci\u00f3n de proyectos. Trabaj\u00f3 para la Fundaci\u00f3n Puertorrique\u00f1a de las Humanidades (1993-1997), el\u00a0<em>National Endowment for the Humanities<\/em><em>\u00a0<\/em>(1995) y la Fundaci\u00f3n del Banco Popular (1998-2013), entre otros. Form\u00f3 parte del Consejo General de la Editorial de la UPR (2003-2010), de la Junta de Revistas del Instituto de Cultura Puertorrique\u00f1a (2002-2008), de la Junta de S\u00edndicos del Museo de las Am\u00e9ricas (2008-2016) y del comit\u00e9 editorial de la Revista Secuencia: Revista de Historia y Ciencias Sociales, del Instituto de Investigaciones Dr. Jos\u00e9 Mar\u00eda Luis Mora (Ciudad de M\u00e9xico). \u00a0Para televisi\u00f3n fue investigador y coguionista de los documentales\u00a0<strong>Si me da el tiempo<\/strong>\u00a0(WIPR-TV, 2005), y\u00a0<strong>Pal\u00e9s y la rumba de esquina<\/strong>\u00a0(Banco Popular, 2009). Adem\u00e1s, fue asesor hist\u00f3rico del documental\u00a0<strong>Pau Casals: La m\u00fasica por la paz<\/strong>\u00a0(Televisi\u00f3n Espa\u00f1ola, 2012).<\/p>\n<p>Como periodista ha sido columnista desde 2003 del diario El Nuevo D\u00eda y ha publicado con regularidad en El Pa\u00eds (Espa\u00f1a),\u00a0<em>The New York Times en espa\u00f1ol, The Boston Globe<\/em><em>\u00a0<\/em>y<em>\u00a0<\/em><em>ReVista: Harvard Review of Latin America.<\/em><em>\u00a0<\/em>Ha sido reconocido dos veces con el Premio Nacional de Periodismo Bol\u00edvar Pag\u00e1n (Instituto de Literatura Puertorrique\u00f1a) en 2006 y 2015.<\/p>\n<p>Posee un doctorado en historia del Centro de Estudios Avanzados de Puerto Rico y el Caribe, y un bachillerato en Estudios Latinoamericanos de\u00a0<em>New York University<\/em>. Para muestra de su trabajo y proyectos puede acceder al sitio web\u00a0<a href=\"http:\/\/www.pedroreinaperez.com\">www.pedroreinaperez.com<\/a><\/p>\n","protected":false},"excerpt":{"rendered":"<p>Es\u00a0director del Programa de Estudios Interdisciplinarios (PREI) y profesor de la Maestr\u00eda en gesti\u00f3n y administraci\u00f3n cultural (MAGAC) de la Facultad de Humanidades, con rango de Catedr\u00e1tico. Es tambi\u00e9n director del\u00a0Harvard Puerto Rico Winter Institute\u00a0(2017-2022), programa colaborativo con el\u00a0David Rockefeller Center for Latin American Studies\u00a0de la Universidad de Harvard. Como &#8230;<\/p>\n","protected":false},"author":3,"featured_media":0,"parent":256,"menu_order":0,"comment_status":"closed","ping_status":"closed","template":"","meta":{"footnotes":""},"class_list":["post-609","page","type-page","status-publish","hentry","column","twocol"],"_links":{"self":[{"href":"https:\/\/humanidades.uprrp.edu\/magac\/index.php?rest_route=\/wp\/v2\/pages\/609","targetHints":{"allow":["GET"]}}],"collection":[{"href":"https:\/\/humanidades.uprrp.edu\/magac\/index.php?rest_route=\/wp\/v2\/pages"}],"about":[{"href":"https:\/\/humanidades.uprrp.edu\/magac\/index.php?rest_route=\/wp\/v2\/types\/page"}],"author":[{"embeddable":true,"href":"https:\/\/humanidades.uprrp.edu\/magac\/index.php?rest_route=\/wp\/v2\/users\/3"}],"replies":[{"embeddable":true,"href":"https:\/\/humanidades.uprrp.edu\/magac\/index.php?rest_route=%2Fwp%2Fv2%2Fcomments&post=609"}],"version-history":[{"count":8,"href":"https:\/\/humanidades.uprrp.edu\/magac\/index.php?rest_route=\/wp\/v2\/pages\/609\/revisions"}],"predecessor-version":[{"id":1759,"href":"https:\/\/humanidades.uprrp.edu\/magac\/index.php?rest_route=\/wp\/v2\/pages\/609\/revisions\/1759"}],"up":[{"embeddable":true,"href":"https:\/\/humanidades.uprrp.edu\/magac\/index.php?rest_route=\/wp\/v2\/pages\/256"}],"wp:attachment":[{"href":"https:\/\/humanidades.uprrp.edu\/magac\/index.php?rest_route=%2Fwp%2Fv2%2Fmedia&parent=609"}],"curies":[{"name":"wp","href":"https:\/\/api.w.org\/{rel}","templated":true}]}}