{"id":606,"date":"2015-10-27T09:34:51","date_gmt":"2015-10-27T13:34:51","guid":{"rendered":"https:\/\/humanidades.uprrp.edu\/magac\/?page_id=606"},"modified":"2023-02-21T14:46:17","modified_gmt":"2023-02-21T18:46:17","slug":"dorian-lugo-bertran","status":"publish","type":"page","link":"https:\/\/humanidades.uprrp.edu\/magac\/?page_id=606","title":{"rendered":"Dorian Lugo Bertr\u00e1n"},"content":{"rendered":"<p>Es Catedr\u00e1tico del Programa de Estudios Interdisciplinarios (PREI) de la Facultad de Humanidades de la Universidad de Puerto Rico, Recinto de R\u00edo Piedras (UPR-RP. Fue tambi\u00e9n Director interino del PREI (2017-2019) y Coordinador del programa de Maestr\u00eda en Gesti\u00f3n y Administraci\u00f3n Cultural (2014-16), posgrado que integra el PREI. Adem\u00e1s, se desempe\u00f1\u00f3 como profesor de plantilla de la Escuela de Comunicaci\u00f3n, UPR-RP (1997-2012). En colaboraci\u00f3n con la Dra. Mareia Quintero y estudiantado del posgrado, bajo su administraci\u00f3n se generan dos revisiones curriculares sustantivas para sendos programas del PREI, tanto del pregrado como de su posgrado, sumado a la reingenier\u00eda de sus p\u00e1ginas web respectivas, gesti\u00f3n de lista de egresadxs del PREI, celebraci\u00f3n de su cuadrig\u00e9simo aniversario de existencia, y la creaci\u00f3n de la sala Estebana Tollinchi en las instalaciones propias, profesor precursor de los Estudios Interdisciplinarios en el pa\u00eds. Crea tambi\u00e9n el \u00e1rea de \u00e9nfasis de la concentraci\u00f3n del PREI, Estudios de Cine y Audiovisual. Para la Vicepresidencia de Asuntos Acad\u00e9micos de Administraci\u00f3n Central, fungi\u00f3 en un pasado de Coordinador de Comit\u00e9 Sist\u00e9mico de Acreditaci\u00f3n y Mejoramiento Continuo de Programas de Comunicaci\u00f3n de la Universidad de Puerto Rico. Su desempe\u00f1o docente general incluye ocupar puesto de profesor afiliado del Programa de Mujer y G\u00e9nero (2012-15) y del Departamento de Bellas Artes (\u201ccolaborador permanente\u201d: 2014 al d\u00eda de hoy) de la UPR-RP. De la UPR-RP es adem\u00e1s su doctorado en Filosof\u00eda y Letras.<\/p>\n<p>La especialidad de Lugo Bertr\u00e1n se centra en teor\u00edas culturales en general y en estudios de roles de g\u00e9nero y cuir en particular. Sus objetos de estudio son el audiovisual de Latinoam\u00e9rica y la literatura tempranomoderna europea. Adem\u00e1s de cine, por audiovisual se entiende tambi\u00e9n videoarte y el audiovisual art\u00edstico o creativo en general. Gestiona, edita y cura la antolog\u00eda de producci\u00f3n cultural y libro de artista\/libro \u00e1lbum, Saqueos (2002) (concepto de dise\u00f1o de libro compartido con Gretchen Rivera Lebr\u00f3n), la cual le gana premio de \u201cMejor ensayo\u201d que otorga Pen (Poets, Essayists, Novelists) International, cap\u00edtulo de Puerto Rico. En tanto que libro de artista\/libro \u00e1lbum, se le selecciona para exposici\u00f3n en la Trienal Poligr\u00e1fica de San Juan (2005) y en la Universidad del Sagrado Coraz\u00f3n (2004: con curadur\u00eda de las conocidas artistas Myrna B\u00e1ez y Marilyn Torrech)<strong>.<\/strong> Una parte de la obra forma parte de la colecci\u00f3n permanente del Museo de Arte de Puerto Rico.<\/p>\n<p>Lugo Bertr\u00e1n ha publicado numerosos art\u00edculos en revistas especializadas, libros antol\u00f3gicos o actas arbitradas, entre ellos, en la antolog\u00eda <em>Latin American Studies: Critiques of Contemporary Cinema, Literatures, Politics and Revolution<\/em> de David Gallagher (ed.), editorial Academica Press (Washington, DC, EEUU, 2012), <em>Los escenarios postnacionales en el Nuevo Cine Latinoamericano<\/em> de M\u00f3nica Satarain y Christian Wehr (eds.), editorial AVM (M\u00fanich, Alemania, 2020) y <em>Poets, Philosophers, Lovers: On the Writings of Giannina Braschi<\/em>, de Frederick Luis Aldama y Tess O\u2019Dwyer (eds.), editorial University of Pittsburgh Press (2020); en las revistas <em>deSignis<\/em> [Barcelona, Espa\u00f1a], <em>e-misf\u00e9rica<\/em> [Estados Unidos], <em>Situarte<\/em> [Venezuela], <em>Revista Estudos Feministas<\/em> [Brasil], <em>Imagofagia<\/em> [Argentina], <em>L\u2019Atalante<\/em> [Espa\u00f1a], <em>Perspectivas<\/em> [Colombia], entre otras. Para <em>Imagofagia,<\/em> funge de editor de dossier y redactor de pr\u00f3logo en torno del tema cuir en el cine de Latinoam\u00e9rica y estudios de masculinidad y de lo masculino en el cine de la misma regi\u00f3n para sendas publicaciones de la revista\u00a0 (2012 y 2015, respectivamente).<\/p>\n<p>Entre otros consejos editoriales, forma parte del consejo editorial de la Latin American Gender and Sexuality series, Lexington Books (Inglaterra, desde junio del 2014) de la revista en papel <em>N\u00f3mada,<\/em> la revista digital <em>El Cuarto del Quenep\u00f3n<\/em> y fue editor asociado de la <em>Revista Ingenios<\/em> (UPR-RP, Puerto Rico). Ha publicado art\u00edculos period\u00edsticos en<em> Di\u00e1logo, Paliques, The San Juan Star, El Nuevo D\u00eda<\/em> y <em>Claridad,<\/em> entre otros. En la radio, ha sido invitado como entrevistado en varias ocasiones tanto en Puerto Rico como en Venezuela, am\u00e9n de que fue co-locutor de programa de entrevistas culturales titulado Radio Alicia en Puerto Rico. Ha contribuido en sobremanera con op\u00fasculos de cat\u00e1logo de exposici\u00f3n de diferentes artistas del patio, entre ellos en homenaje al artista Julio Rosado del Valle (P\u00fablica, julio de 2022). Ha sido entrevistado para programas de televisi\u00f3n como <em>Cultura Viva<\/em> y documental televisivo sobre el grafiti de Caridad Sorondo y la organizaci\u00f3n cultural Agua Sol y Sereno de Pedro Adorno, entre otros. Es el moderador del foro de \u201cSemana de Puerto Rico\u201d en Casa de Am\u00e9rica (2021, Espa\u00f1a).<\/p>\n<p>Se desenvolvi\u00f3 como Co-Director (\u201cCo-Chair\u201d) de la Secci\u00f3n de Estudios de Cine de LASA [Latin American Studies Association] (t\u00e9rminos 2009-2011 y 2011-2012) e integr\u00f3 el mismo consejo en otros puestos en a\u00f1os sucesivos (2012-2015). En un pasado, ocup\u00f3 puesto de Secretario ejecutivo en la Asociaci\u00f3n Puertorrique\u00f1a de Programas Acad\u00e9micos de Comunicaci\u00f3n (APPAC). Fue profesor invitado para ofrecer el m\u00f3dulo cuir en curso a distancia creado por la doctora Mareia Quintero, <em>Estudios culturales: perspectivas caribe\u00f1as y latinoamericanas, <\/em>CLACSO, 2015 y el m\u00f3dulo dedicado a la escritora Giannina Braschi en la Universidad de Udine (2021, Italia)<strong>.<\/strong>\u00a0 Ha sido evaluador de procedimientos arbitrados y a ciegas de las revistas <em>Sage<\/em> (Inglaterra), la <em>Revista Secuencias <\/em>(M\u00e9xico), <em>Latin American Research Review<\/em> (EEUU)<strong>,<\/strong> entre otras, y conferenciante invitado en las instituciones Amherst College en MA y State University of New York en Plattsburgh.<\/p>\n<p>Adem\u00e1s de dirigir numerosas tesinas y tesis de maestr\u00eda, funge de co-director por invitaci\u00f3n de dos tesis doctorales en la Universidad Polit\u00e9cnica de Valencia (Espa\u00f1a). Ha formado parte a su vez de consejos de asesor\u00eda para el Museo de Arte Contempor\u00e1neo en un pasado y al momento para el Museo de Arte de Ponce, adem\u00e1s de\u00a0 jurados de periodismo, artes pl\u00e1sticas, arquitectura (de fin de curso) y cine, entre ellos, para el Overseas Press Club, Universidad Polit\u00e9cnica de Puerto Rico, premio UBS del Museo de Arte de Puerto Rico, la Fundaci\u00f3n Comunitaria de Puerto Rico, Cinefiesta y el San Juan Cinemafest, as\u00ed como tambi\u00e9n conferenciante e integrante de jurado en el Festival de Cortometraje Manuel Trujillo Dur\u00e1n en Maracaibo (Venezuela). En un pasado, form\u00f3 parte por a\u00f1adidura de la Junta de Directores de la Escuela de Arte Pl\u00e1sticas y Dise\u00f1o de Puerto Rico. Para concluir, gana becas de investigaci\u00f3n por concurso de: a) iINAS de la UPR-RP (2014) y b) \u201cEtta Becker-Donner\u201d del Instituto Austriaco para Am\u00e9rica Latina de Viena, Austria (junio 2017).<\/p>\n","protected":false},"excerpt":{"rendered":"<p>Es Catedr\u00e1tico del Programa de Estudios Interdisciplinarios (PREI) de la Facultad de Humanidades de la Universidad de Puerto Rico, Recinto de R\u00edo Piedras (UPR-RP. Fue tambi\u00e9n Director interino del PREI (2017-2019) y Coordinador del programa de Maestr\u00eda en Gesti\u00f3n y Administraci\u00f3n Cultural (2014-16), posgrado que integra el PREI. Adem\u00e1s, se &#8230;<\/p>\n","protected":false},"author":3,"featured_media":0,"parent":256,"menu_order":0,"comment_status":"closed","ping_status":"closed","template":"","meta":{"footnotes":""},"class_list":["post-606","page","type-page","status-publish","hentry","column","twocol"],"_links":{"self":[{"href":"https:\/\/humanidades.uprrp.edu\/magac\/index.php?rest_route=\/wp\/v2\/pages\/606","targetHints":{"allow":["GET"]}}],"collection":[{"href":"https:\/\/humanidades.uprrp.edu\/magac\/index.php?rest_route=\/wp\/v2\/pages"}],"about":[{"href":"https:\/\/humanidades.uprrp.edu\/magac\/index.php?rest_route=\/wp\/v2\/types\/page"}],"author":[{"embeddable":true,"href":"https:\/\/humanidades.uprrp.edu\/magac\/index.php?rest_route=\/wp\/v2\/users\/3"}],"replies":[{"embeddable":true,"href":"https:\/\/humanidades.uprrp.edu\/magac\/index.php?rest_route=%2Fwp%2Fv2%2Fcomments&post=606"}],"version-history":[{"count":5,"href":"https:\/\/humanidades.uprrp.edu\/magac\/index.php?rest_route=\/wp\/v2\/pages\/606\/revisions"}],"predecessor-version":[{"id":1755,"href":"https:\/\/humanidades.uprrp.edu\/magac\/index.php?rest_route=\/wp\/v2\/pages\/606\/revisions\/1755"}],"up":[{"embeddable":true,"href":"https:\/\/humanidades.uprrp.edu\/magac\/index.php?rest_route=\/wp\/v2\/pages\/256"}],"wp:attachment":[{"href":"https:\/\/humanidades.uprrp.edu\/magac\/index.php?rest_route=%2Fwp%2Fv2%2Fmedia&parent=606"}],"curies":[{"name":"wp","href":"https:\/\/api.w.org\/{rel}","templated":true}]}}